{"id":12650,"date":"2025-12-18T13:11:30","date_gmt":"2025-12-18T12:11:30","guid":{"rendered":"https:\/\/phasak.com\/catalogo\/modulo-wifi-smart-card-ph-9105\/"},"modified":"2025-12-18T13:11:30","modified_gmt":"2025-12-18T12:11:30","slug":"modulo-wifi-smart-card-ph-9105","status":"publish","type":"product","link":"https:\/\/phasak.com\/pt-pt\/catalogo\/modulo-wifi-smart-card-ph-9105\/","title":{"rendered":"M\u00f3dulo WiFi Smart Card &#8211; PH 9105"},"content":{"rendered":"<p><strong>PH 9105 \u2013 Wi-Fi Smart Card<\/strong> permite integrar o UPS na rede sem fios para tarefas de <strong>supervis\u00e3o e gest\u00e3o remota<\/strong> (consoante o software\/firmware dispon\u00edvel). \u00c9 compat\u00edvel com as gamas <strong>Protekt Rack<\/strong>, <strong>Protekt Torre<\/strong>, <strong>Smart Pro<\/strong> e <strong>Basic Pro<\/strong>, oferecendo uma instala\u00e7\u00e3o r\u00e1pida e um formato compacto. <\/p>\n<h3>Caracter\u00edsticas sem fios<\/h3>\n<ul>\n<li><strong>Normas:<\/strong> IEEE 802.11 b\/g\/n<\/li>\n<li><strong>Seguran\u00e7a:<\/strong> WEP, WPA\/WPA2<\/li>\n<li><strong>Frequ\u00eancia:<\/strong> 2,4 GHz<\/li>\n<li><strong>Velocidade:<\/strong> at\u00e9 72 Mbps<\/li>\n<li><strong>Alcance t\u00edpico:<\/strong> at\u00e9 100 m (condi\u00e7\u00f5es ideais)<\/li>\n<\/ul>\n<h3>Compatibilidade<\/h3>\n<ul>\n<li>S\u00e9ries de UPS: <strong>Protekt Rack<\/strong>, <strong>Protekt Torre<\/strong>, <strong>Smart Pro<\/strong>, <strong>Basic Pro<\/strong><\/li>\n<\/ul>\n<h3>Dimens\u00f5es<\/h3>\n<ul>\n<li><strong>23 \u00d7 47 \u00d7 15 mm<\/strong><\/li>\n<\/ul>\n<p>Ideal para ativar a conectividade sem fios do UPS sem cablagem adicional e centralizar a monitoriza\u00e7\u00e3o em rede.<\/p>\n","protected":false},"excerpt":{"rendered":"<p><strong>PH 9105 \u2013 Wi-Fi Smart Card<\/strong> permite integrar o UPS na rede sem fios para tarefas de <strong>supervis\u00e3o e gest\u00e3o remota<\/strong> (consoante o software\/firmware dispon\u00edvel). \u00c9 compat\u00edvel com as gamas <strong>Protekt Rack<\/strong>, <strong>Protekt Torre<\/strong>, <strong>Smart Pro<\/strong> e <strong>Basic Pro<\/strong>, oferecendo uma instala\u00e7\u00e3o r\u00e1pida e um formato compacto. <\/p>\n<h3>Caracter\u00edsticas sem fios<\/h3>\n<ul>\n<li><strong>Normas:<\/strong> IEEE 802.11 b\/g\/n<\/li>\n<li><strong>Seguran\u00e7a:<\/strong> WEP, WPA\/WPA2<\/li>\n<li><strong>Frequ\u00eancia:<\/strong> 2,4 GHz<\/li>\n<li><strong>Velocidade:<\/strong> at\u00e9 72 Mbps<\/li>\n<li><strong>Alcance t\u00edpico:<\/strong> at\u00e9 100 m (condi\u00e7\u00f5es ideais)<\/li>\n<\/ul>\n<h3>Compatibilidade<\/h3>\n<ul>\n<li>S\u00e9ries de UPS: <strong>Protekt Rack<\/strong>, <strong>Protekt Torre<\/strong>, <strong>Smart Pro<\/strong>, <strong>Basic Pro<\/strong><\/li>\n<\/ul>\n<h3>Dimens\u00f5es<\/h3>\n<ul>\n<li><strong>23 \u00d7 47 \u00d7 15 mm<\/strong><\/li>\n<\/ul>\n<p>Ideal para ativar a conectividade sem fios do UPS sem cablagem adicional e centralizar a monitoriza\u00e7\u00e3o em rede.<\/p>\n","protected":false},"featured_media":10705,"template":"","meta":{"_eb_attr":"","_eb_data_table":"","_kad_post_transparent":"","_kad_post_title":"","_kad_post_layout":"","_kad_post_sidebar_id":"","_kad_post_content_style":"","_kad_post_vertical_padding":"","_kad_post_feature":"","_kad_post_feature_position":"","_kad_post_header":false,"_kad_post_footer":false,"_kad_post_classname":""},"product_brand":[],"product_cat":[1395],"product_tag":[],"class_list":{"0":"post-12650","1":"product","2":"type-product","3":"status-publish","4":"has-post-thumbnail","6":"product_cat-acessorios-ups","8":"first","9":"instock","10":"shipping-taxable","11":"product-type-simple","12":"entry","13":"content-bg","14":"loop-entry"},"_links":{"self":[{"href":"https:\/\/phasak.com\/pt-pt\/wp-json\/wp\/v2\/product\/12650","targetHints":{"allow":["GET"]}}],"collection":[{"href":"https:\/\/phasak.com\/pt-pt\/wp-json\/wp\/v2\/product"}],"about":[{"href":"https:\/\/phasak.com\/pt-pt\/wp-json\/wp\/v2\/types\/product"}],"wp:featuredmedia":[{"embeddable":true,"href":"https:\/\/phasak.com\/pt-pt\/wp-json\/wp\/v2\/media\/10705"}],"wp:attachment":[{"href":"https:\/\/phasak.com\/pt-pt\/wp-json\/wp\/v2\/media?parent=12650"}],"wp:term":[{"taxonomy":"product_brand","embeddable":true,"href":"https:\/\/phasak.com\/pt-pt\/wp-json\/wp\/v2\/product_brand?post=12650"},{"taxonomy":"product_cat","embeddable":true,"href":"https:\/\/phasak.com\/pt-pt\/wp-json\/wp\/v2\/product_cat?post=12650"},{"taxonomy":"product_tag","embeddable":true,"href":"https:\/\/phasak.com\/pt-pt\/wp-json\/wp\/v2\/product_tag?post=12650"}],"curies":[{"name":"wp","href":"https:\/\/api.w.org\/{rel}","templated":true}]}}