{"id":12639,"date":"2025-12-18T12:53:47","date_gmt":"2025-12-18T11:53:47","guid":{"rendered":"https:\/\/phasak.com\/catalogo\/bandeja-fixa-%c2%b7-1u-800-mm-pho-5280\/"},"modified":"2025-12-18T12:53:47","modified_gmt":"2025-12-18T11:53:47","slug":"bandeja-fixa-%c2%b7-1u-800-mm-pho-5280","status":"publish","type":"product","link":"https:\/\/phasak.com\/pt-pt\/catalogo\/bandeja-fixa-%c2%b7-1u-800-mm-pho-5280\/","title":{"rendered":"Bandeja fixa \u00b7 1U 800 mm &#8211; PHO 5280"},"content":{"rendered":"<p><strong>PHO 5280 \u2013 Bandeja fixa 1U perfurada para rack 19\u2033 (s\u00e9rie 800 mm)<\/strong>. Concebida para arm\u00e1rios <strong>PHASAK-PRO SERVER<\/strong> com profundidade de 800 mm, oferece uma plataforma s\u00f3lida para equipamentos n\u00e3o mont\u00e1veis em rack e perif\u00e9ricos. A <strong>superf\u00edcie perfurada<\/strong> favorece o fluxo de ar e ajuda a estabilizar a temperatura interior do arm\u00e1rio.  <\/p>\n<h3>Caracter\u00edsticas<\/h3>\n<ul>\n<li><strong>Formato:<\/strong> 1U \u00b7 rack padr\u00e3o 19\u2033.<\/li>\n<li><strong>Tipo:<\/strong> bandeja fixa (n\u00e3o extra\u00edvel).<\/li>\n<li><strong>Profundidade \u00fatil:<\/strong> 500 mm.<\/li>\n<li><strong>Ventila\u00e7\u00e3o:<\/strong> superf\u00edcie <strong>perfurada<\/strong> para melhor dissipa\u00e7\u00e3o t\u00e9rmica.<\/li>\n<li><strong>Instala\u00e7\u00e3o:<\/strong> montagem simples em montantes 19\u2033; <strong>inclui parafusos<\/strong>.<\/li>\n<li><strong>Cor:<\/strong> preto (acabamento profissional).<\/li>\n<\/ul>\n<h3>Compatibilidade<\/h3>\n<ul>\n<li>Arm\u00e1rios PHASAK-PRO SERVER de 800 mm: <strong>PHO 6822, PHO 6827, PHO 6832, PHO 6837, PHO 6842, PHO 8837, PHO 8842<\/strong>.<\/li>\n<\/ul>\n<p>Ideal para CPDs, salas t\u00e9cnicas e arm\u00e1rios de comunica\u00e7\u00f5es que requerem uma superf\u00edcie <strong>est\u00e1vel e ventilada<\/strong> para equipamentos auxiliares e acess\u00f3rios.<\/p>\n","protected":false},"excerpt":{"rendered":"<p>Bandeja 1U fixa para rack Phasak 800 preta<br \/>\nBandeja 1U fixa para rack Phasak 800 preta<br \/>\nBandeja fixa perfurada para Rack PHASAK-PRO SERVER de 800 mm<\/p>\n","protected":false},"featured_media":11041,"template":"","meta":{"_eb_attr":"","_eb_data_table":"","_kad_post_transparent":"","_kad_post_title":"","_kad_post_layout":"","_kad_post_sidebar_id":"","_kad_post_content_style":"","_kad_post_vertical_padding":"","_kad_post_feature":"","_kad_post_feature_position":"","_kad_post_header":false,"_kad_post_footer":false,"_kad_post_classname":""},"product_brand":[],"product_cat":[1561,1360,2640],"product_tag":[],"class_list":{"0":"post-12639","1":"product","2":"type-product","3":"status-publish","4":"has-post-thumbnail","6":"product_cat-acessorios","7":"product_cat-acessorios-19","8":"product_cat-bandejas-19","10":"first","11":"instock","12":"shipping-taxable","13":"product-type-simple","14":"entry","15":"content-bg","16":"loop-entry"},"_links":{"self":[{"href":"https:\/\/phasak.com\/pt-pt\/wp-json\/wp\/v2\/product\/12639","targetHints":{"allow":["GET"]}}],"collection":[{"href":"https:\/\/phasak.com\/pt-pt\/wp-json\/wp\/v2\/product"}],"about":[{"href":"https:\/\/phasak.com\/pt-pt\/wp-json\/wp\/v2\/types\/product"}],"wp:featuredmedia":[{"embeddable":true,"href":"https:\/\/phasak.com\/pt-pt\/wp-json\/wp\/v2\/media\/11041"}],"wp:attachment":[{"href":"https:\/\/phasak.com\/pt-pt\/wp-json\/wp\/v2\/media?parent=12639"}],"wp:term":[{"taxonomy":"product_brand","embeddable":true,"href":"https:\/\/phasak.com\/pt-pt\/wp-json\/wp\/v2\/product_brand?post=12639"},{"taxonomy":"product_cat","embeddable":true,"href":"https:\/\/phasak.com\/pt-pt\/wp-json\/wp\/v2\/product_cat?post=12639"},{"taxonomy":"product_tag","embeddable":true,"href":"https:\/\/phasak.com\/pt-pt\/wp-json\/wp\/v2\/product_tag?post=12639"}],"curies":[{"name":"wp","href":"https:\/\/api.w.org\/{rel}","templated":true}]}}