{"id":12274,"date":"2025-12-16T09:58:15","date_gmt":"2025-12-16T08:58:15","guid":{"rendered":"https:\/\/phasak.com\/catalogo\/painel-frontal-cego-19-2u-preto-pho-5002\/"},"modified":"2025-12-16T09:58:15","modified_gmt":"2025-12-16T08:58:15","slug":"painel-frontal-cego-19-2u-preto-pho-5002","status":"publish","type":"product","link":"https:\/\/phasak.com\/pt-pt\/catalogo\/painel-frontal-cego-19-2u-preto-pho-5002\/","title":{"rendered":"Painel frontal cego 19&#8243; 2U preto \u2013 PHO 5002"},"content":{"rendered":"<p>O <strong>Painel frontal cego 19\u201d 2U<\/strong> da PHASAK permite cobrir espa\u00e7os livres na frente do rack, otimizando a <strong>organiza\u00e7\u00e3o<\/strong> e a <strong>gest\u00e3o do ar<\/strong>. Compat\u00edvel com arm\u00e1rios padr\u00e3o de <strong>19\u201d<\/strong> (PHASAK-PRO \/ PHASAK-PRO SERVER), oferece um acabamento profissional e duradouro em preto. <\/p>\n<h3>Caracter\u00edsticas<\/h3>\n<ul>\n<li><strong>Compatibilidade:<\/strong> racks 19\u201d (PHASAK-PRO \/ PRO SERVER).<\/li>\n<li><strong>Formato:<\/strong> 2U (painel frontal cego).<\/li>\n<li><strong>Ordem e est\u00e9tica:<\/strong> oculta espa\u00e7os dispon\u00edveis.<\/li>\n<li><strong>Gest\u00e3o do ar:<\/strong> contribui para um fluxo de ar ideal.<\/li>\n<li><strong>Instala\u00e7\u00e3o:<\/strong> r\u00e1pida e simples.<\/li>\n<li><strong>Ambientes:<\/strong> CPDs, salas t\u00e9cnicas, comunica\u00e7\u00f5es e IT.<\/li>\n<\/ul>\n<p>&#8220;<\/p>\n","protected":false},"excerpt":{"rendered":"<p>Painel frontal cego 19&#8243; (2U) para racks PHASAK-PRO \/ PRO SERVER. Fecha espa\u00e7os, melhora a est\u00e9tica e ajuda na ventila\u00e7\u00e3o do arm\u00e1rio. Cor preta.  <\/p>\n","protected":false},"featured_media":7415,"template":"","meta":{"_eb_attr":"","_eb_data_table":"","_kad_post_transparent":"","_kad_post_title":"","_kad_post_layout":"","_kad_post_sidebar_id":"","_kad_post_content_style":"","_kad_post_vertical_padding":"","_kad_post_feature":"","_kad_post_feature_position":"","_kad_post_header":false,"_kad_post_footer":false,"_kad_post_classname":""},"product_brand":[],"product_cat":[1561,1360,2634],"product_tag":[],"class_list":{"0":"post-12274","1":"product","2":"type-product","3":"status-publish","4":"has-post-thumbnail","6":"product_cat-acessorios","7":"product_cat-acessorios-19","8":"product_cat-painel-cego","10":"first","11":"instock","12":"shipping-taxable","13":"product-type-simple","14":"entry","15":"content-bg","16":"loop-entry"},"_links":{"self":[{"href":"https:\/\/phasak.com\/pt-pt\/wp-json\/wp\/v2\/product\/12274","targetHints":{"allow":["GET"]}}],"collection":[{"href":"https:\/\/phasak.com\/pt-pt\/wp-json\/wp\/v2\/product"}],"about":[{"href":"https:\/\/phasak.com\/pt-pt\/wp-json\/wp\/v2\/types\/product"}],"wp:featuredmedia":[{"embeddable":true,"href":"https:\/\/phasak.com\/pt-pt\/wp-json\/wp\/v2\/media\/7415"}],"wp:attachment":[{"href":"https:\/\/phasak.com\/pt-pt\/wp-json\/wp\/v2\/media?parent=12274"}],"wp:term":[{"taxonomy":"product_brand","embeddable":true,"href":"https:\/\/phasak.com\/pt-pt\/wp-json\/wp\/v2\/product_brand?post=12274"},{"taxonomy":"product_cat","embeddable":true,"href":"https:\/\/phasak.com\/pt-pt\/wp-json\/wp\/v2\/product_cat?post=12274"},{"taxonomy":"product_tag","embeddable":true,"href":"https:\/\/phasak.com\/pt-pt\/wp-json\/wp\/v2\/product_tag?post=12274"}],"curies":[{"name":"wp","href":"https:\/\/api.w.org\/{rel}","templated":true}]}}