{"id":12272,"date":"2025-12-18T12:29:00","date_gmt":"2025-12-18T11:29:00","guid":{"rendered":"https:\/\/phasak.com\/catalogo\/modulo-de-ventilacao-4-x-120-mm-pho-5644\/"},"modified":"2025-12-18T12:29:00","modified_gmt":"2025-12-18T11:29:00","slug":"modulo-de-ventilacao-4-x-120-mm-pho-5644","status":"publish","type":"product","link":"https:\/\/phasak.com\/pt-pt\/catalogo\/modulo-de-ventilacao-4-x-120-mm-pho-5644\/","title":{"rendered":"M\u00f3dulo de ventila\u00e7\u00e3o 4 x 120 mm &#8211; PHO 5644"},"content":{"rendered":"<p>M\u00f3dulo de ventila\u00e7\u00e3o 1U para racks PHASAK-PRO \/ PHASAK-PRO SERVER com 4\u00d7 ventiladores de 120 mm. Melhora o fluxo de ar e o desempenho t\u00e9rmico do arm\u00e1rio. Parafusos inclu\u00eddos. Cor preta.   <\/p>\n","protected":false},"excerpt":{"rendered":"<p>M\u00f3dulo de ventila\u00e7\u00e3o 1U para racks PHASAK-PRO \/ PHASAK-PRO SERVER com 4\u00d7 ventiladores de 120 mm. Melhora o fluxo de ar e o desempenho t\u00e9rmico do arm\u00e1rio. Parafusos inclu\u00eddos. Cor preta.   <\/p>\n","protected":false},"featured_media":11072,"template":"","meta":{"_eb_attr":"","_eb_data_table":"","_kad_post_transparent":"","_kad_post_title":"","_kad_post_layout":"","_kad_post_sidebar_id":"","_kad_post_content_style":"","_kad_post_vertical_padding":"","_kad_post_feature":"","_kad_post_feature_position":"","_kad_post_header":false,"_kad_post_footer":false,"_kad_post_classname":""},"product_brand":[],"product_cat":[1561,1360],"product_tag":[],"class_list":{"0":"post-12272","1":"product","2":"type-product","3":"status-publish","4":"has-post-thumbnail","6":"product_cat-acessorios","7":"product_cat-acessorios-19","9":"first","10":"instock","11":"shipping-taxable","12":"product-type-simple","13":"entry","14":"content-bg","15":"loop-entry"},"_links":{"self":[{"href":"https:\/\/phasak.com\/pt-pt\/wp-json\/wp\/v2\/product\/12272","targetHints":{"allow":["GET"]}}],"collection":[{"href":"https:\/\/phasak.com\/pt-pt\/wp-json\/wp\/v2\/product"}],"about":[{"href":"https:\/\/phasak.com\/pt-pt\/wp-json\/wp\/v2\/types\/product"}],"wp:featuredmedia":[{"embeddable":true,"href":"https:\/\/phasak.com\/pt-pt\/wp-json\/wp\/v2\/media\/11072"}],"wp:attachment":[{"href":"https:\/\/phasak.com\/pt-pt\/wp-json\/wp\/v2\/media?parent=12272"}],"wp:term":[{"taxonomy":"product_brand","embeddable":true,"href":"https:\/\/phasak.com\/pt-pt\/wp-json\/wp\/v2\/product_brand?post=12272"},{"taxonomy":"product_cat","embeddable":true,"href":"https:\/\/phasak.com\/pt-pt\/wp-json\/wp\/v2\/product_cat?post=12272"},{"taxonomy":"product_tag","embeddable":true,"href":"https:\/\/phasak.com\/pt-pt\/wp-json\/wp\/v2\/product_tag?post=12272"}],"curies":[{"name":"wp","href":"https:\/\/api.w.org\/{rel}","templated":true}]}}