{"id":12250,"date":"2025-12-16T09:58:14","date_gmt":"2025-12-16T08:58:14","guid":{"rendered":"https:\/\/phasak.com\/catalogo\/painel-de-patch-rj45-cat-6-ftp-dual-24-portas-1u-rack-19-pu-2956\/"},"modified":"2025-12-16T09:58:14","modified_gmt":"2025-12-16T08:58:14","slug":"painel-de-patch-rj45-cat-6-ftp-dual-24-portas-1u-rack-19-pu-2956","status":"publish","type":"product","link":"https:\/\/phasak.com\/pt-pt\/catalogo\/painel-de-patch-rj45-cat-6-ftp-dual-24-portas-1u-rack-19-pu-2956\/","title":{"rendered":"Painel de Patch RJ45 Cat.6 FTP Dual 24 portas 1U Rack 19&#8243; &#8211; PU 2956"},"content":{"rendered":"<p>Painel de patch 19&#8243; 1U Cat.6 FTP com 24 portas RJ45. Design plano, r\u00e9guas IDC compat\u00edveis com LSA\/B110, blindagens e parafusos de fixa\u00e7\u00e3o inclu\u00eddos. Cor preta.   <\/p>\n","protected":false},"excerpt":{"rendered":"<p><strong>PHASAK PU 2956 \u2014 Painel de patch 19\u201d Cat.6 FTP, 24 portas (1U) <\/strong>. Solu\u00e7\u00e3o profissional para a organiza\u00e7\u00e3o de cablagem estruturada em racks de 19\u201d. Incorpora 24 conectores RJ45 blindados (FTP) categoria 6 em design plano, com termina\u00e7\u00e3o traseira em r\u00e9guas IDC compat\u00edveis com ferramentas tipo <strong>LSA<\/strong> e <strong>B110<\/strong>. Inclui parafusos de fixa\u00e7\u00e3o de 19\u201d.  <\/p>\n","protected":false},"featured_media":10631,"template":"","meta":{"_eb_attr":"","_eb_data_table":"","_kad_post_transparent":"","_kad_post_title":"","_kad_post_layout":"","_kad_post_sidebar_id":"","_kad_post_content_style":"","_kad_post_vertical_padding":"","_kad_post_feature":"","_kad_post_feature_position":"","_kad_post_header":false,"_kad_post_footer":false,"_kad_post_classname":""},"product_brand":[],"product_cat":[1561,1360,1615],"product_tag":[],"class_list":{"0":"post-12250","1":"product","2":"type-product","3":"status-publish","4":"has-post-thumbnail","6":"product_cat-acessorios","7":"product_cat-acessorios-19","8":"product_cat-paineis-19","10":"first","11":"instock","12":"shipping-taxable","13":"product-type-simple","14":"entry","15":"content-bg","16":"loop-entry"},"_links":{"self":[{"href":"https:\/\/phasak.com\/pt-pt\/wp-json\/wp\/v2\/product\/12250","targetHints":{"allow":["GET"]}}],"collection":[{"href":"https:\/\/phasak.com\/pt-pt\/wp-json\/wp\/v2\/product"}],"about":[{"href":"https:\/\/phasak.com\/pt-pt\/wp-json\/wp\/v2\/types\/product"}],"wp:featuredmedia":[{"embeddable":true,"href":"https:\/\/phasak.com\/pt-pt\/wp-json\/wp\/v2\/media\/10631"}],"wp:attachment":[{"href":"https:\/\/phasak.com\/pt-pt\/wp-json\/wp\/v2\/media?parent=12250"}],"wp:term":[{"taxonomy":"product_brand","embeddable":true,"href":"https:\/\/phasak.com\/pt-pt\/wp-json\/wp\/v2\/product_brand?post=12250"},{"taxonomy":"product_cat","embeddable":true,"href":"https:\/\/phasak.com\/pt-pt\/wp-json\/wp\/v2\/product_cat?post=12250"},{"taxonomy":"product_tag","embeddable":true,"href":"https:\/\/phasak.com\/pt-pt\/wp-json\/wp\/v2\/product_tag?post=12250"}],"curies":[{"name":"wp","href":"https:\/\/api.w.org\/{rel}","templated":true}]}}