{"id":12241,"date":"2025-11-27T12:30:36","date_gmt":"2025-11-27T11:30:36","guid":{"rendered":"https:\/\/phasak.com\/catalogo\/pasta-termica-phasak-dta-025-branca-%c2%b7-25-g-%e2%89%a50925-w-m%c2%b7k\/"},"modified":"2025-11-27T12:30:36","modified_gmt":"2025-11-27T11:30:36","slug":"pasta-termica-phasak-dta-025-branca-%c2%b7-25-g-%e2%89%a50925-w-m%c2%b7k","status":"publish","type":"product","link":"https:\/\/phasak.com\/pt-pt\/catalogo\/pasta-termica-phasak-dta-025-branca-%c2%b7-25-g-%e2%89%a50925-w-m%c2%b7k\/","title":{"rendered":"Pasta t\u00e9rmica PHASAK DTA 025 (Branca \u00b7 25 g) \u2013 \u22650,925 W\/m\u00b7K"},"content":{"rendered":"<p><strong>PHASAK DTA 025<\/strong> em formato de <strong>25 g<\/strong> foi concebida para uso frequente em ambientes t\u00e9cnicos, mantendo um desempenho t\u00e9rmico constante.<\/p>\n<ul>\n<li>Condutividade: \u22650,925 W\/m\u00b7K \u00b7 Imped\u00e2ncia: \u22640,229 \u00b0C\/W.<\/li>\n<li>Facilita a instala\u00e7\u00e3o repetida em m\u00faltiplos equipamentos.<\/li>\n<\/ul>\n","protected":false},"excerpt":{"rendered":"<p>Massa t\u00e9rmica 25 g com \u22650,925 W\/m\u00b7K e \u22640,229 \u00b0C\/W. Formato profissional para oficinas e servi\u00e7os de suporte. <\/p>\n","protected":false},"featured_media":10504,"template":"","meta":{"_eb_attr":"","_eb_data_table":"","_kad_post_transparent":"","_kad_post_title":"","_kad_post_layout":"","_kad_post_sidebar_id":"","_kad_post_content_style":"","_kad_post_vertical_padding":"","_kad_post_feature":"","_kad_post_feature_position":"","_kad_post_header":false,"_kad_post_footer":false,"_kad_post_classname":""},"product_brand":[],"product_cat":[2577],"product_tag":[],"class_list":{"0":"post-12241","1":"product","2":"type-product","3":"status-publish","4":"has-post-thumbnail","6":"product_cat-pasta-termica","8":"first","9":"instock","10":"shipping-taxable","11":"product-type-simple","12":"entry","13":"content-bg","14":"loop-entry"},"_links":{"self":[{"href":"https:\/\/phasak.com\/pt-pt\/wp-json\/wp\/v2\/product\/12241","targetHints":{"allow":["GET"]}}],"collection":[{"href":"https:\/\/phasak.com\/pt-pt\/wp-json\/wp\/v2\/product"}],"about":[{"href":"https:\/\/phasak.com\/pt-pt\/wp-json\/wp\/v2\/types\/product"}],"wp:featuredmedia":[{"embeddable":true,"href":"https:\/\/phasak.com\/pt-pt\/wp-json\/wp\/v2\/media\/10504"}],"wp:attachment":[{"href":"https:\/\/phasak.com\/pt-pt\/wp-json\/wp\/v2\/media?parent=12241"}],"wp:term":[{"taxonomy":"product_brand","embeddable":true,"href":"https:\/\/phasak.com\/pt-pt\/wp-json\/wp\/v2\/product_brand?post=12241"},{"taxonomy":"product_cat","embeddable":true,"href":"https:\/\/phasak.com\/pt-pt\/wp-json\/wp\/v2\/product_cat?post=12241"},{"taxonomy":"product_tag","embeddable":true,"href":"https:\/\/phasak.com\/pt-pt\/wp-json\/wp\/v2\/product_tag?post=12241"}],"curies":[{"name":"wp","href":"https:\/\/api.w.org\/{rel}","templated":true}]}}