{"id":12237,"date":"2025-11-27T12:30:36","date_gmt":"2025-11-27T11:30:36","guid":{"rendered":"https:\/\/phasak.com\/catalogo\/pasta-termica-phasak-dta-050-branca-%c2%b7-50-g-%e2%89%a50925-w-m%c2%b7k\/"},"modified":"2025-11-27T12:30:36","modified_gmt":"2025-11-27T11:30:36","slug":"pasta-termica-phasak-dta-050-branca-%c2%b7-50-g-%e2%89%a50925-w-m%c2%b7k","status":"publish","type":"product","link":"https:\/\/phasak.com\/pt-pt\/catalogo\/pasta-termica-phasak-dta-050-branca-%c2%b7-50-g-%e2%89%a50925-w-m%c2%b7k\/","title":{"rendered":"Pasta t\u00e9rmica PHASAK DTA 050 (Branca \u00b7 50 g) \u2013 \u22650,925 W\/m\u00b7K"},"content":{"rendered":"<p><strong>PHASAK DTA 050<\/strong> oferece <strong>50 g<\/strong> de pasta t\u00e9rmica para uma utiliza\u00e7\u00e3o cont\u00ednua em oficinas e centros de assist\u00eancia, mantendo uma condutividade de <strong>\u22650,925 W\/m\u00b7K<\/strong> e uma imped\u00e2ncia de <strong>\u22640,229 \u00b0C\/W<\/strong>.<\/p>\n<ul>\n<li>Formato XL em frasco: f\u00e1cil acesso e dosagem controlada.<\/li>\n<li>Utiliza\u00e7\u00e3o: CPU, GPU, chipsets e componentes de pot\u00eancia.<\/li>\n<\/ul>\n","protected":false},"excerpt":{"rendered":"<p>Frasco de 50 g de pasta t\u00e9rmica branca com \u22650,925 W\/m\u00b7K e \u22640,229 \u00b0C\/W. Alta rela\u00e7\u00e3o quantidade\/pre\u00e7o para laborat\u00f3rios e manuten\u00e7\u00e3o intensiva. <\/p>\n","protected":false},"featured_media":10505,"template":"","meta":{"_eb_attr":"","_eb_data_table":"","_kad_post_transparent":"","_kad_post_title":"","_kad_post_layout":"","_kad_post_sidebar_id":"","_kad_post_content_style":"","_kad_post_vertical_padding":"","_kad_post_feature":"","_kad_post_feature_position":"","_kad_post_header":false,"_kad_post_footer":false,"_kad_post_classname":""},"product_brand":[],"product_cat":[2577],"product_tag":[],"class_list":{"0":"post-12237","1":"product","2":"type-product","3":"status-publish","4":"has-post-thumbnail","6":"product_cat-pasta-termica","8":"first","9":"instock","10":"shipping-taxable","11":"product-type-simple","12":"entry","13":"content-bg","14":"loop-entry"},"_links":{"self":[{"href":"https:\/\/phasak.com\/pt-pt\/wp-json\/wp\/v2\/product\/12237","targetHints":{"allow":["GET"]}}],"collection":[{"href":"https:\/\/phasak.com\/pt-pt\/wp-json\/wp\/v2\/product"}],"about":[{"href":"https:\/\/phasak.com\/pt-pt\/wp-json\/wp\/v2\/types\/product"}],"wp:featuredmedia":[{"embeddable":true,"href":"https:\/\/phasak.com\/pt-pt\/wp-json\/wp\/v2\/media\/10505"}],"wp:attachment":[{"href":"https:\/\/phasak.com\/pt-pt\/wp-json\/wp\/v2\/media?parent=12237"}],"wp:term":[{"taxonomy":"product_brand","embeddable":true,"href":"https:\/\/phasak.com\/pt-pt\/wp-json\/wp\/v2\/product_brand?post=12237"},{"taxonomy":"product_cat","embeddable":true,"href":"https:\/\/phasak.com\/pt-pt\/wp-json\/wp\/v2\/product_cat?post=12237"},{"taxonomy":"product_tag","embeddable":true,"href":"https:\/\/phasak.com\/pt-pt\/wp-json\/wp\/v2\/product_tag?post=12237"}],"curies":[{"name":"wp","href":"https:\/\/api.w.org\/{rel}","templated":true}]}}