{"id":12226,"date":"2025-11-27T12:30:35","date_gmt":"2025-11-27T11:30:35","guid":{"rendered":"https:\/\/phasak.com\/catalogo\/pasta-termica-phasak-dta-035-branca-%c2%b7-5-g-%e2%89%a50925-w-m%c2%b7k\/"},"modified":"2025-11-27T12:30:35","modified_gmt":"2025-11-27T11:30:35","slug":"pasta-termica-phasak-dta-035-branca-%c2%b7-5-g-%e2%89%a50925-w-m%c2%b7k","status":"publish","type":"product","link":"https:\/\/phasak.com\/pt-pt\/catalogo\/pasta-termica-phasak-dta-035-branca-%c2%b7-5-g-%e2%89%a50925-w-m%c2%b7k\/","title":{"rendered":"Pasta t\u00e9rmica PHASAK DTA 035 (Branca \u00b7 5 g) \u2013 \u22650,925 W\/m\u00b7K"},"content":{"rendered":"<p><strong>PHASAK DTA 035<\/strong> oferece um equil\u00edbrio ideal entre quantidade e desempenho para oficinas ou utilizadores que realizam v\u00e1rias instala\u00e7\u00f5es.<\/p>\n<ul>\n<li>Condutividade: \u22650,925 W\/m\u00b7K \u00b7 Imped\u00e2ncia: \u22640,229 \u00b0C\/W.<\/li>\n<li>Seringa de 5 g para aplica\u00e7\u00f5es repetidas e controladas.<\/li>\n<\/ul>\n","protected":false},"excerpt":{"rendered":"<p>Massa t\u00e9rmica branca de 5 g com \u22650,925 W\/m\u00b7K e \u22640,229 \u00b0C\/W. Desempenho est\u00e1vel e quantidade para v\u00e1rias interven\u00e7\u00f5es. <\/p>\n","protected":false},"featured_media":10504,"template":"","meta":{"_eb_attr":"","_eb_data_table":"","_kad_post_transparent":"","_kad_post_title":"","_kad_post_layout":"","_kad_post_sidebar_id":"","_kad_post_content_style":"","_kad_post_vertical_padding":"","_kad_post_feature":"","_kad_post_feature_position":"","_kad_post_header":false,"_kad_post_footer":false,"_kad_post_classname":""},"product_brand":[],"product_cat":[2577],"product_tag":[],"class_list":{"0":"post-12226","1":"product","2":"type-product","3":"status-publish","4":"has-post-thumbnail","6":"product_cat-pasta-termica","8":"first","9":"instock","10":"shipping-taxable","11":"product-type-simple","12":"entry","13":"content-bg","14":"loop-entry"},"_links":{"self":[{"href":"https:\/\/phasak.com\/pt-pt\/wp-json\/wp\/v2\/product\/12226","targetHints":{"allow":["GET"]}}],"collection":[{"href":"https:\/\/phasak.com\/pt-pt\/wp-json\/wp\/v2\/product"}],"about":[{"href":"https:\/\/phasak.com\/pt-pt\/wp-json\/wp\/v2\/types\/product"}],"wp:featuredmedia":[{"embeddable":true,"href":"https:\/\/phasak.com\/pt-pt\/wp-json\/wp\/v2\/media\/10504"}],"wp:attachment":[{"href":"https:\/\/phasak.com\/pt-pt\/wp-json\/wp\/v2\/media?parent=12226"}],"wp:term":[{"taxonomy":"product_brand","embeddable":true,"href":"https:\/\/phasak.com\/pt-pt\/wp-json\/wp\/v2\/product_brand?post=12226"},{"taxonomy":"product_cat","embeddable":true,"href":"https:\/\/phasak.com\/pt-pt\/wp-json\/wp\/v2\/product_cat?post=12226"},{"taxonomy":"product_tag","embeddable":true,"href":"https:\/\/phasak.com\/pt-pt\/wp-json\/wp\/v2\/product_tag?post=12226"}],"curies":[{"name":"wp","href":"https:\/\/api.w.org\/{rel}","templated":true}]}}