{"id":12222,"date":"2025-11-27T12:30:35","date_gmt":"2025-11-27T11:30:35","guid":{"rendered":"https:\/\/phasak.com\/catalogo\/massa-termica-phasak-dta-038-branca-%c2%b7-8-g-%e2%89%a50925-w-m%c2%b7k\/"},"modified":"2025-11-27T12:30:35","modified_gmt":"2025-11-27T11:30:35","slug":"massa-termica-phasak-dta-038-branca-%c2%b7-8-g-%e2%89%a50925-w-m%c2%b7k","status":"publish","type":"product","link":"https:\/\/phasak.com\/pt-pt\/catalogo\/massa-termica-phasak-dta-038-branca-%c2%b7-8-g-%e2%89%a50925-w-m%c2%b7k\/","title":{"rendered":"Massa t\u00e9rmica PHASAK DTA 038 (Branca \u00b7 8 g) \u2013 \u22650,925 W\/m\u00b7K"},"content":{"rendered":"<p><strong>PHASAK DTA 038<\/strong> aumenta a capacidade para <strong>8 g<\/strong>, mantendo uma transfer\u00eancia t\u00e9rmica fi\u00e1vel para ambientes com v\u00e1rios sistemas a cargo.<\/p>\n<ul>\n<li>Aplica\u00e7\u00f5es: frotas de PCs, salas de aula, laborat\u00f3rios e servi\u00e7os t\u00e9cnicos.<\/li>\n<\/ul>\n","protected":false},"excerpt":{"rendered":"<p>Massa t\u00e9rmica 8 g com \u22650,925 W\/m\u00b7K e \u22640,229 \u00b0C\/W. Ideal para manuten\u00e7\u00e3o preventiva em v\u00e1rios equipamentos. <\/p>\n","protected":false},"featured_media":10504,"template":"","meta":{"_eb_attr":"","_eb_data_table":"","_kad_post_transparent":"","_kad_post_title":"","_kad_post_layout":"","_kad_post_sidebar_id":"","_kad_post_content_style":"","_kad_post_vertical_padding":"","_kad_post_feature":"","_kad_post_feature_position":"","_kad_post_header":false,"_kad_post_footer":false,"_kad_post_classname":""},"product_brand":[],"product_cat":[2577],"product_tag":[],"class_list":{"0":"post-12222","1":"product","2":"type-product","3":"status-publish","4":"has-post-thumbnail","6":"product_cat-pasta-termica","8":"first","9":"instock","10":"shipping-taxable","11":"product-type-simple","12":"entry","13":"content-bg","14":"loop-entry"},"_links":{"self":[{"href":"https:\/\/phasak.com\/pt-pt\/wp-json\/wp\/v2\/product\/12222","targetHints":{"allow":["GET"]}}],"collection":[{"href":"https:\/\/phasak.com\/pt-pt\/wp-json\/wp\/v2\/product"}],"about":[{"href":"https:\/\/phasak.com\/pt-pt\/wp-json\/wp\/v2\/types\/product"}],"wp:featuredmedia":[{"embeddable":true,"href":"https:\/\/phasak.com\/pt-pt\/wp-json\/wp\/v2\/media\/10504"}],"wp:attachment":[{"href":"https:\/\/phasak.com\/pt-pt\/wp-json\/wp\/v2\/media?parent=12222"}],"wp:term":[{"taxonomy":"product_brand","embeddable":true,"href":"https:\/\/phasak.com\/pt-pt\/wp-json\/wp\/v2\/product_brand?post=12222"},{"taxonomy":"product_cat","embeddable":true,"href":"https:\/\/phasak.com\/pt-pt\/wp-json\/wp\/v2\/product_cat?post=12222"},{"taxonomy":"product_tag","embeddable":true,"href":"https:\/\/phasak.com\/pt-pt\/wp-json\/wp\/v2\/product_tag?post=12222"}],"curies":[{"name":"wp","href":"https:\/\/api.w.org\/{rel}","templated":true}]}}