{"id":11578,"date":"2025-12-18T14:05:54","date_gmt":"2025-12-18T13:05:54","guid":{"rendered":"https:\/\/phasak.com\/catalogo\/caixa-de-superficie-1x-rj45-cat-6-utp-%c2%b7-branco-phk-1010\/"},"modified":"2025-12-18T14:05:54","modified_gmt":"2025-12-18T13:05:54","slug":"caixa-de-superficie-1x-rj45-cat-6-utp-%c2%b7-branco-phk-1010","status":"publish","type":"product","link":"https:\/\/phasak.com\/pt-pt\/catalogo\/caixa-de-superficie-1x-rj45-cat-6-utp-%c2%b7-branco-phk-1010\/","title":{"rendered":"Caixa de superf\u00edcie 1x RJ45 Cat.6 UTP \u00b7 Branco &#8211; PHK 1010"},"content":{"rendered":"<p>A <b>PHK 1010<\/b> \u00e9 uma caixa de superf\u00edcie com 1 porta RJ45 compat\u00edvel com conectores Keystone Cat.6 UTP. <\/p>\n<ul>\n<li><b>Portas:<\/b> 1x RJ45<\/li>\n<li><b>Compatibilidade:<\/b> Keystone standard<\/li>\n<li><b>Categoria:<\/b> Cat.6<\/li>\n<li><b>Cor:<\/b> Branco<\/li>\n<\/ul>\n<p>Concebida para instala\u00e7\u00f5es de rede em escrit\u00f3rios, ambientes comerciais ou dom\u00e9sticos.<\/p>\n","protected":false},"excerpt":{"rendered":"<p>Caixa de superf\u00edcie 1 porta RJ45 Cat.6 UTP em cor branco para instala\u00e7\u00f5es de rede. <\/p>\n","protected":false},"featured_media":11023,"template":"","meta":{"_eb_attr":"","_eb_data_table":"","_kad_post_transparent":"","_kad_post_title":"","_kad_post_layout":"","_kad_post_sidebar_id":"","_kad_post_content_style":"","_kad_post_vertical_padding":"","_kad_post_feature":"","_kad_post_feature_position":"","_kad_post_header":false,"_kad_post_footer":false,"_kad_post_classname":""},"product_brand":[],"product_cat":[1360,1368],"product_tag":[],"class_list":{"0":"post-11578","1":"product","2":"type-product","3":"status-publish","4":"has-post-thumbnail","6":"product_cat-acessorios-19","7":"product_cat-conectores-e-keystone","9":"first","10":"instock","11":"shipping-taxable","12":"product-type-simple","13":"entry","14":"content-bg","15":"loop-entry"},"_links":{"self":[{"href":"https:\/\/phasak.com\/pt-pt\/wp-json\/wp\/v2\/product\/11578","targetHints":{"allow":["GET"]}}],"collection":[{"href":"https:\/\/phasak.com\/pt-pt\/wp-json\/wp\/v2\/product"}],"about":[{"href":"https:\/\/phasak.com\/pt-pt\/wp-json\/wp\/v2\/types\/product"}],"wp:featuredmedia":[{"embeddable":true,"href":"https:\/\/phasak.com\/pt-pt\/wp-json\/wp\/v2\/media\/11023"}],"wp:attachment":[{"href":"https:\/\/phasak.com\/pt-pt\/wp-json\/wp\/v2\/media?parent=11578"}],"wp:term":[{"taxonomy":"product_brand","embeddable":true,"href":"https:\/\/phasak.com\/pt-pt\/wp-json\/wp\/v2\/product_brand?post=11578"},{"taxonomy":"product_cat","embeddable":true,"href":"https:\/\/phasak.com\/pt-pt\/wp-json\/wp\/v2\/product_cat?post=11578"},{"taxonomy":"product_tag","embeddable":true,"href":"https:\/\/phasak.com\/pt-pt\/wp-json\/wp\/v2\/product_tag?post=11578"}],"curies":[{"name":"wp","href":"https:\/\/api.w.org\/{rel}","templated":true}]}}