{"id":11573,"date":"2025-12-18T14:02:59","date_gmt":"2025-12-18T13:02:59","guid":{"rendered":"https:\/\/phasak.com\/catalogo\/conector-keystone-rj45-cat-6a-utp-%c2%b7-toolless-%c2%b7-90o-phk-2226\/"},"modified":"2025-12-18T14:02:59","modified_gmt":"2025-12-18T13:02:59","slug":"conector-keystone-rj45-cat-6a-utp-%c2%b7-toolless-%c2%b7-90o-phk-2226","status":"publish","type":"product","link":"https:\/\/phasak.com\/pt-pt\/catalogo\/conector-keystone-rj45-cat-6a-utp-%c2%b7-toolless-%c2%b7-90o-phk-2226\/","title":{"rendered":"Conector Keystone RJ45 Cat.6A UTP \u00b7 Toolless \u00b7 90\u00ba &#8211; PHK 2226"},"content":{"rendered":"<p>O <b>PHK 2226<\/b> \u00e9 um Keystone RJ45 Cat.6A UTP com sa\u00edda 90\u00ba e sistema Toolless, preparado para redes de alto desempenho.<\/p>\n<ul>\n<li><b>Categoria:<\/b> Cat.6A<\/li>\n<li><b>Tipo:<\/b> UTP<\/li>\n<li><b>Instala\u00e7\u00e3o:<\/b> Toolless<\/li>\n<li><b>Sa\u00edda:<\/b> 90\u00ba<\/li>\n<\/ul>\n<p>Adequado para infraestruturas de rede que requerem maior largura de banda e estabilidade.<\/p>\n","protected":false},"excerpt":{"rendered":"<p>Conector Keystone RJ45 Cat.6 UTP Toolless com sa\u00edda 180\u00ba para instala\u00e7\u00e3o r\u00e1pida sem ferramentas. <\/p>\n","protected":false},"featured_media":11018,"template":"","meta":{"_eb_attr":"","_eb_data_table":"","_kad_post_transparent":"","_kad_post_title":"","_kad_post_layout":"","_kad_post_sidebar_id":"","_kad_post_content_style":"","_kad_post_vertical_padding":"","_kad_post_feature":"","_kad_post_feature_position":"","_kad_post_header":false,"_kad_post_footer":false,"_kad_post_classname":""},"product_brand":[],"product_cat":[1360,1368],"product_tag":[],"class_list":{"0":"post-11573","1":"product","2":"type-product","3":"status-publish","4":"has-post-thumbnail","6":"product_cat-acessorios-19","7":"product_cat-conectores-e-keystone","9":"first","10":"instock","11":"shipping-taxable","12":"product-type-simple","13":"entry","14":"content-bg","15":"loop-entry"},"_links":{"self":[{"href":"https:\/\/phasak.com\/pt-pt\/wp-json\/wp\/v2\/product\/11573","targetHints":{"allow":["GET"]}}],"collection":[{"href":"https:\/\/phasak.com\/pt-pt\/wp-json\/wp\/v2\/product"}],"about":[{"href":"https:\/\/phasak.com\/pt-pt\/wp-json\/wp\/v2\/types\/product"}],"wp:featuredmedia":[{"embeddable":true,"href":"https:\/\/phasak.com\/pt-pt\/wp-json\/wp\/v2\/media\/11018"}],"wp:attachment":[{"href":"https:\/\/phasak.com\/pt-pt\/wp-json\/wp\/v2\/media?parent=11573"}],"wp:term":[{"taxonomy":"product_brand","embeddable":true,"href":"https:\/\/phasak.com\/pt-pt\/wp-json\/wp\/v2\/product_brand?post=11573"},{"taxonomy":"product_cat","embeddable":true,"href":"https:\/\/phasak.com\/pt-pt\/wp-json\/wp\/v2\/product_cat?post=11573"},{"taxonomy":"product_tag","embeddable":true,"href":"https:\/\/phasak.com\/pt-pt\/wp-json\/wp\/v2\/product_tag?post=11573"}],"curies":[{"name":"wp","href":"https:\/\/api.w.org\/{rel}","templated":true}]}}