{"id":11522,"date":"2024-02-22T10:35:55","date_gmt":"2024-02-22T09:35:55","guid":{"rendered":"https:\/\/phasak.com\/catalogo\/conector-rj45-cat-6-utp-%c2%b7-23awg-%c2%b7-solido-%c2%b7-pack-10-phk-45c6\/"},"modified":"2024-02-22T10:35:55","modified_gmt":"2024-02-22T09:35:55","slug":"conector-rj45-cat-6-utp-%c2%b7-23awg-%c2%b7-solido-%c2%b7-pack-10-phk-45c6","status":"publish","type":"product","link":"https:\/\/phasak.com\/pt-pt\/catalogo\/conector-rj45-cat-6-utp-%c2%b7-23awg-%c2%b7-solido-%c2%b7-pack-10-phk-45c6\/","title":{"rendered":"Conector RJ45 Cat.6 UTP \u00b7 23AWG \u00b7 S\u00f3lido \u00b7 Pack 10 &#8211; PHK 45C6"},"content":{"rendered":"<p>O <b>PHK 45C6<\/b> \u00e9 um conector RJ45 Cat.6 UTP concebido para cabo s\u00f3lido 23AWG. <\/p>\n<ul>\n<li><b>Categoria:<\/b> Cat.6<\/li>\n<li><b>Tipo:<\/b> UTP<\/li>\n<li><b>Calibre:<\/b> 23AWG<\/li>\n<li><b>Tipo de cabo:<\/b> S\u00f3lido<\/li>\n<li><b>Formato:<\/b> Pack de 10 unidades<\/li>\n<\/ul>\n<p>Ideal para termina\u00e7\u00f5es profissionais em instala\u00e7\u00f5es LAN.<\/p>\n","protected":false},"excerpt":{"rendered":"<p>Conector RJ45 Cat.6 UTP 23AWG s\u00f3lido em pack de 10 unidades. <\/p>\n","protected":false},"featured_media":11026,"template":"","meta":{"_eb_attr":"","_eb_data_table":"","_kad_post_transparent":"","_kad_post_title":"","_kad_post_layout":"","_kad_post_sidebar_id":"","_kad_post_content_style":"","_kad_post_vertical_padding":"","_kad_post_feature":"","_kad_post_feature_position":"","_kad_post_header":false,"_kad_post_footer":false,"_kad_post_classname":""},"product_brand":[],"product_cat":[1360,1368],"product_tag":[],"class_list":{"0":"post-11522","1":"product","2":"type-product","3":"status-publish","4":"has-post-thumbnail","6":"product_cat-acessorios-19","7":"product_cat-conectores-e-keystone","9":"first","10":"instock","11":"shipping-taxable","12":"product-type-simple","13":"entry","14":"content-bg","15":"loop-entry"},"_links":{"self":[{"href":"https:\/\/phasak.com\/pt-pt\/wp-json\/wp\/v2\/product\/11522","targetHints":{"allow":["GET"]}}],"collection":[{"href":"https:\/\/phasak.com\/pt-pt\/wp-json\/wp\/v2\/product"}],"about":[{"href":"https:\/\/phasak.com\/pt-pt\/wp-json\/wp\/v2\/types\/product"}],"wp:featuredmedia":[{"embeddable":true,"href":"https:\/\/phasak.com\/pt-pt\/wp-json\/wp\/v2\/media\/11026"}],"wp:attachment":[{"href":"https:\/\/phasak.com\/pt-pt\/wp-json\/wp\/v2\/media?parent=11522"}],"wp:term":[{"taxonomy":"product_brand","embeddable":true,"href":"https:\/\/phasak.com\/pt-pt\/wp-json\/wp\/v2\/product_brand?post=11522"},{"taxonomy":"product_cat","embeddable":true,"href":"https:\/\/phasak.com\/pt-pt\/wp-json\/wp\/v2\/product_cat?post=11522"},{"taxonomy":"product_tag","embeddable":true,"href":"https:\/\/phasak.com\/pt-pt\/wp-json\/wp\/v2\/product_tag?post=11522"}],"curies":[{"name":"wp","href":"https:\/\/api.w.org\/{rel}","templated":true}]}}