{"id":11512,"date":"2024-02-22T10:35:54","date_gmt":"2024-02-22T09:35:54","guid":{"rendered":"https:\/\/phasak.com\/catalogo\/conector-keystone-rj45-cat-6-utp-phk-2200\/"},"modified":"2024-02-22T10:35:54","modified_gmt":"2024-02-22T09:35:54","slug":"conector-keystone-rj45-cat-6-utp-phk-2200","status":"publish","type":"product","link":"https:\/\/phasak.com\/pt-pt\/catalogo\/conector-keystone-rj45-cat-6-utp-phk-2200\/","title":{"rendered":"Conector Keystone RJ45 Cat.6 UTP &#8211; PHK 2200"},"content":{"rendered":"<p>O <b>PHK 2200<\/b> \u00e9 um conector Keystone RJ45 Cat.6 UTP tipo f\u00eamea-f\u00eamea, concebido para facilitar extens\u00f5es ou adapta\u00e7\u00f5es em sistemas de rede estruturada. <\/p>\n<ul>\n<li><b>Categoria:<\/b> Cat.6<\/li>\n<li><b>Tipo:<\/b> UTP<\/li>\n<li><b>Formato:<\/b> H\/H (f\u00eamea-f\u00eamea)<\/li>\n<li><b>Compatibilidade:<\/b> Pain\u00e9is e placas Keystone padr\u00e3o<\/li>\n<\/ul>\n<p>Solu\u00e7\u00e3o pr\u00e1tica para amplia\u00e7\u00f5es ou pontos interm\u00e9dios em instala\u00e7\u00f5es LAN.<\/p>\n","protected":false},"excerpt":{"rendered":"<p>Conector Keystone RJ45 Cat.6 UTP f\u00eamea-f\u00eamea para integra\u00e7\u00e3o em pain\u00e9is e placas de rede. <\/p>\n","protected":false},"featured_media":5305,"template":"","meta":{"_eb_attr":"","_eb_data_table":"","_kad_post_transparent":"","_kad_post_title":"","_kad_post_layout":"","_kad_post_sidebar_id":"","_kad_post_content_style":"","_kad_post_vertical_padding":"","_kad_post_feature":"","_kad_post_feature_position":"","_kad_post_header":false,"_kad_post_footer":false,"_kad_post_classname":""},"product_brand":[],"product_cat":[1360,1368],"product_tag":[],"class_list":{"0":"post-11512","1":"product","2":"type-product","3":"status-publish","4":"has-post-thumbnail","6":"product_cat-acessorios-19","7":"product_cat-conectores-e-keystone","9":"first","10":"instock","11":"shipping-taxable","12":"product-type-simple","13":"entry","14":"content-bg","15":"loop-entry"},"_links":{"self":[{"href":"https:\/\/phasak.com\/pt-pt\/wp-json\/wp\/v2\/product\/11512","targetHints":{"allow":["GET"]}}],"collection":[{"href":"https:\/\/phasak.com\/pt-pt\/wp-json\/wp\/v2\/product"}],"about":[{"href":"https:\/\/phasak.com\/pt-pt\/wp-json\/wp\/v2\/types\/product"}],"wp:featuredmedia":[{"embeddable":true,"href":"https:\/\/phasak.com\/pt-pt\/wp-json\/wp\/v2\/media\/5305"}],"wp:attachment":[{"href":"https:\/\/phasak.com\/pt-pt\/wp-json\/wp\/v2\/media?parent=11512"}],"wp:term":[{"taxonomy":"product_brand","embeddable":true,"href":"https:\/\/phasak.com\/pt-pt\/wp-json\/wp\/v2\/product_brand?post=11512"},{"taxonomy":"product_cat","embeddable":true,"href":"https:\/\/phasak.com\/pt-pt\/wp-json\/wp\/v2\/product_cat?post=11512"},{"taxonomy":"product_tag","embeddable":true,"href":"https:\/\/phasak.com\/pt-pt\/wp-json\/wp\/v2\/product_tag?post=11512"}],"curies":[{"name":"wp","href":"https:\/\/api.w.org\/{rel}","templated":true}]}}