{"id":11427,"date":"2025-12-18T14:09:38","date_gmt":"2025-12-18T13:09:38","guid":{"rendered":"https:\/\/phasak.com\/catalogo\/conector-rj45-cat-8-stp-%c2%b7-24awg-%c2%b7-solido-%c2%b7-phk-2235\/"},"modified":"2025-12-18T14:09:38","modified_gmt":"2025-12-18T13:09:38","slug":"conector-rj45-cat-8-stp-%c2%b7-24awg-%c2%b7-solido-%c2%b7-phk-2235","status":"publish","type":"product","link":"https:\/\/phasak.com\/pt-pt\/catalogo\/conector-rj45-cat-8-stp-%c2%b7-24awg-%c2%b7-solido-%c2%b7-phk-2235\/","title":{"rendered":"Conector RJ45 Cat.8 STP \u00b7 24AWG \u00b7 S\u00f3lido \u00b7 PHK 2235"},"content":{"rendered":"<p>O <b>PHK 2235<\/b> \u00e9 um conector RJ45 Cat.6A STP blindado para cabo s\u00f3lido 24AWG com guia de inser\u00e7\u00e3o.<\/p>\n<ul>\n<li><b>Categoria:<\/b> Cat.6A<\/li>\n<li><b>Tipo:<\/b> STP (blindado)<\/li>\n<li><b>Calibre:<\/b> 24AWG<\/li>\n<li><b>Guia:<\/b> Inclu\u00edda<\/li>\n<li><b>Prote\u00e7\u00e3o:<\/b> Alta imunidade a interfer\u00eancias EMI\/RFI<\/li>\n<\/ul>\n<p>Recomendado para instala\u00e7\u00f5es onde se requer m\u00e1xima estabilidade e prote\u00e7\u00e3o de sinal.<\/p>\n","protected":false},"excerpt":{"rendered":"<p>Conector RJ45 Cat.6A STP 24AWG com guia, blindado, para cabo s\u00f3lido.<\/p>\n","protected":false},"featured_media":11030,"template":"","meta":{"_eb_attr":"","_eb_data_table":"","_kad_post_transparent":"","_kad_post_title":"","_kad_post_layout":"","_kad_post_sidebar_id":"","_kad_post_content_style":"","_kad_post_vertical_padding":"","_kad_post_feature":"","_kad_post_feature_position":"","_kad_post_header":false,"_kad_post_footer":false,"_kad_post_classname":""},"product_brand":[],"product_cat":[1360,1368],"product_tag":[],"class_list":{"0":"post-11427","1":"product","2":"type-product","3":"status-publish","4":"has-post-thumbnail","6":"product_cat-acessorios-19","7":"product_cat-conectores-e-keystone","9":"first","10":"instock","11":"shipping-taxable","12":"product-type-simple","13":"entry","14":"content-bg","15":"loop-entry"},"_links":{"self":[{"href":"https:\/\/phasak.com\/pt-pt\/wp-json\/wp\/v2\/product\/11427","targetHints":{"allow":["GET"]}}],"collection":[{"href":"https:\/\/phasak.com\/pt-pt\/wp-json\/wp\/v2\/product"}],"about":[{"href":"https:\/\/phasak.com\/pt-pt\/wp-json\/wp\/v2\/types\/product"}],"wp:featuredmedia":[{"embeddable":true,"href":"https:\/\/phasak.com\/pt-pt\/wp-json\/wp\/v2\/media\/11030"}],"wp:attachment":[{"href":"https:\/\/phasak.com\/pt-pt\/wp-json\/wp\/v2\/media?parent=11427"}],"wp:term":[{"taxonomy":"product_brand","embeddable":true,"href":"https:\/\/phasak.com\/pt-pt\/wp-json\/wp\/v2\/product_brand?post=11427"},{"taxonomy":"product_cat","embeddable":true,"href":"https:\/\/phasak.com\/pt-pt\/wp-json\/wp\/v2\/product_cat?post=11427"},{"taxonomy":"product_tag","embeddable":true,"href":"https:\/\/phasak.com\/pt-pt\/wp-json\/wp\/v2\/product_tag?post=11427"}],"curies":[{"name":"wp","href":"https:\/\/api.w.org\/{rel}","templated":true}]}}