{"id":11425,"date":"2025-12-18T14:06:58","date_gmt":"2025-12-18T13:06:58","guid":{"rendered":"https:\/\/phasak.com\/catalogo\/caixa-de-superficie-2x-rj45-cat-6-utp-%c2%b7-branco-phk-1012\/"},"modified":"2025-12-18T14:06:58","modified_gmt":"2025-12-18T13:06:58","slug":"caixa-de-superficie-2x-rj45-cat-6-utp-%c2%b7-branco-phk-1012","status":"publish","type":"product","link":"https:\/\/phasak.com\/pt-pt\/catalogo\/caixa-de-superficie-2x-rj45-cat-6-utp-%c2%b7-branco-phk-1012\/","title":{"rendered":"Caixa de superf\u00edcie 2x RJ45 Cat.6 UTP \u00b7 Branco &#8211; PHK 1012"},"content":{"rendered":"<p>A <b>PHK 1012<\/b> \u00e9 uma caixa de superf\u00edcie com 2 Portas RJ45 compat\u00edvel com conectores Keystone Cat.6 UTP. <\/p>\n<ul>\n<li><b>Portas:<\/b> 2x RJ45<\/li>\n<li><b>Compatibilidade:<\/b> Keystone padr\u00e3o<\/li>\n<li><b>Categoria:<\/b> Cat.6<\/li>\n<li><b>Cor:<\/b> Branco<\/li>\n<\/ul>\n<p>Solu\u00e7\u00e3o pr\u00e1tica para ampliar pontos de rede em instala\u00e7\u00f5es estruturadas.<\/p>\n","protected":false},"excerpt":{"rendered":"<p>Caixa de superf\u00edcie 2 Portas RJ45 Cat.6 UTP em cor branca. <\/p>\n","protected":false},"featured_media":11020,"template":"","meta":{"_eb_attr":"","_eb_data_table":"","_kad_post_transparent":"","_kad_post_title":"","_kad_post_layout":"","_kad_post_sidebar_id":"","_kad_post_content_style":"","_kad_post_vertical_padding":"","_kad_post_feature":"","_kad_post_feature_position":"","_kad_post_header":false,"_kad_post_footer":false,"_kad_post_classname":""},"product_brand":[],"product_cat":[1360,1368],"product_tag":[],"class_list":{"0":"post-11425","1":"product","2":"type-product","3":"status-publish","4":"has-post-thumbnail","6":"product_cat-acessorios-19","7":"product_cat-conectores-e-keystone","9":"first","10":"instock","11":"shipping-taxable","12":"product-type-simple","13":"entry","14":"content-bg","15":"loop-entry"},"_links":{"self":[{"href":"https:\/\/phasak.com\/pt-pt\/wp-json\/wp\/v2\/product\/11425","targetHints":{"allow":["GET"]}}],"collection":[{"href":"https:\/\/phasak.com\/pt-pt\/wp-json\/wp\/v2\/product"}],"about":[{"href":"https:\/\/phasak.com\/pt-pt\/wp-json\/wp\/v2\/types\/product"}],"wp:featuredmedia":[{"embeddable":true,"href":"https:\/\/phasak.com\/pt-pt\/wp-json\/wp\/v2\/media\/11020"}],"wp:attachment":[{"href":"https:\/\/phasak.com\/pt-pt\/wp-json\/wp\/v2\/media?parent=11425"}],"wp:term":[{"taxonomy":"product_brand","embeddable":true,"href":"https:\/\/phasak.com\/pt-pt\/wp-json\/wp\/v2\/product_brand?post=11425"},{"taxonomy":"product_cat","embeddable":true,"href":"https:\/\/phasak.com\/pt-pt\/wp-json\/wp\/v2\/product_cat?post=11425"},{"taxonomy":"product_tag","embeddable":true,"href":"https:\/\/phasak.com\/pt-pt\/wp-json\/wp\/v2\/product_tag?post=11425"}],"curies":[{"name":"wp","href":"https:\/\/api.w.org\/{rel}","templated":true}]}}