{"id":11368,"date":"2024-02-20T09:46:47","date_gmt":"2024-02-20T08:46:47","guid":{"rendered":"https:\/\/phasak.com\/catalogo\/painel-de-transferencia-rj45-cat-6-utp-dual-24-portas-1u-rack-19-pu-2420\/"},"modified":"2024-02-20T09:46:47","modified_gmt":"2024-02-20T08:46:47","slug":"painel-de-transferencia-rj45-cat-6-utp-dual-24-portas-1u-rack-19-pu-2420","status":"publish","type":"product","link":"https:\/\/phasak.com\/pt-pt\/catalogo\/painel-de-transferencia-rj45-cat-6-utp-dual-24-portas-1u-rack-19-pu-2420\/","title":{"rendered":"Painel de transfer\u00eancia RJ45 Cat.6 UTP Dual 24 portas 1U Rack 19&#8243; &#8211; PU 2420"},"content":{"rendered":"<p>O PU 2420 \u00e9 um bloco dual Cat 6 de 24 portas, concebido para oferecer conectividade fi\u00e1vel em redes Ethernet. Com 24 portas dispon\u00edveis, este bloco dual proporciona uma solu\u00e7\u00e3o robusta para a organiza\u00e7\u00e3o e conex\u00e3o de cabos em ambientes de redes estruturadas. O seu design compacto e eficiente torna-o ideal para a sua utiliza\u00e7\u00e3o em ambientes de escrit\u00f3rio, centros de dados ou instala\u00e7\u00f5es industriais.  <\/p>\n<p><strong>Caracter\u00edsticas Principais:<\/strong><br \/>Conectividade Cat 6: Cumpre com os padr\u00f5es de cablagem Cat 6 para garantir um desempenho ideal em redes Ethernet.<br \/>Bloco Dual de 24 Portas: Oferece uma grande capacidade de conex\u00e3o para m\u00faltiplos dispositivos e termina\u00e7\u00f5es de cabos.<br \/>Design Compacto: Ideal para espa\u00e7os limitados em racks ou arm\u00e1rios de comunica\u00e7\u00f5es.<br \/>UTP (Par Entran\u00e7ado N\u00e3o Blindado): Proporciona uma conex\u00e3o fi\u00e1vel e de alta velocidade para a transmiss\u00e3o de dados.<br \/>F\u00e1cil Instala\u00e7\u00e3o: Inclui tudo o necess\u00e1rio para uma instala\u00e7\u00e3o simples e r\u00e1pida em qualquer ambiente de rede.<\/p>\n","protected":false},"excerpt":{"rendered":"<p>O PU 2420 \u00e9 um bloco dual Cat 6 de 24 portas, concebido para oferecer conectividade fi\u00e1vel em redes Ethernet. Com 24 portas dispon\u00edveis, este bloco dual proporciona uma solu\u00e7\u00e3o robusta para a organiza\u00e7\u00e3o e conex\u00e3o de cabos em ambientes de redes estruturadas. O seu design compacto e eficiente torna-o ideal para a sua utiliza\u00e7\u00e3o em ambientes de escrit\u00f3rio, centros de dados ou instala\u00e7\u00f5es industriais.  <\/p>\n","protected":false},"featured_media":11066,"template":"","meta":{"_eb_attr":"","_eb_data_table":"","_kad_post_transparent":"","_kad_post_title":"","_kad_post_layout":"","_kad_post_sidebar_id":"","_kad_post_content_style":"","_kad_post_vertical_padding":"","_kad_post_feature":"","_kad_post_feature_position":"","_kad_post_header":false,"_kad_post_footer":false,"_kad_post_classname":""},"product_brand":[],"product_cat":[1360,1615],"product_tag":[],"class_list":{"0":"post-11368","1":"product","2":"type-product","3":"status-publish","4":"has-post-thumbnail","6":"product_cat-acessorios-19","7":"product_cat-paineis-19","9":"first","10":"instock","11":"shipping-taxable","12":"product-type-simple","13":"entry","14":"content-bg","15":"loop-entry"},"_links":{"self":[{"href":"https:\/\/phasak.com\/pt-pt\/wp-json\/wp\/v2\/product\/11368","targetHints":{"allow":["GET"]}}],"collection":[{"href":"https:\/\/phasak.com\/pt-pt\/wp-json\/wp\/v2\/product"}],"about":[{"href":"https:\/\/phasak.com\/pt-pt\/wp-json\/wp\/v2\/types\/product"}],"wp:featuredmedia":[{"embeddable":true,"href":"https:\/\/phasak.com\/pt-pt\/wp-json\/wp\/v2\/media\/11066"}],"wp:attachment":[{"href":"https:\/\/phasak.com\/pt-pt\/wp-json\/wp\/v2\/media?parent=11368"}],"wp:term":[{"taxonomy":"product_brand","embeddable":true,"href":"https:\/\/phasak.com\/pt-pt\/wp-json\/wp\/v2\/product_brand?post=11368"},{"taxonomy":"product_cat","embeddable":true,"href":"https:\/\/phasak.com\/pt-pt\/wp-json\/wp\/v2\/product_cat?post=11368"},{"taxonomy":"product_tag","embeddable":true,"href":"https:\/\/phasak.com\/pt-pt\/wp-json\/wp\/v2\/product_tag?post=11368"}],"curies":[{"name":"wp","href":"https:\/\/api.w.org\/{rel}","templated":true}]}}