{"id":11307,"date":"2025-12-18T14:11:03","date_gmt":"2025-12-18T13:11:03","guid":{"rendered":"https:\/\/phasak.com\/catalogo\/conector-rj45-cat-6-ftp-%c2%b7-22awg-24awg-%c2%b7-fastcrimp-%c2%b7-blindado-%c2%b7-pack-10-phk-2241\/"},"modified":"2025-12-18T14:11:03","modified_gmt":"2025-12-18T13:11:03","slug":"conector-rj45-cat-6-ftp-%c2%b7-22awg-24awg-%c2%b7-fastcrimp-%c2%b7-blindado-%c2%b7-pack-10-phk-2241","status":"publish","type":"product","link":"https:\/\/phasak.com\/pt-pt\/catalogo\/conector-rj45-cat-6-ftp-%c2%b7-22awg-24awg-%c2%b7-fastcrimp-%c2%b7-blindado-%c2%b7-pack-10-phk-2241\/","title":{"rendered":"Conector RJ45 Cat.6 FTP \u00b7 22AWG-24AWG \u00b7 FastCrimp \u00b7 Blindado \u00b7 Pack 10 &#8211; PHK 2241"},"content":{"rendered":"<p>O <b>PHK 2241<\/b> \u00e9 um conector RJ45 Cat.6 FTP blindado com sistema FastCrimp, compat\u00edvel com cabos de 22AWG a 24AWG. <\/p>\n<ul>\n<li><b>Categoria:<\/b> Cat.6<\/li>\n<li><b>Tipo:<\/b> FTP (blindado)<\/li>\n<li><b>Calibre compat\u00edvel:<\/b> 22AWG \u2013 24AWG<\/li>\n<li><b>Sistema:<\/b> FastCrimp<\/li>\n<li><b>Prote\u00e7\u00e3o:<\/b> Redu\u00e7\u00e3o de interfer\u00eancias eletromagn\u00e9ticas<\/li>\n<\/ul>\n<p>Solu\u00e7\u00e3o fi\u00e1vel para instala\u00e7\u00f5es que requerem maior prote\u00e7\u00e3o de sinal.<\/p>\n","protected":false},"excerpt":{"rendered":"<p>Conector RJ45 Cat.6 FTP FastCrimp blindado compat\u00edvel com cabos 22-24AWG. <\/p>\n","protected":false},"featured_media":11017,"template":"","meta":{"_eb_attr":"","_eb_data_table":"","_kad_post_transparent":"","_kad_post_title":"","_kad_post_layout":"","_kad_post_sidebar_id":"","_kad_post_content_style":"","_kad_post_vertical_padding":"","_kad_post_feature":"","_kad_post_feature_position":"","_kad_post_header":false,"_kad_post_footer":false,"_kad_post_classname":""},"product_brand":[],"product_cat":[1360,1368],"product_tag":[],"class_list":{"0":"post-11307","1":"product","2":"type-product","3":"status-publish","4":"has-post-thumbnail","6":"product_cat-acessorios-19","7":"product_cat-conectores-e-keystone","9":"first","10":"instock","11":"shipping-taxable","12":"product-type-simple","13":"entry","14":"content-bg","15":"loop-entry"},"_links":{"self":[{"href":"https:\/\/phasak.com\/pt-pt\/wp-json\/wp\/v2\/product\/11307","targetHints":{"allow":["GET"]}}],"collection":[{"href":"https:\/\/phasak.com\/pt-pt\/wp-json\/wp\/v2\/product"}],"about":[{"href":"https:\/\/phasak.com\/pt-pt\/wp-json\/wp\/v2\/types\/product"}],"wp:featuredmedia":[{"embeddable":true,"href":"https:\/\/phasak.com\/pt-pt\/wp-json\/wp\/v2\/media\/11017"}],"wp:attachment":[{"href":"https:\/\/phasak.com\/pt-pt\/wp-json\/wp\/v2\/media?parent=11307"}],"wp:term":[{"taxonomy":"product_brand","embeddable":true,"href":"https:\/\/phasak.com\/pt-pt\/wp-json\/wp\/v2\/product_brand?post=11307"},{"taxonomy":"product_cat","embeddable":true,"href":"https:\/\/phasak.com\/pt-pt\/wp-json\/wp\/v2\/product_cat?post=11307"},{"taxonomy":"product_tag","embeddable":true,"href":"https:\/\/phasak.com\/pt-pt\/wp-json\/wp\/v2\/product_tag?post=11307"}],"curies":[{"name":"wp","href":"https:\/\/api.w.org\/{rel}","templated":true}]}}