{"id":11278,"date":"2025-12-18T14:11:27","date_gmt":"2025-12-18T13:11:27","guid":{"rendered":"https:\/\/phasak.com\/catalogo\/conector-rj45-cat-6-utp-%c2%b7-toolless-phk-2250\/"},"modified":"2025-12-18T14:11:27","modified_gmt":"2025-12-18T13:11:27","slug":"conector-rj45-cat-6-utp-%c2%b7-toolless-phk-2250","status":"publish","type":"product","link":"https:\/\/phasak.com\/pt-pt\/catalogo\/conector-rj45-cat-6-utp-%c2%b7-toolless-phk-2250\/","title":{"rendered":"Conector RJ45 Cat.6 UTP \u00b7 Toolless &#8211; PHK 2250"},"content":{"rendered":"<p>O <b>PHK 2250<\/b> \u00e9 um conector RJ45 Cat.6 UTP com sistema Toolless que permite uma instala\u00e7\u00e3o r\u00e1pida e simples sem ferramentas espec\u00edficas. <\/p>\n<ul>\n<li><b>Categoria:<\/b> Cat.6<\/li>\n<li><b>Tipo:<\/b> UTP<\/li>\n<li><b>Sistema:<\/b> Toolless<\/li>\n<li><b>Aplica\u00e7\u00e3o:<\/b> Redes LAN e cablagem estruturada<\/li>\n<\/ul>\n<p>Ideal para ambientes onde se prioriza a rapidez e efici\u00eancia de instala\u00e7\u00e3o.<\/p>\n","protected":false},"excerpt":{"rendered":"<p>Conector RJ45 Cat.6 UTP Toolless para instala\u00e7\u00e3o r\u00e1pida sem ferramentas. <\/p>\n","protected":false},"featured_media":11011,"template":"","meta":{"_eb_attr":"","_eb_data_table":"","_kad_post_transparent":"","_kad_post_title":"","_kad_post_layout":"","_kad_post_sidebar_id":"","_kad_post_content_style":"","_kad_post_vertical_padding":"","_kad_post_feature":"","_kad_post_feature_position":"","_kad_post_header":false,"_kad_post_footer":false,"_kad_post_classname":""},"product_brand":[],"product_cat":[1360,1368],"product_tag":[],"class_list":{"0":"post-11278","1":"product","2":"type-product","3":"status-publish","4":"has-post-thumbnail","6":"product_cat-acessorios-19","7":"product_cat-conectores-e-keystone","9":"first","10":"instock","11":"shipping-taxable","12":"product-type-simple","13":"entry","14":"content-bg","15":"loop-entry"},"_links":{"self":[{"href":"https:\/\/phasak.com\/pt-pt\/wp-json\/wp\/v2\/product\/11278","targetHints":{"allow":["GET"]}}],"collection":[{"href":"https:\/\/phasak.com\/pt-pt\/wp-json\/wp\/v2\/product"}],"about":[{"href":"https:\/\/phasak.com\/pt-pt\/wp-json\/wp\/v2\/types\/product"}],"wp:featuredmedia":[{"embeddable":true,"href":"https:\/\/phasak.com\/pt-pt\/wp-json\/wp\/v2\/media\/11011"}],"wp:attachment":[{"href":"https:\/\/phasak.com\/pt-pt\/wp-json\/wp\/v2\/media?parent=11278"}],"wp:term":[{"taxonomy":"product_brand","embeddable":true,"href":"https:\/\/phasak.com\/pt-pt\/wp-json\/wp\/v2\/product_brand?post=11278"},{"taxonomy":"product_cat","embeddable":true,"href":"https:\/\/phasak.com\/pt-pt\/wp-json\/wp\/v2\/product_cat?post=11278"},{"taxonomy":"product_tag","embeddable":true,"href":"https:\/\/phasak.com\/pt-pt\/wp-json\/wp\/v2\/product_tag?post=11278"}],"curies":[{"name":"wp","href":"https:\/\/api.w.org\/{rel}","templated":true}]}}