{"id":11205,"date":"2026-01-27T10:30:20","date_gmt":"2026-01-27T09:30:20","guid":{"rendered":"https:\/\/phasak.com\/catalogo\/banco-de-baterias-compativel-com-ups-ph-9380-ph-9382-baterias-nao-incluidas-ph-9389\/"},"modified":"2026-01-27T10:30:20","modified_gmt":"2026-01-27T09:30:20","slug":"banco-de-baterias-compativel-com-ups-ph-9380-ph-9382-baterias-nao-incluidas-ph-9389","status":"publish","type":"product","link":"https:\/\/phasak.com\/pt-pt\/catalogo\/banco-de-baterias-compativel-com-ups-ph-9380-ph-9382-baterias-nao-incluidas-ph-9389\/","title":{"rendered":"Banco de baterias compat\u00edvel com UPS PH 9380 \/ PH 9382 &#8211; Baterias n\u00e3o inclu\u00eddas &#8211; PH 9389"},"content":{"rendered":"<p>O <b>PH 9389<\/b> \u00e9 um banco de baterias concebido para trabalhar em conjunto com o UPS <b>PH 9380 + PH 9382<\/b>, permitindo ampliar a autonomia quando a instala\u00e7\u00e3o requer mais tempo de backup.<\/p>\n<p>A sua configura\u00e7\u00e3o est\u00e1 preparada para alojar <b>20 baterias<\/b> do tipo <b>12V \/ 9Ah<\/b>, facilitando uma amplia\u00e7\u00e3o ordenada e segura dentro do arm\u00e1rio ou zona t\u00e9cnica.<\/p>\n<ul>\n<li><b>Compat\u00edvel com:<\/b> PH 9380 + PH 9382<\/li>\n<li><b>Capacidade de baterias:<\/b> 20 \u00d7 12V \/ 9Ah<\/li>\n<li><b>Baterias inclu\u00eddas:<\/b> N\u00e3o (apenas carca\u00e7a)<\/li>\n<li><b>Formato:<\/b> Rack 19&#8243; 3U<\/li>\n<li><b>Peso (vazio):<\/b> 22 kg<\/li>\n<\/ul>\n<p>\ud83d\udcc4 Consulte especifica\u00e7\u00f5es e compatibilidades no cat\u00e1logo PHASAK: <a href=\"https:\/\/www.phasak.com\/catalogo.pdf\" target=\"_blank\" rel=\"noopener\">https:\/\/www.phasak.com\/catalogo.pdf<\/a><\/p>\n","protected":false},"excerpt":{"rendered":"<p>Banco de baterias <b>PH 9389<\/b> (apenas carca\u00e7a) para ampliar a autonomia do UPS <b>PH 9380 + PH 9382<\/b>. Concebido para alojar <b>20 baterias<\/b> <b>12V \/ 9Ah<\/b>.<br \/><b>Baterias n\u00e3o inclu\u00eddas<\/b>.<\/p>\n<p><a class=\"button\" href=\"https:\/\/www.phasak.com\/catalogo.pdf\" target=\"_blank\" rel=\"noopener\">Ver no cat\u00e1logo (PDF)<\/a><\/p>\n","protected":false},"featured_media":10781,"template":"","meta":{"_eb_attr":"","_eb_data_table":"","_kad_post_transparent":"","_kad_post_title":"","_kad_post_layout":"","_kad_post_sidebar_id":"","_kad_post_content_style":"","_kad_post_vertical_padding":"","_kad_post_feature":"","_kad_post_feature_position":"","_kad_post_header":false,"_kad_post_footer":false,"_kad_post_classname":""},"product_brand":[],"product_cat":[1395,1396],"product_tag":[],"class_list":{"0":"post-11205","1":"product","2":"type-product","3":"status-publish","4":"has-post-thumbnail","6":"product_cat-acessorios-ups","7":"product_cat-titan-rack","9":"first","10":"instock","11":"shipping-taxable","12":"product-type-simple","13":"entry","14":"content-bg","15":"loop-entry"},"_links":{"self":[{"href":"https:\/\/phasak.com\/pt-pt\/wp-json\/wp\/v2\/product\/11205","targetHints":{"allow":["GET"]}}],"collection":[{"href":"https:\/\/phasak.com\/pt-pt\/wp-json\/wp\/v2\/product"}],"about":[{"href":"https:\/\/phasak.com\/pt-pt\/wp-json\/wp\/v2\/types\/product"}],"wp:featuredmedia":[{"embeddable":true,"href":"https:\/\/phasak.com\/pt-pt\/wp-json\/wp\/v2\/media\/10781"}],"wp:attachment":[{"href":"https:\/\/phasak.com\/pt-pt\/wp-json\/wp\/v2\/media?parent=11205"}],"wp:term":[{"taxonomy":"product_brand","embeddable":true,"href":"https:\/\/phasak.com\/pt-pt\/wp-json\/wp\/v2\/product_brand?post=11205"},{"taxonomy":"product_cat","embeddable":true,"href":"https:\/\/phasak.com\/pt-pt\/wp-json\/wp\/v2\/product_cat?post=11205"},{"taxonomy":"product_tag","embeddable":true,"href":"https:\/\/phasak.com\/pt-pt\/wp-json\/wp\/v2\/product_tag?post=11205"}],"curies":[{"name":"wp","href":"https:\/\/api.w.org\/{rel}","templated":true}]}}