{"id":7490,"date":"2024-09-30T11:22:04","date_gmt":"2024-09-30T10:22:04","guid":{"rendered":"https:\/\/phasak.com\/modulos-rack-19\/"},"modified":"2026-03-20T13:43:35","modified_gmt":"2026-03-20T12:43:35","slug":"modulos-rack-19","status":"publish","type":"page","link":"https:\/\/phasak.com\/pt-pt\/modulos-rack-19\/","title":{"rendered":"M\u00f3dulos Rack 19&#8243;"},"content":{"rendered":"\n<div class=\"wp-block-essential-blocks-advanced-heading  root-eb-advance-heading-eh2oy\"><div class=\"eb-parent-wrapper eb-parent-eb-advance-heading-eh2oy \"><div class=\"eb-advance-heading-wrapper eb-advance-heading-eh2oy button-1 undefined\" data-id=\"eb-advance-heading-eh2oy\"><h2 class=\"eb-ah-title\"><span class=\"first-title\">M\u00f3dulos Rack 19&#8243;<\/span><\/h2><\/div><\/div><\/div>\n<div class=\"root-eb-woo-product-carousel-74om7 wp-block-essential-blocks-pro-woo-product-carousel\">\n    <div class=\"eb-parent-wrapper eb-parent-eb-woo-product-carousel-74om7\">\n        <div class=\"eb-woo-product-carousel-74om7 eb-product-carousel-preset-3  slick-arrows equal-height dot-style-default eb-product-carousel-wrap\"\n            data-id=\"eb-woo-product-carousel-74om7\" data-querydata=\"{&quot;per_page&quot;:&quot;3&quot;,&quot;offset&quot;:&quot;0&quot;,&quot;source&quot;:&quot;products&quot;,&quot;rest_base&quot;:&quot;products&quot;,&quot;rest_namespace&quot;:&quot;wc\\\/v3&quot;,&quot;query_type&quot;:&quot;custom_query&quot;,&quot;product&quot;:&quot;[{\\&quot;label\\&quot;:\\&quot;Current Product\\&quot;,\\&quot;value\\&quot;:\\&quot;current_product\\&quot;}]&quot;,&quot;exclude_ids&quot;:[],&quot;category&quot;:[],&quot;tag&quot;:[],&quot;excludeCategory&quot;:[],&quot;excludeTag&quot;:[],&quot;orderby&quot;:&quot;id&quot;,&quot;order&quot;:&quot;asc&quot;,&quot;include&quot;:&quot;5142,10616&quot;,&quot;exclude&quot;:[]}\"\n            data-slidersettings=\"{&quot;centerMode&quot;:false,&quot;arrows&quot;:true,&quot;dots&quot;:false,&quot;autoplaySpeed&quot;:3000,&quot;speed&quot;:500,&quot;autoplay&quot;:true,&quot;infinite&quot;:true,&quot;pauseOnHover&quot;:true,&quot;slideToShowRange&quot;:3,&quot;TABslideToShowRange&quot;:2,&quot;MOBslideToShowRange&quot;:1,&quot;carouselPreset&quot;:&quot;preset-3&quot;}\"\n            data-attributes=\"{&quot;carouselPreset&quot;:&quot;preset-3&quot;,&quot;saleBadgeAlign&quot;:&quot;align-left&quot;,&quot;saleText&quot;:&quot;sale&quot;,&quot;showRating&quot;:false,&quot;ratingStyle&quot;:&quot;star&quot;,&quot;showPrice&quot;:true,&quot;showSaleBadge&quot;:true,&quot;showCategory&quot;:false,&quot;isCustomCartBtn&quot;:false,&quot;simpleCartText&quot;:&quot;Buy Now&quot;,&quot;variableCartText&quot;:&quot;Select Options&quot;,&quot;groupedCartText&quot;:&quot;View Products&quot;,&quot;externalCartText&quot;:&quot;Buy Now&quot;,&quot;defaultCartText&quot;:&quot;Read More&quot;,&quot;buttonText&quot;:&quot;View Product&quot;,&quot;dotPreset&quot;:&quot;dot-style-default&quot;,&quot;adaptiveHeight&quot;:true,&quot;imageSize&quot;:&quot;full&quot;,&quot;sectionTitle&quot;:&quot;Popular Products&quot;,&quot;showBlockContent&quot;:true,&quot;titleTag&quot;:&quot;h3&quot;}\">\n            <div class=\"eb-product-carousel\"> <div class=\"eb-product-carousel-item\">\n        <div class=\"eb-product-carousel-item-inner\">\n                        <div class=\"eb-woo-product-image-wrapper\">\n                <div class=\"eb-woo-product-image\">\n                    <a href=\"https:\/\/phasak.com\/pt-pt\/catalogo\/pdu-switch-bypass-19%e2%80%b3-ph-9200\/\" class=\"eb-woo-product-image-link\">\n                                                    <span class=\"eb-woo-product-overlay\"><\/span>\n                                                <img loading=\"lazy\" decoding=\"async\" width=\"1000\" height=\"1000\" src=\"https:\/\/phasak.com\/wp-content\/uploads\/PDU-9200.jpg\" class=\"attachment-full size-full\" alt=\"PDU Switch Bypass 19\u2033 - PH 9200\" title=\"\">                    <\/a>\n                                    <\/div>\n            <\/div>\n                            <div class=\"eb-woo-product-content-wrapper\">\n                    <div class=\"eb-woo-product-content\">\n                                                    <h3 class=\"eb-woo-product-title\">\n    <a href=\"https:\/\/phasak.com\/pt-pt\/catalogo\/pdu-switch-bypass-19%e2%80%b3-ph-9200\/\">\n        PDU Switch Bypass 19\u2033 &#8211; PH 9200    <\/a>\n<\/h3>\n                                                        <div class=\"eb-woo-product-pricing-wrap\">\n                                <p class=\"eb-woo-product-price\">\n\t<\/p>\n\n                            <\/div>\n                                                    <div class=\"eb-woo-product-button-list\">\n    \t<span id=\"woocommerce_loop_add_to_cart_link_describedby_11392\" class=\"screen-reader-text\">\n\t\t\t<\/span>\n\n    <\/div>                    <\/div>\n                <\/div>\n                                <\/div>\n    <\/div>\n <div class=\"eb-product-carousel-item\">\n        <div class=\"eb-product-carousel-item-inner\">\n                        <div class=\"eb-woo-product-image-wrapper\">\n                <div class=\"eb-woo-product-image\">\n                    <a href=\"https:\/\/phasak.com\/pt-pt\/catalogo\/ats-16a-19-rack-comutador-de-transferencia-automatica-phasak\/\" class=\"eb-woo-product-image-link\">\n                                                    <span class=\"eb-woo-product-overlay\"><\/span>\n                                                <img loading=\"lazy\" decoding=\"async\" width=\"1000\" height=\"1000\" src=\"https:\/\/phasak.com\/wp-content\/uploads\/Panel-de-parcheo-PHASAK-PH-9205.png\" class=\"attachment-full size-full\" alt=\"ATS 16A 19&quot; RACK comutador de transfer\u00eancia autom\u00e1tica PHASAK\" title=\"\">                    <\/a>\n                                    <\/div>\n            <\/div>\n                            <div class=\"eb-woo-product-content-wrapper\">\n                    <div class=\"eb-woo-product-content\">\n                                                    <h3 class=\"eb-woo-product-title\">\n    <a href=\"https:\/\/phasak.com\/pt-pt\/catalogo\/ats-16a-19-rack-comutador-de-transferencia-automatica-phasak\/\">\n        ATS 16A 19&#8243; RACK comutador de transfer\u00eancia autom\u00e1tica PHASAK    <\/a>\n<\/h3>\n                                                        <div class=\"eb-woo-product-pricing-wrap\">\n                                <p class=\"eb-woo-product-price\">\n\t<\/p>\n\n                            <\/div>\n                                                    <div class=\"eb-woo-product-button-list\">\n    \t<span id=\"woocommerce_loop_add_to_cart_link_describedby_12244\" class=\"screen-reader-text\">\n\t\t\t<\/span>\n\n    <\/div>                    <\/div>\n                <\/div>\n                                <\/div>\n    <\/div>\n<\/div>                                <\/div>\n    <\/div>\n<\/div>\n<div class=\"wp-block-essential-blocks-advanced-heading  root-eb-advance-heading-1ya0r\"><div class=\"eb-parent-wrapper eb-parent-eb-advance-heading-1ya0r \"><div class=\"eb-advance-heading-wrapper eb-advance-heading-1ya0r button-1 undefined\" data-id=\"eb-advance-heading-1ya0r\"><h2 class=\"eb-ah-title\"><span class=\"first-title\">M\u00f3dulos de ventila\u00e7\u00e3o<\/span><\/h2><\/div><\/div><\/div>\n<div class=\"root-eb-woo-product-carousel-kogkj wp-block-essential-blocks-pro-woo-product-carousel\">\n    <div class=\"eb-parent-wrapper eb-parent-eb-woo-product-carousel-kogkj\">\n        <div class=\"eb-woo-product-carousel-kogkj eb-product-carousel-preset-3  slick-arrows equal-height dot-style-default eb-product-carousel-wrap\"\n            data-id=\"eb-woo-product-carousel-kogkj\" data-querydata=\"{&quot;per_page&quot;:&quot;3&quot;,&quot;offset&quot;:&quot;0&quot;,&quot;source&quot;:&quot;products&quot;,&quot;rest_base&quot;:&quot;products&quot;,&quot;rest_namespace&quot;:&quot;wc\\\/v3&quot;,&quot;query_type&quot;:&quot;custom_query&quot;,&quot;product&quot;:&quot;[{\\&quot;label\\&quot;:\\&quot;Current Product\\&quot;,\\&quot;value\\&quot;:\\&quot;current_product\\&quot;}]&quot;,&quot;exclude_ids&quot;:[],&quot;category&quot;:[],&quot;tag&quot;:[],&quot;excludeCategory&quot;:[],&quot;excludeTag&quot;:[],&quot;orderby&quot;:&quot;id&quot;,&quot;order&quot;:&quot;asc&quot;,&quot;include&quot;:&quot;10686,10685,10684&quot;,&quot;exclude&quot;:&quot;&quot;}\"\n            data-slidersettings=\"{&quot;centerMode&quot;:false,&quot;arrows&quot;:true,&quot;dots&quot;:false,&quot;autoplaySpeed&quot;:3000,&quot;speed&quot;:500,&quot;autoplay&quot;:true,&quot;infinite&quot;:true,&quot;pauseOnHover&quot;:true,&quot;slideToShowRange&quot;:3,&quot;TABslideToShowRange&quot;:2,&quot;MOBslideToShowRange&quot;:1,&quot;carouselPreset&quot;:&quot;preset-3&quot;}\"\n            data-attributes=\"{&quot;carouselPreset&quot;:&quot;preset-3&quot;,&quot;saleBadgeAlign&quot;:&quot;align-left&quot;,&quot;saleText&quot;:&quot;sale&quot;,&quot;showRating&quot;:false,&quot;ratingStyle&quot;:&quot;star&quot;,&quot;showPrice&quot;:true,&quot;showSaleBadge&quot;:true,&quot;showCategory&quot;:false,&quot;isCustomCartBtn&quot;:false,&quot;simpleCartText&quot;:&quot;Buy Now&quot;,&quot;variableCartText&quot;:&quot;Select Options&quot;,&quot;groupedCartText&quot;:&quot;View Products&quot;,&quot;externalCartText&quot;:&quot;Buy Now&quot;,&quot;defaultCartText&quot;:&quot;Read More&quot;,&quot;buttonText&quot;:&quot;View Product&quot;,&quot;dotPreset&quot;:&quot;dot-style-default&quot;,&quot;adaptiveHeight&quot;:true,&quot;imageSize&quot;:&quot;full&quot;,&quot;sectionTitle&quot;:&quot;Popular Products&quot;,&quot;showBlockContent&quot;:true,&quot;titleTag&quot;:&quot;h3&quot;}\">\n            <div class=\"eb-product-carousel\"> <div class=\"eb-product-carousel-item\">\n        <div class=\"eb-product-carousel-item-inner\">\n                        <div class=\"eb-woo-product-image-wrapper\">\n                <div class=\"eb-woo-product-image\">\n                    <a href=\"https:\/\/phasak.com\/pt-pt\/catalogo\/modulo-de-ventoinha-2-x-120-mm-pho-5642\/\" class=\"eb-woo-product-image-link\">\n                                                    <span class=\"eb-woo-product-overlay\"><\/span>\n                                                <img loading=\"lazy\" decoding=\"async\" width=\"1000\" height=\"1000\" src=\"https:\/\/phasak.com\/wp-content\/uploads\/Modulo-de-ventilacion-PHASAK-PHO-5642.png\" class=\"attachment-full size-full\" alt=\"M\u00f3dulo de ventoinha 2 x 120 mm - PHO 5642\" title=\"\">                    <\/a>\n                                    <\/div>\n            <\/div>\n                            <div class=\"eb-woo-product-content-wrapper\">\n                    <div class=\"eb-woo-product-content\">\n                                                    <h3 class=\"eb-woo-product-title\">\n    <a href=\"https:\/\/phasak.com\/pt-pt\/catalogo\/modulo-de-ventoinha-2-x-120-mm-pho-5642\/\">\n        M\u00f3dulo de ventoinha 2 x 120 mm &#8211; PHO 5642    <\/a>\n<\/h3>\n                                                        <div class=\"eb-woo-product-pricing-wrap\">\n                                <p class=\"eb-woo-product-price\">\n\t<\/p>\n\n                            <\/div>\n                                                    <div class=\"eb-woo-product-button-list\">\n    \t<span id=\"woocommerce_loop_add_to_cart_link_describedby_12266\" class=\"screen-reader-text\">\n\t\t\t<\/span>\n\n    <\/div>                    <\/div>\n                <\/div>\n                                <\/div>\n    <\/div>\n <div class=\"eb-product-carousel-item\">\n        <div class=\"eb-product-carousel-item-inner\">\n                        <div class=\"eb-woo-product-image-wrapper\">\n                <div class=\"eb-woo-product-image\">\n                    <a href=\"https:\/\/phasak.com\/pt-pt\/catalogo\/modulo-de-ventilacao-4-x-120-mm-pho-5644\/\" class=\"eb-woo-product-image-link\">\n                                                    <span class=\"eb-woo-product-overlay\"><\/span>\n                                                <img loading=\"lazy\" decoding=\"async\" width=\"1000\" height=\"1000\" src=\"https:\/\/phasak.com\/wp-content\/uploads\/Modulo-de-ventilacion-PHASAK-PHO-5644.png\" class=\"attachment-full size-full\" alt=\"M\u00f3dulo de ventila\u00e7\u00e3o 4 x 120 mm - PHO 5644\" title=\"\">                    <\/a>\n                                    <\/div>\n            <\/div>\n                            <div class=\"eb-woo-product-content-wrapper\">\n                    <div class=\"eb-woo-product-content\">\n                                                    <h3 class=\"eb-woo-product-title\">\n    <a href=\"https:\/\/phasak.com\/pt-pt\/catalogo\/modulo-de-ventilacao-4-x-120-mm-pho-5644\/\">\n        M\u00f3dulo de ventila\u00e7\u00e3o 4 x 120 mm &#8211; PHO 5644    <\/a>\n<\/h3>\n                                                        <div class=\"eb-woo-product-pricing-wrap\">\n                                <p class=\"eb-woo-product-price\">\n\t<\/p>\n\n                            <\/div>\n                                                    <div class=\"eb-woo-product-button-list\">\n    \t<span id=\"woocommerce_loop_add_to_cart_link_describedby_12272\" class=\"screen-reader-text\">\n\t\t\t<\/span>\n\n    <\/div>                    <\/div>\n                <\/div>\n                                <\/div>\n    <\/div>\n <div class=\"eb-product-carousel-item\">\n        <div class=\"eb-product-carousel-item-inner\">\n                        <div class=\"eb-woo-product-image-wrapper\">\n                <div class=\"eb-woo-product-image\">\n                    <a href=\"https:\/\/phasak.com\/pt-pt\/catalogo\/modulo-com-termostato-4-x-120-mm-pho-5654\/\" class=\"eb-woo-product-image-link\">\n                                                    <span class=\"eb-woo-product-overlay\"><\/span>\n                                                <img loading=\"lazy\" decoding=\"async\" width=\"1000\" height=\"1000\" src=\"https:\/\/phasak.com\/wp-content\/uploads\/Modulo-de-ventilacion-PHASAK-PHO-5654.png\" class=\"attachment-full size-full\" alt=\"M\u00f3dulo com term\u00f3stato 4 x 120 mm - PHO 5654\" title=\"\">                    <\/a>\n                                    <\/div>\n            <\/div>\n                            <div class=\"eb-woo-product-content-wrapper\">\n                    <div class=\"eb-woo-product-content\">\n                                                    <h3 class=\"eb-woo-product-title\">\n    <a href=\"https:\/\/phasak.com\/pt-pt\/catalogo\/modulo-com-termostato-4-x-120-mm-pho-5654\/\">\n        M\u00f3dulo com term\u00f3stato 4 x 120 mm &#8211; PHO 5654    <\/a>\n<\/h3>\n                                                        <div class=\"eb-woo-product-pricing-wrap\">\n                                <p class=\"eb-woo-product-price\">\n\t<\/p>\n\n                            <\/div>\n                                                    <div class=\"eb-woo-product-button-list\">\n    \t<span id=\"woocommerce_loop_add_to_cart_link_describedby_11272\" class=\"screen-reader-text\">\n\t\t\t<\/span>\n\n    <\/div>                    <\/div>\n                <\/div>\n                                <\/div>\n    <\/div>\n<\/div>                                <\/div>\n    <\/div>\n<\/div>","protected":false},"excerpt":{"rendered":"","protected":false},"author":2,"featured_media":0,"parent":0,"menu_order":0,"comment_status":"closed","ping_status":"closed","template":"","meta":{"_eb_attr":"","_eb_data_table":"","_kad_post_transparent":"","_kad_post_title":"","_kad_post_layout":"","_kad_post_sidebar_id":"","_kad_post_content_style":"","_kad_post_vertical_padding":"","_kad_post_feature":"","_kad_post_feature_position":"","_kad_post_header":false,"_kad_post_footer":false,"_kad_post_classname":"","footnotes":""},"class_list":["post-7490","page","type-page","status-publish","hentry"],"_links":{"self":[{"href":"https:\/\/phasak.com\/pt-pt\/wp-json\/wp\/v2\/pages\/7490","targetHints":{"allow":["GET"]}}],"collection":[{"href":"https:\/\/phasak.com\/pt-pt\/wp-json\/wp\/v2\/pages"}],"about":[{"href":"https:\/\/phasak.com\/pt-pt\/wp-json\/wp\/v2\/types\/page"}],"author":[{"embeddable":true,"href":"https:\/\/phasak.com\/pt-pt\/wp-json\/wp\/v2\/users\/2"}],"replies":[{"embeddable":true,"href":"https:\/\/phasak.com\/pt-pt\/wp-json\/wp\/v2\/comments?post=7490"}],"version-history":[{"count":6,"href":"https:\/\/phasak.com\/pt-pt\/wp-json\/wp\/v2\/pages\/7490\/revisions"}],"predecessor-version":[{"id":13163,"href":"https:\/\/phasak.com\/pt-pt\/wp-json\/wp\/v2\/pages\/7490\/revisions\/13163"}],"wp:attachment":[{"href":"https:\/\/phasak.com\/pt-pt\/wp-json\/wp\/v2\/media?parent=7490"}],"curies":[{"name":"wp","href":"https:\/\/api.w.org\/{rel}","templated":true}]}}