{"id":13151,"date":"2022-05-25T09:17:06","date_gmt":"2022-05-25T08:17:06","guid":{"rendered":"https:\/\/phasak.com\/protekt-rack\/"},"modified":"2026-03-20T13:43:25","modified_gmt":"2026-03-20T12:43:25","slug":"protekt-rack","status":"publish","type":"page","link":"https:\/\/phasak.com\/pt-pt\/protekt-rack\/","title":{"rendered":"Protekt Rack"},"content":{"rendered":"\n<div class=\"wp-block-essential-blocks-advanced-heading  root-eb-advance-heading-7symf\"><div class=\"eb-parent-wrapper eb-parent-eb-advance-heading-7symf \"><div class=\"eb-advance-heading-wrapper eb-advance-heading-7symf button-1 waviy\" data-id=\"eb-advance-heading-7symf\"><h2 class=\"eb-ah-title\"><span class=\"first-title\">S\u00e9rie Protekt Rack 19&#8243;<\/span><\/h2><\/div><\/div><\/div>\n<div class=\"root-eb-woo-product-carousel-74om7 wp-block-essential-blocks-pro-woo-product-carousel\">\n    <div class=\"eb-parent-wrapper eb-parent-eb-woo-product-carousel-74om7\">\n        <div class=\"eb-woo-product-carousel-74om7 eb-product-carousel-preset-3  slick-arrows equal-height dot-style-default eb-product-carousel-wrap\"\n            data-id=\"eb-woo-product-carousel-74om7\" data-querydata=\"{&quot;per_page&quot;:&quot;3&quot;,&quot;offset&quot;:&quot;0&quot;,&quot;source&quot;:&quot;products&quot;,&quot;rest_base&quot;:&quot;products&quot;,&quot;rest_namespace&quot;:&quot;wc\\\/v3&quot;,&quot;query_type&quot;:&quot;custom_query&quot;,&quot;product&quot;:&quot;[{\\&quot;label\\&quot;:\\&quot;Current Product\\&quot;,\\&quot;value\\&quot;:\\&quot;current_product\\&quot;}]&quot;,&quot;exclude_ids&quot;:[],&quot;category&quot;:[],&quot;tag&quot;:[],&quot;excludeCategory&quot;:[],&quot;excludeTag&quot;:[],&quot;orderby&quot;:&quot;id&quot;,&quot;order&quot;:&quot;asc&quot;,&quot;include&quot;:&quot;3999,4000,4001&quot;,&quot;exclude&quot;:[]}\"\n            data-slidersettings=\"{&quot;centerMode&quot;:false,&quot;arrows&quot;:true,&quot;dots&quot;:false,&quot;autoplaySpeed&quot;:3000,&quot;speed&quot;:500,&quot;autoplay&quot;:true,&quot;infinite&quot;:true,&quot;pauseOnHover&quot;:true,&quot;slideToShowRange&quot;:3,&quot;TABslideToShowRange&quot;:2,&quot;MOBslideToShowRange&quot;:1,&quot;carouselPreset&quot;:&quot;preset-3&quot;}\"\n            data-attributes=\"{&quot;carouselPreset&quot;:&quot;preset-3&quot;,&quot;saleBadgeAlign&quot;:&quot;align-left&quot;,&quot;saleText&quot;:&quot;sale&quot;,&quot;showRating&quot;:false,&quot;ratingStyle&quot;:&quot;star&quot;,&quot;showPrice&quot;:true,&quot;showSaleBadge&quot;:true,&quot;showCategory&quot;:false,&quot;isCustomCartBtn&quot;:false,&quot;simpleCartText&quot;:&quot;Buy Now&quot;,&quot;variableCartText&quot;:&quot;Select Options&quot;,&quot;groupedCartText&quot;:&quot;View Products&quot;,&quot;externalCartText&quot;:&quot;Buy Now&quot;,&quot;defaultCartText&quot;:&quot;Read More&quot;,&quot;buttonText&quot;:&quot;View Product&quot;,&quot;dotPreset&quot;:&quot;dot-style-default&quot;,&quot;adaptiveHeight&quot;:true,&quot;imageSize&quot;:&quot;full&quot;,&quot;sectionTitle&quot;:&quot;Popular Products&quot;,&quot;showBlockContent&quot;:true,&quot;titleTag&quot;:&quot;h3&quot;}\">\n            <div class=\"eb-product-carousel\"> <div class=\"eb-product-carousel-item\">\n        <div class=\"eb-product-carousel-item-inner\">\n                        <div class=\"eb-woo-product-image-wrapper\">\n                <div class=\"eb-woo-product-image\">\n                    <a href=\"https:\/\/phasak.com\/pt-pt\/catalogo\/ups-phasak-protekt-rack-interativo-1260-va-ph-7512\/\" class=\"eb-woo-product-image-link\">\n                                                    <span class=\"eb-woo-product-overlay\"><\/span>\n                                                <img loading=\"lazy\" decoding=\"async\" width=\"2000\" height=\"1614\" src=\"https:\/\/phasak.com\/wp-content\/uploads\/2022\/05\/PH-7512.png\" class=\"attachment-full size-full\" alt=\"UPS PHASAK Protekt Rack Interativo 1260 VA - PH 7512\" title=\"\">                    <\/a>\n                                    <\/div>\n            <\/div>\n                            <div class=\"eb-woo-product-content-wrapper\">\n                    <div class=\"eb-woo-product-content\">\n                                                    <h3 class=\"eb-woo-product-title\">\n    <a href=\"https:\/\/phasak.com\/pt-pt\/catalogo\/ups-phasak-protekt-rack-interativo-1260-va-ph-7512\/\">\n        UPS PHASAK Protekt Rack Interativo 1260 VA &#8211; PH 7512    <\/a>\n<\/h3>\n                                                        <div class=\"eb-woo-product-pricing-wrap\">\n                                <p class=\"eb-woo-product-price\">\n\t<\/p>\n\n                            <\/div>\n                                                    <div class=\"eb-woo-product-button-list\">\n    \t<span id=\"woocommerce_loop_add_to_cart_link_describedby_12363\" class=\"screen-reader-text\">\n\t\t\t<\/span>\n\n    <\/div>                    <\/div>\n                <\/div>\n                                <\/div>\n    <\/div>\n <div class=\"eb-product-carousel-item\">\n        <div class=\"eb-product-carousel-item-inner\">\n                        <div class=\"eb-woo-product-image-wrapper\">\n                <div class=\"eb-woo-product-image\">\n                    <a href=\"https:\/\/phasak.com\/pt-pt\/catalogo\/ups-phasak-protekt-torre-interativo-2160-va-ph-7521\/\" class=\"eb-woo-product-image-link\">\n                                                    <span class=\"eb-woo-product-overlay\"><\/span>\n                                                <img loading=\"lazy\" decoding=\"async\" width=\"2000\" height=\"1614\" src=\"https:\/\/phasak.com\/wp-content\/uploads\/2022\/05\/PH-7512.png\" class=\"attachment-full size-full\" alt=\"UPS Phasak Protekt Torre Interativo 2160 VA - PH 7521\" title=\"\">                    <\/a>\n                                    <\/div>\n            <\/div>\n                            <div class=\"eb-woo-product-content-wrapper\">\n                    <div class=\"eb-woo-product-content\">\n                                                    <h3 class=\"eb-woo-product-title\">\n    <a href=\"https:\/\/phasak.com\/pt-pt\/catalogo\/ups-phasak-protekt-torre-interativo-2160-va-ph-7521\/\">\n        UPS Phasak Protekt Torre Interativo 2160 VA &#8211; PH 7521    <\/a>\n<\/h3>\n                                                        <div class=\"eb-woo-product-pricing-wrap\">\n                                <p class=\"eb-woo-product-price\">\n\t<\/p>\n\n                            <\/div>\n                                                    <div class=\"eb-woo-product-button-list\">\n    \t<span id=\"woocommerce_loop_add_to_cart_link_describedby_12367\" class=\"screen-reader-text\">\n\t\t\t<\/span>\n\n    <\/div>                    <\/div>\n                <\/div>\n                                <\/div>\n    <\/div>\n <div class=\"eb-product-carousel-item\">\n        <div class=\"eb-product-carousel-item-inner\">\n                        <div class=\"eb-woo-product-image-wrapper\">\n                <div class=\"eb-woo-product-image\">\n                    <a href=\"https:\/\/phasak.com\/pt-pt\/catalogo\/ups-phasak-protekt-torre-interativo-3060-va-ph-7530\/\" class=\"eb-woo-product-image-link\">\n                                                    <span class=\"eb-woo-product-overlay\"><\/span>\n                                                <img loading=\"lazy\" decoding=\"async\" width=\"2000\" height=\"1614\" src=\"https:\/\/phasak.com\/wp-content\/uploads\/2022\/05\/PH-7512.png\" class=\"attachment-full size-full\" alt=\"UPS Phasak Protekt Torre Interativo 3060 VA - PH 7530\" title=\"\">                    <\/a>\n                                    <\/div>\n            <\/div>\n                            <div class=\"eb-woo-product-content-wrapper\">\n                    <div class=\"eb-woo-product-content\">\n                                                    <h3 class=\"eb-woo-product-title\">\n    <a href=\"https:\/\/phasak.com\/pt-pt\/catalogo\/ups-phasak-protekt-torre-interativo-3060-va-ph-7530\/\">\n        UPS Phasak Protekt Torre Interativo 3060 VA &#8211; PH 7530    <\/a>\n<\/h3>\n                                                        <div class=\"eb-woo-product-pricing-wrap\">\n                                <p class=\"eb-woo-product-price\">\n\t<\/p>\n\n                            <\/div>\n                                                    <div class=\"eb-woo-product-button-list\">\n    \t<span id=\"woocommerce_loop_add_to_cart_link_describedby_12355\" class=\"screen-reader-text\">\n\t\t\t<\/span>\n\n    <\/div>                    <\/div>\n                <\/div>\n                                <\/div>\n    <\/div>\n<\/div>                                <\/div>\n    <\/div>\n<\/div><div class=\"root-eb-woo-product-carousel-3tkfo wp-block-essential-blocks-pro-woo-product-carousel\">\n    <div class=\"eb-parent-wrapper eb-parent-eb-woo-product-carousel-3tkfo\">\n        <div class=\"eb-woo-product-carousel-3tkfo eb-product-carousel-preset-3  slick-arrows equal-height dot-style-default eb-product-carousel-wrap\"\n            data-id=\"eb-woo-product-carousel-3tkfo\" data-querydata=\"{&quot;per_page&quot;:&quot;3&quot;,&quot;offset&quot;:&quot;0&quot;,&quot;source&quot;:&quot;products&quot;,&quot;rest_base&quot;:&quot;products&quot;,&quot;rest_namespace&quot;:&quot;wc\\\/v3&quot;,&quot;query_type&quot;:&quot;custom_query&quot;,&quot;product&quot;:&quot;[{\\&quot;label\\&quot;:\\&quot;Current Product\\&quot;,\\&quot;value\\&quot;:\\&quot;current_product\\&quot;}]&quot;,&quot;exclude_ids&quot;:[],&quot;category&quot;:[],&quot;tag&quot;:[],&quot;excludeCategory&quot;:[],&quot;excludeTag&quot;:[],&quot;orderby&quot;:&quot;id&quot;,&quot;order&quot;:&quot;asc&quot;,&quot;include&quot;:&quot;7734,7733&quot;,&quot;exclude&quot;:[]}\"\n            data-slidersettings=\"{&quot;centerMode&quot;:false,&quot;arrows&quot;:true,&quot;dots&quot;:false,&quot;autoplaySpeed&quot;:3000,&quot;speed&quot;:500,&quot;autoplay&quot;:true,&quot;infinite&quot;:true,&quot;pauseOnHover&quot;:true,&quot;slideToShowRange&quot;:3,&quot;TABslideToShowRange&quot;:2,&quot;MOBslideToShowRange&quot;:1,&quot;carouselPreset&quot;:&quot;preset-3&quot;}\"\n            data-attributes=\"{&quot;carouselPreset&quot;:&quot;preset-3&quot;,&quot;saleBadgeAlign&quot;:&quot;align-left&quot;,&quot;saleText&quot;:&quot;sale&quot;,&quot;showRating&quot;:false,&quot;ratingStyle&quot;:&quot;star&quot;,&quot;showPrice&quot;:true,&quot;showSaleBadge&quot;:true,&quot;showCategory&quot;:false,&quot;isCustomCartBtn&quot;:false,&quot;simpleCartText&quot;:&quot;Buy Now&quot;,&quot;variableCartText&quot;:&quot;Select Options&quot;,&quot;groupedCartText&quot;:&quot;View Products&quot;,&quot;externalCartText&quot;:&quot;Buy Now&quot;,&quot;defaultCartText&quot;:&quot;Read More&quot;,&quot;buttonText&quot;:&quot;View Product&quot;,&quot;dotPreset&quot;:&quot;dot-style-default&quot;,&quot;adaptiveHeight&quot;:true,&quot;imageSize&quot;:&quot;full&quot;,&quot;sectionTitle&quot;:&quot;Popular Products&quot;,&quot;showBlockContent&quot;:true,&quot;titleTag&quot;:&quot;h3&quot;}\">\n            <div class=\"eb-product-carousel\"> <div class=\"eb-product-carousel-item\">\n        <div class=\"eb-product-carousel-item-inner\">\n                        <div class=\"eb-woo-product-image-wrapper\">\n                <div class=\"eb-woo-product-image\">\n                    <a href=\"https:\/\/phasak.com\/pt-pt\/catalogo\/ups-phasak-protekt-slim-rack-interativo-1500-va-ph-7541\/\" class=\"eb-woo-product-image-link\">\n                                                    <span class=\"eb-woo-product-overlay\"><\/span>\n                                                <img loading=\"lazy\" decoding=\"async\" width=\"1000\" height=\"1000\" src=\"https:\/\/phasak.com\/wp-content\/uploads\/1-2.png\" class=\"attachment-full size-full\" alt=\"UPS Phasak Protekt Slim Rack Interativo 1500 VA \u2013 PH 7541\" title=\"\">                    <\/a>\n                                    <\/div>\n            <\/div>\n                            <div class=\"eb-woo-product-content-wrapper\">\n                    <div class=\"eb-woo-product-content\">\n                                                    <h3 class=\"eb-woo-product-title\">\n    <a href=\"https:\/\/phasak.com\/pt-pt\/catalogo\/ups-phasak-protekt-slim-rack-interativo-1500-va-ph-7541\/\">\n        UPS Phasak Protekt Slim Rack Interativo 1500 VA \u2013 PH 7541    <\/a>\n<\/h3>\n                                                        <div class=\"eb-woo-product-pricing-wrap\">\n                                <p class=\"eb-woo-product-price\">\n\t<\/p>\n\n                            <\/div>\n                                                    <div class=\"eb-woo-product-button-list\">\n    \t<span id=\"woocommerce_loop_add_to_cart_link_describedby_11542\" class=\"screen-reader-text\">\n\t\t\t<\/span>\n\n    <\/div>                    <\/div>\n                <\/div>\n                                <\/div>\n    <\/div>\n <div class=\"eb-product-carousel-item\">\n        <div class=\"eb-product-carousel-item-inner\">\n                        <div class=\"eb-woo-product-image-wrapper\">\n                <div class=\"eb-woo-product-image\">\n                    <a href=\"https:\/\/phasak.com\/pt-pt\/catalogo\/ups-phasak-protekt-slim-rack-interativo-750-va-ph-7540\/\" class=\"eb-woo-product-image-link\">\n                                                    <span class=\"eb-woo-product-overlay\"><\/span>\n                                                <img loading=\"lazy\" decoding=\"async\" width=\"1000\" height=\"1000\" src=\"https:\/\/phasak.com\/wp-content\/uploads\/1-2.png\" class=\"attachment-full size-full\" alt=\"UPS PHASAK Protekt Slim Rack Interativo 750 VA \u2013 PH 7540\" title=\"\">                    <\/a>\n                                    <\/div>\n            <\/div>\n                            <div class=\"eb-woo-product-content-wrapper\">\n                    <div class=\"eb-woo-product-content\">\n                                                    <h3 class=\"eb-woo-product-title\">\n    <a href=\"https:\/\/phasak.com\/pt-pt\/catalogo\/ups-phasak-protekt-slim-rack-interativo-750-va-ph-7540\/\">\n        UPS PHASAK Protekt Slim Rack Interativo 750 VA \u2013 PH 7540    <\/a>\n<\/h3>\n                                                        <div class=\"eb-woo-product-pricing-wrap\">\n                                <p class=\"eb-woo-product-price\">\n\t<\/p>\n\n                            <\/div>\n                                                    <div class=\"eb-woo-product-button-list\">\n    \t<span id=\"woocommerce_loop_add_to_cart_link_describedby_11535\" class=\"screen-reader-text\">\n\t\t\t<\/span>\n\n    <\/div>                    <\/div>\n                <\/div>\n                                <\/div>\n    <\/div>\n<\/div>                                <\/div>\n    <\/div>\n<\/div>\n<div class=\"wp-block-columns alignwide are-vertically-aligned-center is-layout-flex wp-container-core-columns-is-layout-9d6595d7 wp-block-columns-is-layout-flex\">\n<div class=\"wp-block-column is-vertically-aligned-center is-layout-flow wp-block-column-is-layout-flow\">\n<div class=\"wp-block-essential-blocks-text root-eb-text-tdfzl\"><div class=\"eb-parent-wrapper eb-parent-eb-text-tdfzl \"><div class=\"eb-text-wrapper eb-text-tdfzl\" data-id=\"eb-text-tdfzl\"><h2 class=\"eb-text\">UPS Interativos Premium (rack 19&#8243;): A import\u00e2ncia da Onda Sinusoidal Pura<\/h2><\/div><\/div><\/div>\n\n\n\n<p class=\"has-text-align-left has-medium-font-size\"><\/p><p class=\"has-text-align-left has-medium-font-size coblocks-animate\" data-coblocks-animation=\"slideInBottom\">A <strong>S\u00e9rie Protekt Rack da PHASAK<\/strong> foi concebida para oferecer <strong>prote\u00e7\u00e3o el\u00e9trica fi\u00e1vel e eficiente<\/strong> em ambientes profissionais, combinando tecnologia interativa com <strong>sa\u00edda de onda sinusoidal pura monof\u00e1sica<\/strong>. Dispon\u00edvel em formatos <strong>Rack 19\u201d e Slim de 1U<\/strong>, esta s\u00e9rie adapta-se a diversas necessidades de instala\u00e7\u00e3o, proporcionando <strong>seguran\u00e7a, estabilidade e alto desempenho<\/strong> para equipamentos cr\u00edticos. <\/p>\n\n\n\n<p class=\"has-text-align-left has-medium-font-size\">O formato padr\u00e3o <strong>2U<\/strong> garante <strong>m\u00e1xima robustez e capacidade<\/strong>, ideal para <strong>instala\u00e7\u00f5es tradicionais<\/strong> que requerem uma solu\u00e7\u00e3o potente e duradoura. Por outro lado, o design <strong>Slim de 1U<\/strong> \u00e9 a op\u00e7\u00e3o perfeita para ambientes onde a <strong>poupan\u00e7a de espa\u00e7o<\/strong> \u00e9 fundamental, oferecendo a mesma prote\u00e7\u00e3o avan\u00e7ada num tamanho compacto. <\/p>\n\n\n\n<p class=\"has-medium-font-size\">Equipados com <strong>Regulador Autom\u00e1tico de Tens\u00e3o (AVR)<\/strong> e compatibilidade com sistemas de gest\u00e3o remota, os modelos da S\u00e9rie Protekt Rack asseguram uma <strong>alimenta\u00e7\u00e3o est\u00e1vel e livre de flutua\u00e7\u00f5es<\/strong>, protegendo servidores, sistemas de telecomunica\u00e7\u00f5es, centros de dados e equipamentos de rede.<\/p>\n<\/div>\n\n\n\n<div class=\"wp-block-column is-vertically-aligned-center is-layout-flow wp-block-column-is-layout-flow\">\n<div class=\"wp-block-essential-blocks-feature-list root-eb-feature-list-wz4wx\"><div class=\"eb-parent-wrapper eb-parent-eb-feature-list-wz4wx eb_animation eb___animated eb___fadeInUp\"><div class=\"eb-feature-list-wz4wx eb-feature-list-wrapper eb-icon-position-left eb-tablet-icon-position-left eb-mobile-icon-position-left eb-feature-list-left\"><ul class=\"eb-feature-list-items circle stacked\"><li class=\"eb-feature-list-item\" data-new-tab=\"false\" data-icon-type=\"icon\" data-icon=\"fas fa-ranking-star\" data-icon-color=\"\" data-link=\"\" data-show-badge=\"false\"><div class=\"eb-feature-list-icon-box\"><div class=\"eb-feature-list-icon-inner \"><span class=\"eb-feature-list-icon\" style=\"color:\"><i icon=\"fas fa-ranking-star\" class=\"fas fa-ranking-star \"><\/i><\/span><\/div><\/div><div class=\"eb-feature-list-content-box\"><div class=\"eb-feature-list-title-wrapper\"><h3 class=\"eb-feature-list-title\">Regulador Autom\u00e1tico de Tens\u00e3o (AVR) <\/h3><\/div><p class=\"eb-feature-list-content\">Ajusta as varia\u00e7\u00f5es de tens\u00e3o para proporcionar uma tens\u00e3o est\u00e1vel aos dispositivos conectados, essencial para prevenir danos por sobretens\u00f5es ou quedas de tens\u00e3o.<\/p><\/div><\/li><li class=\"eb-feature-list-item\" data-new-tab=\"false\" data-icon-type=\"icon\" data-icon=\"fas fa-wave-square\" data-icon-color=\"\" data-link=\"Dise\u00f1o Rack 19\" de 1U y 2U\" data-show-badge=\"false\"><div class=\"eb-feature-list-icon-box\"><div class=\"eb-feature-list-icon-inner \"><span class=\"eb-feature-list-icon\" style=\"color:\"><i icon=\"fas fa-wave-square\" class=\"fas fa-wave-square \"><\/i><\/span><\/div><\/div><div class=\"eb-feature-list-content-box\"><div class=\"eb-feature-list-title-wrapper\"><h3 class=\"eb-feature-list-title\"><a href=\"#\" target=\"_self\" rel=\"noopener\">Onda Sinusoidal Pura<\/a><\/h3><\/div><p class=\"eb-feature-list-content\">Oferece uma alimenta\u00e7\u00e3o energ\u00e9tica limpa e est\u00e1vel, essencial para equipamentos sens\u00edveis e de alta precis\u00e3o, assegurando uma compatibilidade universal.<\/p><\/div><\/li><li class=\"eb-feature-list-item\" data-new-tab=\"false\" data-icon-type=\"icon\" data-icon=\"far fa-square\" data-icon-color=\"\" data-link=\"\" data-show-badge=\"false\"><div class=\"eb-feature-list-icon-box\"><div class=\"eb-feature-list-icon-inner \"><span class=\"eb-feature-list-icon\" style=\"color:\"><i icon=\"far fa-square\" class=\"far fa-square \"><\/i><\/span><\/div><\/div><div class=\"eb-feature-list-content-box\"><div class=\"eb-feature-list-title-wrapper\"><h3 class=\"eb-feature-list-title\">Design Rack 19&#8243; em 1U e 2U<\/h3><\/div><p class=\"eb-feature-list-content\">Design adaptado ao formato universal de 19&#8243;. Dispon\u00edveis em 2U e 1U (Slim) <\/p><\/div><\/li><li class=\"eb-feature-list-item\" data-new-tab=\"false\" data-icon-type=\"icon\" data-icon=\"fas fa-car-battery\" data-icon-color=\"\" data-link=\"\" data-show-badge=\"false\"><div class=\"eb-feature-list-icon-box\"><div class=\"eb-feature-list-icon-inner \"><span class=\"eb-feature-list-icon\" style=\"color:\"><i icon=\"fas fa-car-battery\" class=\"fas fa-car-battery \"><\/i><\/span><\/div><\/div><div class=\"eb-feature-list-content-box\"><div class=\"eb-feature-list-title-wrapper\"><h3 class=\"eb-feature-list-title\">Back-up Contra Sobretens\u00e3o<\/h3><\/div><p class=\"eb-feature-list-content\">Oferece uma fonte de alimenta\u00e7\u00e3o de reserva em caso de cortes de energia, permitindo que os dispositivos essenciais continuem a operar sem interrup\u00e7\u00f5es.<\/p><\/div><\/li><li class=\"eb-feature-list-item\" data-new-tab=\"false\" data-icon-type=\"icon\" data-icon=\"fas fa-bolt-lightning\" data-icon-color=\"\" data-link=\"\" data-show-badge=\"false\"><div class=\"eb-feature-list-icon-box\"><div class=\"eb-feature-list-icon-inner \"><span class=\"eb-feature-list-icon\" style=\"color:\"><i icon=\"fas fa-bolt-lightning\" class=\"fas fa-bolt-lightning \"><\/i><\/span><\/div><\/div><div class=\"eb-feature-list-content-box\"><div class=\"eb-feature-list-title-wrapper\"><h3 class=\"eb-feature-list-title\">Prote\u00e7\u00e3o Contra Sobretens\u00e3o<\/h3><\/div><p class=\"eb-feature-list-content\">Defende os equipamentos conectados contra picos de tens\u00e3o, protegendo-os de poss\u00edveis danos.<\/p><\/div><\/li><li class=\"eb-feature-list-item\" data-new-tab=\"false\" data-icon-type=\"icon\" data-icon=\"fas fa-stopwatch-20\" data-icon-color=\"\" data-link=\"\" data-show-badge=\"false\"><div class=\"eb-feature-list-icon-box\"><div class=\"eb-feature-list-icon-inner \"><span class=\"eb-feature-list-icon\" style=\"color:\"><i icon=\"fas fa-stopwatch-20\" class=\"fas fa-stopwatch-20 \"><\/i><\/span><\/div><\/div><div class=\"eb-feature-list-content-box\"><div class=\"eb-feature-list-title-wrapper\"><h3 class=\"eb-feature-list-title\">Rein\u00edcio Autom\u00e1tico<\/h3><\/div><p class=\"eb-feature-list-content\">Restabelece automaticamente a alimenta\u00e7\u00e3o dos dispositivos conectados ap\u00f3s uma interrup\u00e7\u00e3o de energia, uma vez que o fornecimento el\u00e9trico \u00e9 restaurado<\/p><\/div><\/li><li class=\"eb-feature-list-item\" data-new-tab=\"false\" data-icon-type=\"icon\" data-icon=\"fas fa-battery-half\" data-icon-color=\"\" data-link=\"\" data-show-badge=\"false\"><div class=\"eb-feature-list-icon-box\"><div class=\"eb-feature-list-icon-inner \"><span class=\"eb-feature-list-icon\" style=\"color:\"><i icon=\"fas fa-battery-half\" class=\"fas fa-battery-half \"><\/i><\/span><\/div><\/div><div class=\"eb-feature-list-content-box\"><div class=\"eb-feature-list-title-wrapper\"><h3 class=\"eb-feature-list-title\">Recarga Autom\u00e1tica<\/h3><\/div><p class=\"eb-feature-list-content\">As baterias do UPS recarregam-se automaticamente ap\u00f3s um corte de energia, assegurando a sua disponibilidade para o pr\u00f3ximo uso<\/p><\/div><\/li><li class=\"eb-feature-list-item\" data-new-tab=\"false\" data-icon-type=\"icon\" data-icon=\"far fa-snowflake\" data-icon-color=\"\" data-link=\"\" data-show-badge=\"false\"><div class=\"eb-feature-list-icon-box\"><div class=\"eb-feature-list-icon-inner \"><span class=\"eb-feature-list-icon\" style=\"color:\"><i icon=\"far fa-snowflake\" class=\"far fa-snowflake \"><\/i><\/span><\/div><\/div><div class=\"eb-feature-list-content-box\"><div class=\"eb-feature-list-title-wrapper\"><h3 class=\"eb-feature-list-title\">Arranque a Frio e Carga Fora de Linha<\/h3><\/div><p class=\"eb-feature-list-content\">Permite que o UPS se ative e forne\u00e7a energia aos dispositivos conectados mesmo sem corrente el\u00e9trica, proporcionando uma prote\u00e7\u00e3o adicional durante apag\u00f5es.<\/p><\/div><\/li><\/ul><\/div><\/div><\/div>\n<\/div>\n<\/div>\n\n<div style=\"height:58px\" aria-hidden=\"true\" class=\"wp-block-spacer\"><\/div>\n<div class=\"wp-block-image\">\n<figure class=\"aligncenter size-large is-resized\"><img loading=\"lazy\" decoding=\"async\" width=\"1024\" height=\"567\" src=\"https:\/\/phasak.com\/wp-content\/uploads\/proteck-rack-19-1024x567.webp\" alt=\"\u2013\" class=\"wp-image-10262\" style=\"width:928px;height:auto\" title=\"\" srcset=\"https:\/\/phasak.com\/wp-content\/uploads\/proteck-rack-19-1024x567.webp 1024w, https:\/\/phasak.com\/wp-content\/uploads\/proteck-rack-19-400x222.webp 400w, https:\/\/phasak.com\/wp-content\/uploads\/proteck-rack-19-300x166.webp 300w, https:\/\/phasak.com\/wp-content\/uploads\/proteck-rack-19-768x425.webp 768w, https:\/\/phasak.com\/wp-content\/uploads\/proteck-rack-19-1536x851.webp 1536w, https:\/\/phasak.com\/wp-content\/uploads\/proteck-rack-19-2048x1134.webp 2048w\" sizes=\"auto, (max-width: 1024px) 100vw, 1024px\" \/><\/figure>\n<\/div>","protected":false},"excerpt":{"rendered":"<p>A s\u00e9rie Protekt Rack da PHASAK distingue-se pela sua integra\u00e7\u00e3o da avan\u00e7ada tecnologia interativa Sinusoidal Pura Monof\u00e1sica, concebida especificamente para utilizadores que procuram um n\u00edvel superior de prote\u00e7\u00e3o<\/p>\n","protected":false},"author":1,"featured_media":5389,"parent":0,"menu_order":0,"comment_status":"closed","ping_status":"closed","template":"","meta":{"_eb_attr":"","_eb_data_table":"","_kad_post_transparent":"","_kad_post_title":"","_kad_post_layout":"","_kad_post_sidebar_id":"","_kad_post_content_style":"","_kad_post_vertical_padding":"","_kad_post_feature":"","_kad_post_feature_position":"","_kad_post_header":false,"_kad_post_footer":false,"_kad_post_classname":"","footnotes":""},"class_list":["post-13151","page","type-page","status-publish","has-post-thumbnail","hentry"],"_links":{"self":[{"href":"https:\/\/phasak.com\/pt-pt\/wp-json\/wp\/v2\/pages\/13151","targetHints":{"allow":["GET"]}}],"collection":[{"href":"https:\/\/phasak.com\/pt-pt\/wp-json\/wp\/v2\/pages"}],"about":[{"href":"https:\/\/phasak.com\/pt-pt\/wp-json\/wp\/v2\/types\/page"}],"author":[{"embeddable":true,"href":"https:\/\/phasak.com\/pt-pt\/wp-json\/wp\/v2\/users\/1"}],"replies":[{"embeddable":true,"href":"https:\/\/phasak.com\/pt-pt\/wp-json\/wp\/v2\/comments?post=13151"}],"version-history":[{"count":2,"href":"https:\/\/phasak.com\/pt-pt\/wp-json\/wp\/v2\/pages\/13151\/revisions"}],"predecessor-version":[{"id":13159,"href":"https:\/\/phasak.com\/pt-pt\/wp-json\/wp\/v2\/pages\/13151\/revisions\/13159"}],"wp:featuredmedia":[{"embeddable":true,"href":"https:\/\/phasak.com\/pt-pt\/wp-json\/wp\/v2\/media\/5389"}],"wp:attachment":[{"href":"https:\/\/phasak.com\/pt-pt\/wp-json\/wp\/v2\/media?parent=13151"}],"curies":[{"name":"wp","href":"https:\/\/api.w.org\/{rel}","templated":true}]}}