{"id":13051,"date":"2023-03-27T13:10:03","date_gmt":"2023-03-27T12:10:03","guid":{"rendered":"https:\/\/phasak.com\/perguntas-frequentes\/"},"modified":"2026-03-20T13:41:57","modified_gmt":"2026-03-20T12:41:57","slug":"perguntas-frequentes","status":"publish","type":"page","link":"https:\/\/phasak.com\/pt-pt\/perguntas-frequentes\/","title":{"rendered":"Perguntas Frequentes"},"content":{"rendered":"\n<h2 class=\"has-large-font-size wp-block-heading\"><strong>Sistemas de Alimenta\u00e7\u00e3o Ininterrupta<\/strong><\/h2>\n\n<p class=\"has-medium-font-size\"><strong>O que \u00e9 e para que serve um UPS\/UPS?<\/strong><\/p>\n\n<p class=\"has-text-align-justify\"><strong>UPS<\/strong> \u00e9 a abreviatura de <strong>Sistema de Alimenta\u00e7\u00e3o Ininterrupta<\/strong> ou, pela sigla em ingl\u00eas, <strong>Uninterruptable Power Supply<\/strong>. S\u00e3o equipamentos especialmente concebidos para a <strong>prote\u00e7\u00e3o de todo o tipo de dispositivos<\/strong>, sejam <strong>dom\u00e9sticos, industriais ou estruturais<\/strong>, face a problemas el\u00e9tricos, cortes de fornecimento e danos provocados pelas varia\u00e7\u00f5es habituais na tens\u00e3o da rede el\u00e9trica.  <\/p>\n\n<p class=\"has-text-align-justify\">A fun\u00e7\u00e3o mais conhecida de um UPS \u00e9 fornecer energia el\u00e9trica durante algum tempo, atrav\u00e9s das baterias, aos equipamentos ligados ao UPS, por exemplo, <strong>perante um apag\u00e3o repentino<\/strong>, evitando danos e avarias de diferentes tipos. Os <strong>UPS PHASAK<\/strong> disp\u00f5em de um <strong>Regulador Autom\u00e1tico de Tens\u00e3o<\/strong> ou <strong>AVR<\/strong> (Automatic Voltage Regulator), que garante a estabilidade na corrente de sa\u00edda, eliminando os harm\u00f3nicos da rede el\u00e9trica e proporcionando uma alimenta\u00e7\u00e3o constante e est\u00e1vel, o que prolongar\u00e1 a vida \u00fatil e o desempenho dos equipamentos ligados. <\/p>\n\n<div style=\"height:29px\" aria-hidden=\"true\" class=\"wp-block-spacer\"><\/div>\n\n<p class=\"has-medium-font-size\"><strong>Qual \u00e9 a diferen\u00e7a entre a tecnologia Interativa e Online?<\/strong><\/p>\n\n<p>Ao longo dos 25 anos de vida da PHASAK, desenvolvemos e adapt\u00e1mos os nossos equipamentos ao mundo que nos rodeia. Os problemas, os dispositivos e, sobretudo, as solu\u00e7\u00f5es n\u00e3o param de mudar. Atualmente, pode dizer-se que existem 3 tecnologias principais:  <\/p>\n\n<ul class=\"wp-block-list\">\n<li>Tecnologia Offline<\/li>\n\n\n\n<li>Tecnologia Interativa<\/li>\n\n\n\n<li>Tecnologia Online<\/li>\n<\/ul>\n\n<p class=\"has-text-align-justify\">Os Sistemas de Alimenta\u00e7\u00e3o Ininterrupta com <strong>tecnologia offline<\/strong> s\u00e3o os mais simples e oferecem uma prote\u00e7\u00e3o b\u00e1sica contra apag\u00f5es e falhas de fornecimento; n\u00e3o garantem a estabilidade da corrente e, por isso, est\u00e3o praticamente em desuso. De facto, <strong>a PHASAK j\u00e1 n\u00e3o disp\u00f5e de refer\u00eancias equipadas exclusivamente com esta tecnologia.<\/strong><\/p>\n\n<p class=\"has-text-align-justify\">Os UPS Interativos s\u00e3o, de longe, <strong>os mais comuns em ambientes dom\u00e9sticos e pequenos escrit\u00f3rios.<\/strong> Gra\u00e7as ao sistema <strong>AVR incorporado<\/strong>, os UPS Interativos PHASAK n\u00e3o s\u00e3o utilizados apenas para a prote\u00e7\u00e3o de equipamentos inform\u00e1ticos, centrais telef\u00f3nicas ou televis\u00f5es; cada vez mais pessoas decidem proteger os seus investimentos com estes sistemas de seguran\u00e7a: desde <strong>aqu\u00e1rios dom\u00e9sticos<\/strong> ou <strong>instala\u00e7\u00f5es de streaming<\/strong>, at\u00e9 <strong>arcas congeladoras<\/strong> e <strong>sistemas de videovigil\u00e2ncia<\/strong>. A <strong>grande diferen\u00e7a<\/strong> entre a tecnologia offline e a interativa \u00e9 a <strong>presen\u00e7a do AVR<\/strong>, que entra em funcionamento quando ocorrem picos de alta ou baixa tens\u00e3o, <strong>estabilizando a corrente que entra no dispositivo ligado<\/strong> e atuando como <strong>barreira de conten\u00e7\u00e3o<\/strong> face a subidas ou descidas extremas, como as que acontecem durante uma trovoada. <\/p>\n\n<p>Os sistemas mais avan\u00e7ados s\u00e3o os <strong>Online com Dupla Convers\u00e3o Real<\/strong>, que oferecem um n\u00edvel de prote\u00e7\u00e3o completo e exaustivo contra falhas na corrente. Um UPS Online converte continuamente a corrente, n\u00e3o apenas quando ocorrem picos de tens\u00e3o, pelo que s\u00e3o a solu\u00e7\u00e3o ideal para equipamentos cr\u00edticos, empresas de certa dimens\u00e3o e servidores. <\/p>\n\n<div style=\"height:29px\" aria-hidden=\"true\" class=\"wp-block-spacer\"><\/div>\n\n<p class=\"has-medium-font-size\"><strong>O que \u00e9 um UPS Trif\u00e1sico?<\/strong><\/p>\n\n<p>S\u00e3o equipamentos de <strong>alta pot\u00eancia<\/strong> utilizados em instala\u00e7\u00f5es industriais, telecomunica\u00e7\u00f5es, centros de dados ou hospitais, entre outros. <strong>A PHASAK oferece Sistemas de Alimenta\u00e7\u00e3o Ininterrupta<\/strong> com <strong>alimenta\u00e7\u00e3o e sa\u00edda trif\u00e1sicas<\/strong>, e at\u00e9 convert\u00edveis, permitindo configurar a sa\u00edda inclusive em monof\u00e1sico.<\/p>\n\n<p>Estes equipamentos s\u00e3o utilizados principalmente em instala\u00e7\u00f5es industriais, data centers, controlo de tr\u00e1fego, telecomunica\u00e7\u00f5es, banca, laborat\u00f3rios, emissoras, etc.<\/p>\n\n<div style=\"height:29px\" aria-hidden=\"true\" class=\"wp-block-spacer\"><\/div>\n\n<p class=\"has-medium-font-size\"><strong>Como escolher um UPS?<\/strong><\/p>\n\n<p class=\"has-text-align-justify\">O <strong>primeiro<\/strong> aspeto que temos de ter claro \u00e9 <strong>o objetivo<\/strong> e os <strong>dispositivos ou a instala\u00e7\u00e3o que queremos proteger<\/strong>, pois n\u00e3o \u00e9 o mesmo comprar um UPS PHASAK para proteger um <strong>computador ou consola de videojogos<\/strong>, em que procuramos autonomia e prolongar a vida \u00fatil com um <strong><a href=\"https:\/\/phasak.com\/sais-ups-interactivos\/\" title=\"UPS \/ UPS Interativos\">UPS Interativo<\/a><\/strong>, do que para um <strong>centro de dados<\/strong> de uma empresa de m\u00e9dia dimens\u00e3o.<\/p>\n\n<p class=\"has-text-align-justify\">Em <strong>segundo lugar<\/strong>, devemos calcular a pot\u00eancia total que vamos ligar. O recomend\u00e1vel \u00e9 escolher um UPS que forne\u00e7a <strong>20-25% de pot\u00eancia acima da soma dos watts (W) dos equipamentos ligados.<\/strong> No caso, por exemplo, de um computador dom\u00e9stico de 400 W, recomendar\u00edamos escolher um equipamento com, pelo menos, 480 W. <\/p>\n\n<p>A escolha da pot\u00eancia e do n\u00famero de equipamentos ligados est\u00e1 diretamente relacionada com o tempo de backup (ou autonomia) que o UPS oferecer\u00e1 em caso de corte no fornecimento el\u00e9trico, uma vez que a bateria n\u00e3o se descarregar\u00e1 \u00e0 mesma velocidade se estiver a ser utilizada a 30%, 50% ou 90% da sua capacidade.<\/p>\n\n<p>Por <strong>\u00faltimo<\/strong>, uma vez que conhecemos as caracter\u00edsticas da nossa instala\u00e7\u00e3o e o objetivo, s\u00f3 falta escolher o modelo que se ajuste em tamanho, pre\u00e7o e n\u00famero de tomadas.<\/p>\n\n<p class=\"has-medium-font-size\"><strong>De que depende a autonomia dos equipamentos ligados?<\/strong><\/p>\n\n<p class=\"has-medium-font-size\"><strong>Necessitam de manuten\u00e7\u00e3o?<\/strong><\/p>\n\n<p class=\"has-medium-font-size\"><strong>Qual \u00e9 a vida \u00fatil de um UPS?<\/strong><\/p>\n\n<p class=\"has-medium-font-size\"><strong>Que garantias t\u00eam o UPS e a bateria?<\/strong><\/p>\n\n<p><\/p>\n\n<p><\/p>\n\n<p><\/p>\n","protected":false},"excerpt":{"rendered":"<p>Sistemas de Alimenta\u00e7\u00e3o Ininterrupta O que \u00e9 e para que serve um UPS\/UPS? UPS \u00e9 a abreviatura de Sistema de Alimenta\u00e7\u00e3o Ininterrupta ou, pela sigla em ingl\u00eas, Uninterruptable Power Supply. S\u00e3o equipamentos especialmente concebidos para a prote\u00e7\u00e3o de todo o tipo de dispositivos, sejam dom\u00e9sticos, industriais ou estruturais, face a problemas el\u00e9tricos, cortes de fornecimento&#8230;<\/p>\n","protected":false},"author":2,"featured_media":0,"parent":0,"menu_order":0,"comment_status":"closed","ping_status":"closed","template":"","meta":{"_eb_attr":"","_eb_data_table":"","_kad_post_transparent":"","_kad_post_title":"","_kad_post_layout":"","_kad_post_sidebar_id":"","_kad_post_content_style":"","_kad_post_vertical_padding":"","_kad_post_feature":"","_kad_post_feature_position":"","_kad_post_header":false,"_kad_post_footer":false,"_kad_post_classname":"","footnotes":""},"class_list":["post-13051","page","type-page","status-publish","hentry"],"_links":{"self":[{"href":"https:\/\/phasak.com\/pt-pt\/wp-json\/wp\/v2\/pages\/13051","targetHints":{"allow":["GET"]}}],"collection":[{"href":"https:\/\/phasak.com\/pt-pt\/wp-json\/wp\/v2\/pages"}],"about":[{"href":"https:\/\/phasak.com\/pt-pt\/wp-json\/wp\/v2\/types\/page"}],"author":[{"embeddable":true,"href":"https:\/\/phasak.com\/pt-pt\/wp-json\/wp\/v2\/users\/2"}],"replies":[{"embeddable":true,"href":"https:\/\/phasak.com\/pt-pt\/wp-json\/wp\/v2\/comments?post=13051"}],"version-history":[{"count":1,"href":"https:\/\/phasak.com\/pt-pt\/wp-json\/wp\/v2\/pages\/13051\/revisions"}],"predecessor-version":[{"id":13052,"href":"https:\/\/phasak.com\/pt-pt\/wp-json\/wp\/v2\/pages\/13051\/revisions\/13052"}],"wp:attachment":[{"href":"https:\/\/phasak.com\/pt-pt\/wp-json\/wp\/v2\/media?parent=13051"}],"curies":[{"name":"wp","href":"https:\/\/api.w.org\/{rel}","templated":true}]}}