{"id":12999,"date":"2022-10-03T12:36:02","date_gmt":"2022-10-03T11:36:02","guid":{"rendered":"https:\/\/phasak.com\/pasta-termica\/"},"modified":"2026-03-20T13:40:52","modified_gmt":"2026-03-20T12:40:52","slug":"pasta-termica","status":"publish","type":"page","link":"https:\/\/phasak.com\/pt-pt\/pasta-termica\/","title":{"rendered":"Pasta T\u00e9rmica"},"content":{"rendered":"\n<div class=\"wp-block-essential-blocks-advanced-heading  root-eb-advance-heading-xhmc6\"><div class=\"eb-parent-wrapper eb-parent-eb-advance-heading-xhmc6 \"><div class=\"eb-advance-heading-wrapper eb-advance-heading-xhmc6 button-1 undefined\" data-id=\"eb-advance-heading-xhmc6\"><h2 class=\"eb-ah-title\"><span class=\"first-title\">Pasta t\u00e9rmica em seringa<\/span><\/h2><\/div><\/div><\/div>\n\n<div class=\"wp-block-essential-blocks-text root-eb-text-nff7r\"><div class=\"eb-parent-wrapper eb-parent-eb-text-nff7r \"><div class=\"eb-text-wrapper eb-text-nff7r\" data-id=\"eb-text-nff7r\"><p class=\"eb-text\">Potencialize a refrigera\u00e7\u00e3o dos seus equipamentos com a <strong>massa t\u00e9rmica PHASAK<\/strong>. A nossa gama est\u00e1 formulada para oferecer <strong>alta condutividade e baixa imped\u00e2ncia<\/strong>, garantindo um <strong>contacto uniforme<\/strong> entre o chip e o dissipador para melhorar a transfer\u00eancia de calor e ajudar a manter <strong>temperaturas mais est\u00e1veis<\/strong>. Ideal para <strong>CPU, GPU, consolas, port\u00e1teis, mini-PC e esta\u00e7\u00f5es de trabalho<\/strong>, tanto em gaming como em ambientes profissionais e de manuten\u00e7\u00e3o.  <br><br>Escolha o formato que melhor se adequa \u00e0 sua utiliza\u00e7\u00e3o: <strong>Mini<\/strong> (0,5 g) para interven\u00e7\u00f5es pontuais, <strong>Max<\/strong> (1,5\u201325 g) para v\u00e1rias montagens e <strong>XL<\/strong> (50 g) para oficinas e servi\u00e7os t\u00e9cnicos. Todas as refer\u00eancias aplicam-se com facilidade, n\u00e3o s\u00e3o corrosivas e s\u00e3o compat\u00edveis com dissipadores e superf\u00edcies habituais. <\/p><\/div><\/div><\/div>\n<div class=\"root-eb-woo-product-carousel-74om7 wp-block-essential-blocks-pro-woo-product-carousel\">\n    <div class=\"eb-parent-wrapper eb-parent-eb-woo-product-carousel-74om7\">\n        <div class=\"eb-woo-product-carousel-74om7 eb-product-carousel-preset-3  slick-arrows equal-height dot-style-default eb-product-carousel-wrap\"\n            data-id=\"eb-woo-product-carousel-74om7\" data-querydata=\"{&quot;per_page&quot;:&quot;12&quot;,&quot;offset&quot;:&quot;0&quot;,&quot;source&quot;:&quot;products&quot;,&quot;rest_base&quot;:&quot;products&quot;,&quot;rest_namespace&quot;:&quot;wc\\\/v3&quot;,&quot;query_type&quot;:&quot;custom_query&quot;,&quot;product&quot;:&quot;[{\\&quot;label\\&quot;:\\&quot;Current Product\\&quot;,\\&quot;value\\&quot;:\\&quot;current_product\\&quot;}]&quot;,&quot;exclude_ids&quot;:[],&quot;category&quot;:&quot;175&quot;,&quot;tag&quot;:[],&quot;excludeCategory&quot;:[],&quot;excludeTag&quot;:[],&quot;orderby&quot;:&quot;id&quot;,&quot;order&quot;:&quot;asc&quot;,&quot;include&quot;:&quot;&quot;,&quot;exclude&quot;:[]}\"\n            data-slidersettings=\"{&quot;centerMode&quot;:false,&quot;arrows&quot;:true,&quot;dots&quot;:false,&quot;autoplaySpeed&quot;:3000,&quot;speed&quot;:500,&quot;autoplay&quot;:true,&quot;infinite&quot;:true,&quot;pauseOnHover&quot;:true,&quot;slideToShowRange&quot;:4,&quot;TABslideToShowRange&quot;:2,&quot;MOBslideToShowRange&quot;:1,&quot;carouselPreset&quot;:&quot;preset-3&quot;}\"\n            data-attributes=\"{&quot;carouselPreset&quot;:&quot;preset-3&quot;,&quot;saleBadgeAlign&quot;:&quot;align-left&quot;,&quot;saleText&quot;:&quot;sale&quot;,&quot;showRating&quot;:false,&quot;ratingStyle&quot;:&quot;star&quot;,&quot;showPrice&quot;:true,&quot;showSaleBadge&quot;:true,&quot;showCategory&quot;:false,&quot;isCustomCartBtn&quot;:false,&quot;simpleCartText&quot;:&quot;Buy Now&quot;,&quot;variableCartText&quot;:&quot;Select Options&quot;,&quot;groupedCartText&quot;:&quot;View Products&quot;,&quot;externalCartText&quot;:&quot;Buy Now&quot;,&quot;defaultCartText&quot;:&quot;Read More&quot;,&quot;buttonText&quot;:&quot;View Product&quot;,&quot;dotPreset&quot;:&quot;dot-style-default&quot;,&quot;adaptiveHeight&quot;:true,&quot;imageSize&quot;:&quot;full&quot;,&quot;sectionTitle&quot;:&quot;Popular Products&quot;,&quot;showBlockContent&quot;:true,&quot;titleTag&quot;:&quot;h3&quot;}\">\n            <div class=\"eb-product-carousel\"> <div class=\"eb-product-carousel-item\">\n        <div class=\"eb-product-carousel-item-inner\">\n                        <div class=\"eb-woo-product-image-wrapper\">\n                <div class=\"eb-woo-product-image\">\n                    <a href=\"https:\/\/phasak.com\/pt-pt\/catalogo\/pasta-termica-phasak-dta-015-branca-%c2%b7-15-g-%e2%89%a50925-w-m%c2%b7k\/\" class=\"eb-woo-product-image-link\">\n                                                    <span class=\"eb-woo-product-overlay\"><\/span>\n                                                <img loading=\"lazy\" decoding=\"async\" width=\"1200\" height=\"1200\" src=\"https:\/\/phasak.com\/wp-content\/uploads\/pasta-termica-phasak-jeringa-max-15g-alta-conductividad.webp\" class=\"attachment-full size-full\" alt=\"Pasta t\u00e9rmica PHASAK DTA 015 (Branca \u00b7 1,5 g) \u2013 \u22650,925 W\/m\u00b7K\" title=\"\">                    <\/a>\n                                    <\/div>\n            <\/div>\n                            <div class=\"eb-woo-product-content-wrapper\">\n                    <div class=\"eb-woo-product-content\">\n                                                    <h3 class=\"eb-woo-product-title\">\n    <a href=\"https:\/\/phasak.com\/pt-pt\/catalogo\/pasta-termica-phasak-dta-015-branca-%c2%b7-15-g-%e2%89%a50925-w-m%c2%b7k\/\">\n        Pasta t\u00e9rmica PHASAK DTA 015 (Branca \u00b7 1,5 g) \u2013 \u22650,925 W\/m\u00b7K    <\/a>\n<\/h3>\n                                                        <div class=\"eb-woo-product-pricing-wrap\">\n                                <p class=\"eb-woo-product-price\">\n\t<\/p>\n\n                            <\/div>\n                                                    <div class=\"eb-woo-product-button-list\">\n    \t<span id=\"woocommerce_loop_add_to_cart_link_describedby_12198\" class=\"screen-reader-text\">\n\t\t\t<\/span>\n\n    <\/div>                    <\/div>\n                <\/div>\n                                <\/div>\n    <\/div>\n <div class=\"eb-product-carousel-item\">\n        <div class=\"eb-product-carousel-item-inner\">\n                        <div class=\"eb-woo-product-image-wrapper\">\n                <div class=\"eb-woo-product-image\">\n                    <a href=\"https:\/\/phasak.com\/pt-pt\/catalogo\/pasta-termica-phasak-dta-018-prata-%c2%b7-05-g-%e2%89%a5193-w-m%c2%b7k\/\" class=\"eb-woo-product-image-link\">\n                                                    <span class=\"eb-woo-product-overlay\"><\/span>\n                                                <img loading=\"lazy\" decoding=\"async\" width=\"530\" height=\"530\" src=\"https:\/\/phasak.com\/wp-content\/uploads\/pasta-termica-phasak-jeringa-mini-0-5g-alta-conductividad.webp\" class=\"attachment-full size-full\" alt=\"Pasta t\u00e9rmica PHASAK DTA 018 (Prata \u00b7 0,5 g) \u2013 \u22651,93 W\/m\u00b7K\" title=\"\">                    <\/a>\n                                    <\/div>\n            <\/div>\n                            <div class=\"eb-woo-product-content-wrapper\">\n                    <div class=\"eb-woo-product-content\">\n                                                    <h3 class=\"eb-woo-product-title\">\n    <a href=\"https:\/\/phasak.com\/pt-pt\/catalogo\/pasta-termica-phasak-dta-018-prata-%c2%b7-05-g-%e2%89%a5193-w-m%c2%b7k\/\">\n        Pasta t\u00e9rmica PHASAK DTA 018 (Prata \u00b7 0,5 g) \u2013 \u22651,93 W\/m\u00b7K    <\/a>\n<\/h3>\n                                                        <div class=\"eb-woo-product-pricing-wrap\">\n                                <p class=\"eb-woo-product-price\">\n\t<\/p>\n\n                            <\/div>\n                                                    <div class=\"eb-woo-product-button-list\">\n    \t<span id=\"woocommerce_loop_add_to_cart_link_describedby_12216\" class=\"screen-reader-text\">\n\t\t\t<\/span>\n\n    <\/div>                    <\/div>\n                <\/div>\n                                <\/div>\n    <\/div>\n <div class=\"eb-product-carousel-item\">\n        <div class=\"eb-product-carousel-item-inner\">\n                        <div class=\"eb-woo-product-image-wrapper\">\n                <div class=\"eb-woo-product-image\">\n                    <a href=\"https:\/\/phasak.com\/pt-pt\/catalogo\/pasta-termica-phasak-dta-017-dourada-%c2%b7-05-g-%e2%89%a518-w-m%c2%b7k\/\" class=\"eb-woo-product-image-link\">\n                                                    <span class=\"eb-woo-product-overlay\"><\/span>\n                                                <img loading=\"lazy\" decoding=\"async\" width=\"530\" height=\"530\" src=\"https:\/\/phasak.com\/wp-content\/uploads\/pasta-termica-phasak-jeringa-mini-0-5g-alta-conductividad.webp\" class=\"attachment-full size-full\" alt=\"Pasta t\u00e9rmica PHASAK DTA 017 (Dourada \u00b7 0,5 g) \u2013 \u22651,8 W\/m\u00b7K\" title=\"\">                    <\/a>\n                                    <\/div>\n            <\/div>\n                            <div class=\"eb-woo-product-content-wrapper\">\n                    <div class=\"eb-woo-product-content\">\n                                                    <h3 class=\"eb-woo-product-title\">\n    <a href=\"https:\/\/phasak.com\/pt-pt\/catalogo\/pasta-termica-phasak-dta-017-dourada-%c2%b7-05-g-%e2%89%a518-w-m%c2%b7k\/\">\n        Pasta t\u00e9rmica PHASAK DTA 017 (Dourada \u00b7 0,5 g) \u2013 \u22651,8 W\/m\u00b7K    <\/a>\n<\/h3>\n                                                        <div class=\"eb-woo-product-pricing-wrap\">\n                                <p class=\"eb-woo-product-price\">\n\t<\/p>\n\n                            <\/div>\n                                                    <div class=\"eb-woo-product-button-list\">\n    \t<span id=\"woocommerce_loop_add_to_cart_link_describedby_12221\" class=\"screen-reader-text\">\n\t\t\t<\/span>\n\n    <\/div>                    <\/div>\n                <\/div>\n                                <\/div>\n    <\/div>\n <div class=\"eb-product-carousel-item\">\n        <div class=\"eb-product-carousel-item-inner\">\n                        <div class=\"eb-woo-product-image-wrapper\">\n                <div class=\"eb-woo-product-image\">\n                    <a href=\"https:\/\/phasak.com\/pt-pt\/catalogo\/massa-termica-phasak-dta-038-branca-%c2%b7-8-g-%e2%89%a50925-w-m%c2%b7k\/\" class=\"eb-woo-product-image-link\">\n                                                    <span class=\"eb-woo-product-overlay\"><\/span>\n                                                <img loading=\"lazy\" decoding=\"async\" width=\"1200\" height=\"1200\" src=\"https:\/\/phasak.com\/wp-content\/uploads\/pasta-termica-phasak-jeringa-max-15g-alta-conductividad.webp\" class=\"attachment-full size-full\" alt=\"Massa t\u00e9rmica PHASAK DTA 038 (Branca \u00b7 8 g) \u2013 \u22650,925 W\/m\u00b7K\" title=\"\">                    <\/a>\n                                    <\/div>\n            <\/div>\n                            <div class=\"eb-woo-product-content-wrapper\">\n                    <div class=\"eb-woo-product-content\">\n                                                    <h3 class=\"eb-woo-product-title\">\n    <a href=\"https:\/\/phasak.com\/pt-pt\/catalogo\/massa-termica-phasak-dta-038-branca-%c2%b7-8-g-%e2%89%a50925-w-m%c2%b7k\/\">\n        Massa t\u00e9rmica PHASAK DTA 038 (Branca \u00b7 8 g) \u2013 \u22650,925 W\/m\u00b7K    <\/a>\n<\/h3>\n                                                        <div class=\"eb-woo-product-pricing-wrap\">\n                                <p class=\"eb-woo-product-price\">\n\t<\/p>\n\n                            <\/div>\n                                                    <div class=\"eb-woo-product-button-list\">\n    \t<span id=\"woocommerce_loop_add_to_cart_link_describedby_12222\" class=\"screen-reader-text\">\n\t\t\t<\/span>\n\n    <\/div>                    <\/div>\n                <\/div>\n                                <\/div>\n    <\/div>\n <div class=\"eb-product-carousel-item\">\n        <div class=\"eb-product-carousel-item-inner\">\n                        <div class=\"eb-woo-product-image-wrapper\">\n                <div class=\"eb-woo-product-image\">\n                    <a href=\"https:\/\/phasak.com\/pt-pt\/catalogo\/pasta-termica-phasak-dta-016-cinzento-%c2%b7-05-g-%e2%89%a51695-w-m%c2%b7k\/\" class=\"eb-woo-product-image-link\">\n                                                    <span class=\"eb-woo-product-overlay\"><\/span>\n                                                <img loading=\"lazy\" decoding=\"async\" width=\"530\" height=\"530\" src=\"https:\/\/phasak.com\/wp-content\/uploads\/pasta-termica-phasak-jeringa-mini-0-5g-alta-conductividad.webp\" class=\"attachment-full size-full\" alt=\"Pasta t\u00e9rmica PHASAK DTA 016 (Cinzento \u00b7 0,5 g) \u2013 \u22651,695 W\/m\u00b7K\" title=\"\">                    <\/a>\n                                    <\/div>\n            <\/div>\n                            <div class=\"eb-woo-product-content-wrapper\">\n                    <div class=\"eb-woo-product-content\">\n                                                    <h3 class=\"eb-woo-product-title\">\n    <a href=\"https:\/\/phasak.com\/pt-pt\/catalogo\/pasta-termica-phasak-dta-016-cinzento-%c2%b7-05-g-%e2%89%a51695-w-m%c2%b7k\/\">\n        Pasta t\u00e9rmica PHASAK DTA 016 (Cinzento \u00b7 0,5 g) \u2013 \u22651,695 W\/m\u00b7K    <\/a>\n<\/h3>\n                                                        <div class=\"eb-woo-product-pricing-wrap\">\n                                <p class=\"eb-woo-product-price\">\n\t<\/p>\n\n                            <\/div>\n                                                    <div class=\"eb-woo-product-button-list\">\n    \t<span id=\"woocommerce_loop_add_to_cart_link_describedby_12225\" class=\"screen-reader-text\">\n\t\t\t<\/span>\n\n    <\/div>                    <\/div>\n                <\/div>\n                                <\/div>\n    <\/div>\n <div class=\"eb-product-carousel-item\">\n        <div class=\"eb-product-carousel-item-inner\">\n                        <div class=\"eb-woo-product-image-wrapper\">\n                <div class=\"eb-woo-product-image\">\n                    <a href=\"https:\/\/phasak.com\/pt-pt\/catalogo\/pasta-termica-phasak-dta-035-branca-%c2%b7-5-g-%e2%89%a50925-w-m%c2%b7k\/\" class=\"eb-woo-product-image-link\">\n                                                    <span class=\"eb-woo-product-overlay\"><\/span>\n                                                <img loading=\"lazy\" decoding=\"async\" width=\"1200\" height=\"1200\" src=\"https:\/\/phasak.com\/wp-content\/uploads\/pasta-termica-phasak-jeringa-max-15g-alta-conductividad.webp\" class=\"attachment-full size-full\" alt=\"Pasta t\u00e9rmica PHASAK DTA 035 (Branca \u00b7 5 g) \u2013 \u22650,925 W\/m\u00b7K\" title=\"\">                    <\/a>\n                                    <\/div>\n            <\/div>\n                            <div class=\"eb-woo-product-content-wrapper\">\n                    <div class=\"eb-woo-product-content\">\n                                                    <h3 class=\"eb-woo-product-title\">\n    <a href=\"https:\/\/phasak.com\/pt-pt\/catalogo\/pasta-termica-phasak-dta-035-branca-%c2%b7-5-g-%e2%89%a50925-w-m%c2%b7k\/\">\n        Pasta t\u00e9rmica PHASAK DTA 035 (Branca \u00b7 5 g) \u2013 \u22650,925 W\/m\u00b7K    <\/a>\n<\/h3>\n                                                        <div class=\"eb-woo-product-pricing-wrap\">\n                                <p class=\"eb-woo-product-price\">\n\t<\/p>\n\n                            <\/div>\n                                                    <div class=\"eb-woo-product-button-list\">\n    \t<span id=\"woocommerce_loop_add_to_cart_link_describedby_12226\" class=\"screen-reader-text\">\n\t\t\t<\/span>\n\n    <\/div>                    <\/div>\n                <\/div>\n                                <\/div>\n    <\/div>\n <div class=\"eb-product-carousel-item\">\n        <div class=\"eb-product-carousel-item-inner\">\n                        <div class=\"eb-woo-product-image-wrapper\">\n                <div class=\"eb-woo-product-image\">\n                    <a href=\"https:\/\/phasak.com\/pt-pt\/catalogo\/pasta-termica-phasak-dta-005-branca-%c2%b7-05-g-%e2%89%a50925-w-m%c2%b7k\/\" class=\"eb-woo-product-image-link\">\n                                                    <span class=\"eb-woo-product-overlay\"><\/span>\n                                                <img loading=\"lazy\" decoding=\"async\" width=\"530\" height=\"530\" src=\"https:\/\/phasak.com\/wp-content\/uploads\/pasta-termica-phasak-jeringa-mini-0-5g-alta-conductividad.webp\" class=\"attachment-full size-full\" alt=\"Pasta t\u00e9rmica PHASAK DTA 005 (Branca \u00b7 0,5 g) \u2013 \u22650,925 W\/m\u00b7K\" title=\"\">                    <\/a>\n                                    <\/div>\n            <\/div>\n                            <div class=\"eb-woo-product-content-wrapper\">\n                    <div class=\"eb-woo-product-content\">\n                                                    <h3 class=\"eb-woo-product-title\">\n    <a href=\"https:\/\/phasak.com\/pt-pt\/catalogo\/pasta-termica-phasak-dta-005-branca-%c2%b7-05-g-%e2%89%a50925-w-m%c2%b7k\/\">\n        Pasta t\u00e9rmica PHASAK DTA 005 (Branca \u00b7 0,5 g) \u2013 \u22650,925 W\/m\u00b7K    <\/a>\n<\/h3>\n                                                        <div class=\"eb-woo-product-pricing-wrap\">\n                                <p class=\"eb-woo-product-price\">\n\t<\/p>\n\n                            <\/div>\n                                                    <div class=\"eb-woo-product-button-list\">\n    \t<span id=\"woocommerce_loop_add_to_cart_link_describedby_12229\" class=\"screen-reader-text\">\n\t\t\t<\/span>\n\n    <\/div>                    <\/div>\n                <\/div>\n                                <\/div>\n    <\/div>\n <div class=\"eb-product-carousel-item\">\n        <div class=\"eb-product-carousel-item-inner\">\n                        <div class=\"eb-woo-product-image-wrapper\">\n                <div class=\"eb-woo-product-image\">\n                    <a href=\"https:\/\/phasak.com\/pt-pt\/catalogo\/pasta-termica-phasak-dta-052-cinzento-%c2%b7-50-g-%e2%89%a51695-w-m%c2%b7k\/\" class=\"eb-woo-product-image-link\">\n                                                    <span class=\"eb-woo-product-overlay\"><\/span>\n                                                <img loading=\"lazy\" decoding=\"async\" width=\"1200\" height=\"1200\" src=\"https:\/\/phasak.com\/wp-content\/uploads\/pasta-termica-phasak-bote-xl-50g-alta-conductividad.webp\" class=\"attachment-full size-full\" alt=\"Pasta T\u00e9rmica PHASAK DTA 052 (Cinzento \u00b7 50 g) \u2013 \u22651,695 W\/m\u00b7K\" title=\"\">                    <\/a>\n                                    <\/div>\n            <\/div>\n                            <div class=\"eb-woo-product-content-wrapper\">\n                    <div class=\"eb-woo-product-content\">\n                                                    <h3 class=\"eb-woo-product-title\">\n    <a href=\"https:\/\/phasak.com\/pt-pt\/catalogo\/pasta-termica-phasak-dta-052-cinzento-%c2%b7-50-g-%e2%89%a51695-w-m%c2%b7k\/\">\n        Pasta T\u00e9rmica PHASAK DTA 052 (Cinzento \u00b7 50 g) \u2013 \u22651,695 W\/m\u00b7K    <\/a>\n<\/h3>\n                                                        <div class=\"eb-woo-product-pricing-wrap\">\n                                <p class=\"eb-woo-product-price\">\n\t<\/p>\n\n                            <\/div>\n                                                    <div class=\"eb-woo-product-button-list\">\n    \t<span id=\"woocommerce_loop_add_to_cart_link_describedby_12230\" class=\"screen-reader-text\">\n\t\t\t<\/span>\n\n    <\/div>                    <\/div>\n                <\/div>\n                                <\/div>\n    <\/div>\n <div class=\"eb-product-carousel-item\">\n        <div class=\"eb-product-carousel-item-inner\">\n                        <div class=\"eb-woo-product-image-wrapper\">\n                <div class=\"eb-woo-product-image\">\n                    <a href=\"https:\/\/phasak.com\/pt-pt\/catalogo\/pasta-termica-phasak-dta-050-branca-%c2%b7-50-g-%e2%89%a50925-w-m%c2%b7k\/\" class=\"eb-woo-product-image-link\">\n                                                    <span class=\"eb-woo-product-overlay\"><\/span>\n                                                <img loading=\"lazy\" decoding=\"async\" width=\"1200\" height=\"1200\" src=\"https:\/\/phasak.com\/wp-content\/uploads\/pasta-termica-phasak-bote-xl-50g-alta-conductividad.webp\" class=\"attachment-full size-full\" alt=\"Pasta t\u00e9rmica PHASAK DTA 050 (Branca \u00b7 50 g) \u2013 \u22650,925 W\/m\u00b7K\" title=\"\">                    <\/a>\n                                    <\/div>\n            <\/div>\n                            <div class=\"eb-woo-product-content-wrapper\">\n                    <div class=\"eb-woo-product-content\">\n                                                    <h3 class=\"eb-woo-product-title\">\n    <a href=\"https:\/\/phasak.com\/pt-pt\/catalogo\/pasta-termica-phasak-dta-050-branca-%c2%b7-50-g-%e2%89%a50925-w-m%c2%b7k\/\">\n        Pasta t\u00e9rmica PHASAK DTA 050 (Branca \u00b7 50 g) \u2013 \u22650,925 W\/m\u00b7K    <\/a>\n<\/h3>\n                                                        <div class=\"eb-woo-product-pricing-wrap\">\n                                <p class=\"eb-woo-product-price\">\n\t<\/p>\n\n                            <\/div>\n                                                    <div class=\"eb-woo-product-button-list\">\n    \t<span id=\"woocommerce_loop_add_to_cart_link_describedby_12237\" class=\"screen-reader-text\">\n\t\t\t<\/span>\n\n    <\/div>                    <\/div>\n                <\/div>\n                                <\/div>\n    <\/div>\n <div class=\"eb-product-carousel-item\">\n        <div class=\"eb-product-carousel-item-inner\">\n                        <div class=\"eb-woo-product-image-wrapper\">\n                <div class=\"eb-woo-product-image\">\n                    <a href=\"https:\/\/phasak.com\/pt-pt\/catalogo\/pasta-termica-phasak-dta-025-branca-%c2%b7-25-g-%e2%89%a50925-w-m%c2%b7k\/\" class=\"eb-woo-product-image-link\">\n                                                    <span class=\"eb-woo-product-overlay\"><\/span>\n                                                <img loading=\"lazy\" decoding=\"async\" width=\"1200\" height=\"1200\" src=\"https:\/\/phasak.com\/wp-content\/uploads\/pasta-termica-phasak-jeringa-max-15g-alta-conductividad.webp\" class=\"attachment-full size-full\" alt=\"Pasta t\u00e9rmica PHASAK DTA 025 (Branca \u00b7 25 g) \u2013 \u22650,925 W\/m\u00b7K\" title=\"\">                    <\/a>\n                                    <\/div>\n            <\/div>\n                            <div class=\"eb-woo-product-content-wrapper\">\n                    <div class=\"eb-woo-product-content\">\n                                                    <h3 class=\"eb-woo-product-title\">\n    <a href=\"https:\/\/phasak.com\/pt-pt\/catalogo\/pasta-termica-phasak-dta-025-branca-%c2%b7-25-g-%e2%89%a50925-w-m%c2%b7k\/\">\n        Pasta t\u00e9rmica PHASAK DTA 025 (Branca \u00b7 25 g) \u2013 \u22650,925 W\/m\u00b7K    <\/a>\n<\/h3>\n                                                        <div class=\"eb-woo-product-pricing-wrap\">\n                                <p class=\"eb-woo-product-price\">\n\t<\/p>\n\n                            <\/div>\n                                                    <div class=\"eb-woo-product-button-list\">\n    \t<span id=\"woocommerce_loop_add_to_cart_link_describedby_12241\" class=\"screen-reader-text\">\n\t\t\t<\/span>\n\n    <\/div>                    <\/div>\n                <\/div>\n                                <\/div>\n    <\/div>\n<\/div>                                <\/div>\n    <\/div>\n<\/div>","protected":false},"excerpt":{"rendered":"<p>Baterias PHASAK de chumbo-\u00e1cido de 12 V para m\u00faltiplas utiliza\u00e7\u00f5es.<\/p>\n","protected":false},"author":2,"featured_media":5632,"parent":0,"menu_order":0,"comment_status":"closed","ping_status":"closed","template":"","meta":{"_eb_attr":"","_eb_data_table":"","_kad_post_transparent":"","_kad_post_title":"","_kad_post_layout":"","_kad_post_sidebar_id":"","_kad_post_content_style":"","_kad_post_vertical_padding":"","_kad_post_feature":"","_kad_post_feature_position":"","_kad_post_header":false,"_kad_post_footer":false,"_kad_post_classname":"","footnotes":""},"class_list":["post-12999","page","type-page","status-publish","has-post-thumbnail","hentry"],"_links":{"self":[{"href":"https:\/\/phasak.com\/pt-pt\/wp-json\/wp\/v2\/pages\/12999","targetHints":{"allow":["GET"]}}],"collection":[{"href":"https:\/\/phasak.com\/pt-pt\/wp-json\/wp\/v2\/pages"}],"about":[{"href":"https:\/\/phasak.com\/pt-pt\/wp-json\/wp\/v2\/types\/page"}],"author":[{"embeddable":true,"href":"https:\/\/phasak.com\/pt-pt\/wp-json\/wp\/v2\/users\/2"}],"replies":[{"embeddable":true,"href":"https:\/\/phasak.com\/pt-pt\/wp-json\/wp\/v2\/comments?post=12999"}],"version-history":[{"count":2,"href":"https:\/\/phasak.com\/pt-pt\/wp-json\/wp\/v2\/pages\/12999\/revisions"}],"predecessor-version":[{"id":13014,"href":"https:\/\/phasak.com\/pt-pt\/wp-json\/wp\/v2\/pages\/12999\/revisions\/13014"}],"wp:featuredmedia":[{"embeddable":true,"href":"https:\/\/phasak.com\/pt-pt\/wp-json\/wp\/v2\/media\/5632"}],"wp:attachment":[{"href":"https:\/\/phasak.com\/pt-pt\/wp-json\/wp\/v2\/media?parent=12999"}],"curies":[{"name":"wp","href":"https:\/\/api.w.org\/{rel}","templated":true}]}}