{"id":12943,"date":"2022-05-16T11:05:01","date_gmt":"2022-05-16T10:05:01","guid":{"rendered":"https:\/\/phasak.com\/esential\/"},"modified":"2026-03-20T13:39:55","modified_gmt":"2026-03-20T12:39:55","slug":"esential","status":"publish","type":"page","link":"https:\/\/phasak.com\/pt-pt\/esential\/","title":{"rendered":"Esential"},"content":{"rendered":"\n<div class=\"wp-block-essential-blocks-advanced-heading  root-eb-advance-heading-s735s\"><div class=\"eb-parent-wrapper eb-parent-eb-advance-heading-s735s \"><div class=\"eb-advance-heading-wrapper eb-advance-heading-s735s button-1 waviy\" data-id=\"eb-advance-heading-s735s\"><h2 class=\"eb-ah-title\"><span class=\"first-title\">S\u00e9rie Esential<\/span><\/h2><\/div><\/div><\/div>\n<div class=\"root-eb-woo-product-carousel-74om7 alignfull wp-block-essential-blocks-pro-woo-product-carousel\">\n    <div class=\"eb-parent-wrapper eb-parent-eb-woo-product-carousel-74om7\">\n        <div class=\"eb-woo-product-carousel-74om7 eb-product-carousel-preset-3  slick-arrows equal-height dot-style-default eb-product-carousel-wrap\"\n            data-id=\"eb-woo-product-carousel-74om7\" data-querydata=\"{&quot;per_page&quot;:&quot;5&quot;,&quot;offset&quot;:&quot;0&quot;,&quot;source&quot;:&quot;products&quot;,&quot;rest_base&quot;:&quot;products&quot;,&quot;rest_namespace&quot;:&quot;wc\\\/v3&quot;,&quot;query_type&quot;:&quot;custom_query&quot;,&quot;product&quot;:&quot;[{\\&quot;label\\&quot;:\\&quot;Current Product\\&quot;,\\&quot;value\\&quot;:\\&quot;current_product\\&quot;}]&quot;,&quot;exclude_ids&quot;:[],&quot;category&quot;:[],&quot;tag&quot;:[],&quot;excludeCategory&quot;:[],&quot;excludeTag&quot;:[],&quot;orderby&quot;:&quot;id&quot;,&quot;order&quot;:&quot;asc&quot;,&quot;include&quot;:&quot;3987,3991,3992,3988,3990&quot;,&quot;exclude&quot;:[]}\"\n            data-slidersettings=\"{&quot;centerMode&quot;:false,&quot;arrows&quot;:true,&quot;dots&quot;:false,&quot;autoplaySpeed&quot;:3000,&quot;speed&quot;:500,&quot;autoplay&quot;:true,&quot;infinite&quot;:true,&quot;pauseOnHover&quot;:true,&quot;slideToShowRange&quot;:5,&quot;TABslideToShowRange&quot;:2,&quot;MOBslideToShowRange&quot;:1,&quot;carouselPreset&quot;:&quot;preset-3&quot;}\"\n            data-attributes=\"{&quot;carouselPreset&quot;:&quot;preset-3&quot;,&quot;saleBadgeAlign&quot;:&quot;align-left&quot;,&quot;saleText&quot;:&quot;sale&quot;,&quot;showRating&quot;:false,&quot;ratingStyle&quot;:&quot;star&quot;,&quot;showPrice&quot;:true,&quot;showSaleBadge&quot;:true,&quot;showCategory&quot;:false,&quot;isCustomCartBtn&quot;:false,&quot;simpleCartText&quot;:&quot;Buy Now&quot;,&quot;variableCartText&quot;:&quot;Select Options&quot;,&quot;groupedCartText&quot;:&quot;View Products&quot;,&quot;externalCartText&quot;:&quot;Buy Now&quot;,&quot;defaultCartText&quot;:&quot;Read More&quot;,&quot;buttonText&quot;:&quot;View Product&quot;,&quot;dotPreset&quot;:&quot;dot-style-default&quot;,&quot;adaptiveHeight&quot;:true,&quot;imageSize&quot;:&quot;full&quot;,&quot;sectionTitle&quot;:&quot;Popular Products&quot;,&quot;showBlockContent&quot;:true,&quot;titleTag&quot;:&quot;h3&quot;}\">\n            <div class=\"eb-product-carousel\"> <div class=\"eb-product-carousel-item\">\n        <div class=\"eb-product-carousel-item-inner\">\n                        <div class=\"eb-woo-product-image-wrapper\">\n                <div class=\"eb-woo-product-image\">\n                    <a href=\"https:\/\/phasak.com\/pt-pt\/catalogo\/ups-phasak-essential-interativa-600-va-ph-9464\/\" class=\"eb-woo-product-image-link\">\n                                                    <span class=\"eb-woo-product-overlay\"><\/span>\n                                                <img loading=\"lazy\" decoding=\"async\" width=\"1001\" height=\"1001\" src=\"https:\/\/phasak.com\/wp-content\/uploads\/1-Serie-Esential-PHASAK-PH-9464-SAI-UPS-Interactivo.png\" class=\"attachment-full size-full\" alt=\"UPS PHASAK Essential Interativa 600 VA - PH 9464\" title=\"\">                    <\/a>\n                                    <\/div>\n            <\/div>\n                            <div class=\"eb-woo-product-content-wrapper\">\n                    <div class=\"eb-woo-product-content\">\n                                                    <h3 class=\"eb-woo-product-title\">\n    <a href=\"https:\/\/phasak.com\/pt-pt\/catalogo\/ups-phasak-essential-interativa-600-va-ph-9464\/\">\n        UPS PHASAK Essential Interativa 600 VA &#8211; PH 9464    <\/a>\n<\/h3>\n                                                        <div class=\"eb-woo-product-pricing-wrap\">\n                                <p class=\"eb-woo-product-price\">\n\t<\/p>\n\n                            <\/div>\n                                                    <div class=\"eb-woo-product-button-list\">\n    \t<span id=\"woocommerce_loop_add_to_cart_link_describedby_11762\" class=\"screen-reader-text\">\n\t\t\t<\/span>\n\n    <\/div>                    <\/div>\n                <\/div>\n                                <\/div>\n    <\/div>\n <div class=\"eb-product-carousel-item\">\n        <div class=\"eb-product-carousel-item-inner\">\n                        <div class=\"eb-woo-product-image-wrapper\">\n                <div class=\"eb-woo-product-image\">\n                    <a href=\"https:\/\/phasak.com\/pt-pt\/catalogo\/ups-phasak-esential-interativo-1000-va-ph-9410\/\" class=\"eb-woo-product-image-link\">\n                                                    <span class=\"eb-woo-product-overlay\"><\/span>\n                                                <img loading=\"lazy\" decoding=\"async\" width=\"1001\" height=\"1001\" src=\"https:\/\/phasak.com\/wp-content\/uploads\/1-Serie-Esential-PHASAK-PH-9410-SAI-UPS-Interactivo-1.png\" class=\"attachment-full size-full\" alt=\"UPS PHASAK Esential Interativo 1000 VA - PH 9410\" title=\"\">                    <\/a>\n                                    <\/div>\n            <\/div>\n                            <div class=\"eb-woo-product-content-wrapper\">\n                    <div class=\"eb-woo-product-content\">\n                                                    <h3 class=\"eb-woo-product-title\">\n    <a href=\"https:\/\/phasak.com\/pt-pt\/catalogo\/ups-phasak-esential-interativo-1000-va-ph-9410\/\">\n        UPS PHASAK Esential Interativo 1000 VA &#8211; PH 9410    <\/a>\n<\/h3>\n                                                        <div class=\"eb-woo-product-pricing-wrap\">\n                                <p class=\"eb-woo-product-price\">\n\t<\/p>\n\n                            <\/div>\n                                                    <div class=\"eb-woo-product-button-list\">\n    \t<span id=\"woocommerce_loop_add_to_cart_link_describedby_11751\" class=\"screen-reader-text\">\n\t\t\t<\/span>\n\n    <\/div>                    <\/div>\n                <\/div>\n                                <\/div>\n    <\/div>\n <div class=\"eb-product-carousel-item\">\n        <div class=\"eb-product-carousel-item-inner\">\n                        <div class=\"eb-woo-product-image-wrapper\">\n                <div class=\"eb-woo-product-image\">\n                    <a href=\"https:\/\/phasak.com\/pt-pt\/catalogo\/ups-phasak-esential-interativo-2000-va-ph-9420\/\" class=\"eb-woo-product-image-link\">\n                                                    <span class=\"eb-woo-product-overlay\"><\/span>\n                                                <img loading=\"lazy\" decoding=\"async\" width=\"1001\" height=\"1001\" src=\"https:\/\/phasak.com\/wp-content\/uploads\/1-Serie-Esential-PHASAK-PH-9420-SAI-UPS-Interactivo-1.png\" class=\"attachment-full size-full\" alt=\"UPS PHASAK Esential Interativo 2000 VA - PH 9420\" title=\"\">                    <\/a>\n                                    <\/div>\n            <\/div>\n                            <div class=\"eb-woo-product-content-wrapper\">\n                    <div class=\"eb-woo-product-content\">\n                                                    <h3 class=\"eb-woo-product-title\">\n    <a href=\"https:\/\/phasak.com\/pt-pt\/catalogo\/ups-phasak-esential-interativo-2000-va-ph-9420\/\">\n        UPS PHASAK Esential Interativo 2000 VA &#8211; PH 9420    <\/a>\n<\/h3>\n                                                        <div class=\"eb-woo-product-pricing-wrap\">\n                                <p class=\"eb-woo-product-price\">\n\t<\/p>\n\n                            <\/div>\n                                                    <div class=\"eb-woo-product-button-list\">\n    \t<span id=\"woocommerce_loop_add_to_cart_link_describedby_12089\" class=\"screen-reader-text\">\n\t\t\t<\/span>\n\n    <\/div>                    <\/div>\n                <\/div>\n                                <\/div>\n    <\/div>\n <div class=\"eb-product-carousel-item\">\n        <div class=\"eb-product-carousel-item-inner\">\n                        <div class=\"eb-woo-product-image-wrapper\">\n                <div class=\"eb-woo-product-image\">\n                    <a href=\"https:\/\/phasak.com\/pt-pt\/catalogo\/ups-phasak-esential-interativo-650-va-ph-9465\/\" class=\"eb-woo-product-image-link\">\n                                                    <span class=\"eb-woo-product-overlay\"><\/span>\n                                                <img loading=\"lazy\" decoding=\"async\" width=\"1000\" height=\"1001\" src=\"https:\/\/phasak.com\/wp-content\/uploads\/1-Serie-Esential-PHASAK-PH-9465-SAI-UPS-Interactivo-1.png\" class=\"attachment-full size-full\" alt=\"UPS Phasak Esential Interativo 650 VA - PH 9465\" title=\"\">                    <\/a>\n                                    <\/div>\n            <\/div>\n                            <div class=\"eb-woo-product-content-wrapper\">\n                    <div class=\"eb-woo-product-content\">\n                                                    <h3 class=\"eb-woo-product-title\">\n    <a href=\"https:\/\/phasak.com\/pt-pt\/catalogo\/ups-phasak-esential-interativo-650-va-ph-9465\/\">\n        UPS Phasak Esential Interativo 650 VA &#8211; PH 9465    <\/a>\n<\/h3>\n                                                        <div class=\"eb-woo-product-pricing-wrap\">\n                                <p class=\"eb-woo-product-price\">\n\t<\/p>\n\n                            <\/div>\n                                                    <div class=\"eb-woo-product-button-list\">\n    \t<span id=\"woocommerce_loop_add_to_cart_link_describedby_12110\" class=\"screen-reader-text\">\n\t\t\t<\/span>\n\n    <\/div>                    <\/div>\n                <\/div>\n                                <\/div>\n    <\/div>\n <div class=\"eb-product-carousel-item\">\n        <div class=\"eb-product-carousel-item-inner\">\n                        <div class=\"eb-woo-product-image-wrapper\">\n                <div class=\"eb-woo-product-image\">\n                    <a href=\"https:\/\/phasak.com\/pt-pt\/catalogo\/ups-phasak-esential-interativo-850-va-ph-9485\/\" class=\"eb-woo-product-image-link\">\n                                                    <span class=\"eb-woo-product-overlay\"><\/span>\n                                                <img loading=\"lazy\" decoding=\"async\" width=\"1000\" height=\"1001\" src=\"https:\/\/phasak.com\/wp-content\/uploads\/1-Serie-Esential-PHASAK-PH-9465-SAI-UPS-Interactivo.png\" class=\"attachment-full size-full\" alt=\"UPS Phasak Esential Interativo 850 VA - PH 9485\" title=\"\">                    <\/a>\n                                    <\/div>\n            <\/div>\n                            <div class=\"eb-woo-product-content-wrapper\">\n                    <div class=\"eb-woo-product-content\">\n                                                    <h3 class=\"eb-woo-product-title\">\n    <a href=\"https:\/\/phasak.com\/pt-pt\/catalogo\/ups-phasak-esential-interativo-850-va-ph-9485\/\">\n        UPS Phasak Esential Interativo 850 VA &#8211; PH 9485    <\/a>\n<\/h3>\n                                                        <div class=\"eb-woo-product-pricing-wrap\">\n                                <p class=\"eb-woo-product-price\">\n\t<\/p>\n\n                            <\/div>\n                                                    <div class=\"eb-woo-product-button-list\">\n    \t<span id=\"woocommerce_loop_add_to_cart_link_describedby_12119\" class=\"screen-reader-text\">\n\t\t\t<\/span>\n\n    <\/div>                    <\/div>\n                <\/div>\n                                <\/div>\n    <\/div>\n<\/div>                                <\/div>\n    <\/div>\n<\/div>\n<div class=\"wp-block-columns alignwide are-vertically-aligned-center is-layout-flex wp-container-core-columns-is-layout-9d6595d7 wp-block-columns-is-layout-flex\">\n<div class=\"wp-block-column is-vertically-aligned-center is-layout-flow wp-block-column-is-layout-flow\">\n<div class=\"wp-block-essential-blocks-text root-eb-text-v4al4\"><div class=\"eb-parent-wrapper eb-parent-eb-text-v4al4 \"><div class=\"eb-text-wrapper eb-text-v4al4\" data-id=\"eb-text-v4al4\"><h2 class=\"eb-text\">Prote\u00e7\u00e3o avan\u00e7ada e tens\u00e3o est\u00e1vel<\/h2><\/div><\/div><\/div>\n\n\n\n<p class=\"has-text-align-left has-medium-font-size\"><\/p>\n\n\n\n<p class=\"has-text-align-left has-medium-font-size\"><\/p><p class=\"has-text-align-left has-medium-font-size coblocks-animate\" data-coblocks-animation=\"slideInBottom\">Cada modelo da S\u00e9rie Esential foi desenvolvido com funcionalidades espec\u00edficas para garantir a seguran\u00e7a e a continuidade operacional dos dispositivos conectados. De seguida, s\u00e3o explicadas em detalhe as suas caracter\u00edsticas essenciais e o seu impacto na prote\u00e7\u00e3o de equipamentos eletr\u00f3nicos. <\/p>\n\n\n\n<p class=\"has-text-align-left has-medium-font-size\"><\/p><p class=\"has-text-align-left has-medium-font-size coblocks-animate\" data-coblocks-animation=\"slideInBottom\">A S\u00e9rie Esential da PHASAK \u00e9 uma solu\u00e7\u00e3o ideal para proteger computadores pessoais e esta\u00e7\u00f5es de trabalho em escrit\u00f3rios e resid\u00eancias. Gra\u00e7as \u00e0 sua tecnologia interativa, aos seus m\u00faltiplos mecanismos de prote\u00e7\u00e3o e \u00e0 sua facilidade de utiliza\u00e7\u00e3o, estes UPS garantem uma alimenta\u00e7\u00e3o el\u00e9trica est\u00e1vel e segura. A escolha do modelo adequado depender\u00e1 da quantidade de dispositivos a proteger e do n\u00edvel de autonomia necess\u00e1rio em caso de cortes de energia.  <\/p>\n<\/div>\n\n\n\n<div class=\"wp-block-column is-layout-flow wp-block-column-is-layout-flow\">\n<div class=\"wp-block-essential-blocks-feature-list root-eb-feature-list-wz4wx\"><div class=\"eb-parent-wrapper eb-parent-eb-feature-list-wz4wx eb_animation eb___animated eb___fadeInUp\"><div class=\"eb-feature-list-wz4wx eb-feature-list-wrapper eb-icon-position-left eb-tablet-icon-position-left eb-mobile-icon-position-left eb-feature-list-left\"><ul class=\"eb-feature-list-items circle stacked\"><li class=\"eb-feature-list-item\" data-new-tab=\"false\" data-icon-type=\"icon\" data-icon=\"fas fa-ranking-star\" data-icon-color=\"\" data-link=\"\" data-show-badge=\"false\"><div class=\"eb-feature-list-icon-box\"><div class=\"eb-feature-list-icon-inner \"><span class=\"eb-feature-list-icon\" style=\"color:\"><i icon=\"fas fa-ranking-star\" class=\"fas fa-ranking-star \"><\/i><\/span><\/div><\/div><div class=\"eb-feature-list-content-box\"><div class=\"eb-feature-list-title-wrapper\"><h3 class=\"eb-feature-list-title\">Regulador Autom\u00e1tico de Tens\u00e3o (AVR) <\/h3><\/div><p class=\"eb-feature-list-content\">Ajusta as varia\u00e7\u00f5es de tens\u00e3o para fornecer uma tens\u00e3o est\u00e1vel aos dispositivos conectados, essencial para prevenir danos por sobretens\u00f5es ou quedas de tens\u00e3o.<\/p><\/div><\/li><li class=\"eb-feature-list-item\" data-new-tab=\"false\" data-icon-type=\"icon\" data-icon=\"fas fa-fingerprint\" data-icon-color=\"\" data-link=\"\" data-show-badge=\"false\"><div class=\"eb-feature-list-icon-box\"><div class=\"eb-feature-list-icon-inner \"><span class=\"eb-feature-list-icon\" style=\"color:\"><i icon=\"fas fa-fingerprint\" class=\"fas fa-fingerprint \"><\/i><\/span><\/div><\/div><div class=\"eb-feature-list-content-box\"><div class=\"eb-feature-list-title-wrapper\"><h3 class=\"eb-feature-list-title\">Ecr\u00e3 t\u00e1til LED<\/h3><\/div><p class=\"eb-feature-list-content\">Fornece informa\u00e7\u00f5es em tempo real sobre a tens\u00e3o de entrada e sa\u00edda, facilitando uma gest\u00e3o avan\u00e7ada do UPS. Ecr\u00e3 t\u00e1til apenas nos modelos PH 9410 e PH 9420 <\/p><\/div><\/li><li class=\"eb-feature-list-item\" data-new-tab=\"false\" data-icon-type=\"icon\" data-icon=\"fas fa-car-battery\" data-icon-color=\"\" data-link=\"\" data-show-badge=\"false\"><div class=\"eb-feature-list-icon-box\"><div class=\"eb-feature-list-icon-inner \"><span class=\"eb-feature-list-icon\" style=\"color:\"><i icon=\"fas fa-car-battery\" class=\"fas fa-car-battery \"><\/i><\/span><\/div><\/div><div class=\"eb-feature-list-content-box\"><div class=\"eb-feature-list-title-wrapper\"><h3 class=\"eb-feature-list-title\">Back-up Contra Sobretens\u00e3o<\/h3><\/div><p class=\"eb-feature-list-content\">Oferece uma fonte de alimenta\u00e7\u00e3o de reserva em caso de cortes de energia, permitindo que os dispositivos essenciais continuem a operar sem interrup\u00e7\u00f5es.<\/p><\/div><\/li><li class=\"eb-feature-list-item\" data-new-tab=\"false\" data-icon-type=\"icon\" data-icon=\"fas fa-bolt-lightning\" data-icon-color=\"\" data-link=\"\" data-show-badge=\"false\"><div class=\"eb-feature-list-icon-box\"><div class=\"eb-feature-list-icon-inner \"><span class=\"eb-feature-list-icon\" style=\"color:\"><i icon=\"fas fa-bolt-lightning\" class=\"fas fa-bolt-lightning \"><\/i><\/span><\/div><\/div><div class=\"eb-feature-list-content-box\"><div class=\"eb-feature-list-title-wrapper\"><h3 class=\"eb-feature-list-title\">Prote\u00e7\u00e3o Contra Sobretens\u00e3o<\/h3><\/div><p class=\"eb-feature-list-content\">Defende os equipamentos conectados contra picos de tens\u00e3o, protegendo-os de poss\u00edveis danos.<\/p><\/div><\/li><li class=\"eb-feature-list-item\" data-new-tab=\"false\" data-icon-type=\"icon\" data-icon=\"fas fa-stopwatch-20\" data-icon-color=\"\" data-link=\"\" data-show-badge=\"false\"><div class=\"eb-feature-list-icon-box\"><div class=\"eb-feature-list-icon-inner \"><span class=\"eb-feature-list-icon\" style=\"color:\"><i icon=\"fas fa-stopwatch-20\" class=\"fas fa-stopwatch-20 \"><\/i><\/span><\/div><\/div><div class=\"eb-feature-list-content-box\"><div class=\"eb-feature-list-title-wrapper\"><h3 class=\"eb-feature-list-title\">Rein\u00edcio Autom\u00e1tico<\/h3><\/div><p class=\"eb-feature-list-content\">Restabelece automaticamente a alimenta\u00e7\u00e3o dos dispositivos conectados ap\u00f3s uma interrup\u00e7\u00e3o de energia, assim que o fornecimento el\u00e9trico \u00e9 restaurado.<\/p><\/div><\/li><li class=\"eb-feature-list-item\" data-new-tab=\"false\" data-icon-type=\"icon\" data-icon=\"fas fa-battery-half\" data-icon-color=\"\" data-link=\"\" data-show-badge=\"false\"><div class=\"eb-feature-list-icon-box\"><div class=\"eb-feature-list-icon-inner \"><span class=\"eb-feature-list-icon\" style=\"color:\"><i icon=\"fas fa-battery-half\" class=\"fas fa-battery-half \"><\/i><\/span><\/div><\/div><div class=\"eb-feature-list-content-box\"><div class=\"eb-feature-list-title-wrapper\"><h3 class=\"eb-feature-list-title\">Recarga Autom\u00e1tica<\/h3><\/div><p class=\"eb-feature-list-content\">As baterias do UPS s\u00e3o recarregadas automaticamente ap\u00f3s um corte de energia, garantindo a sua disponibilidade para o pr\u00f3ximo uso.<\/p><\/div><\/li><li class=\"eb-feature-list-item\" data-new-tab=\"false\" data-icon-type=\"icon\" data-icon=\"far fa-snowflake\" data-icon-color=\"\" data-link=\"\" data-show-badge=\"false\"><div class=\"eb-feature-list-icon-box\"><div class=\"eb-feature-list-icon-inner \"><span class=\"eb-feature-list-icon\" style=\"color:\"><i icon=\"far fa-snowflake\" class=\"far fa-snowflake \"><\/i><\/span><\/div><\/div><div class=\"eb-feature-list-content-box\"><div class=\"eb-feature-list-title-wrapper\"><h3 class=\"eb-feature-list-title\">Arranque a Frio e Carga Fora de Linha<\/h3><\/div><p class=\"eb-feature-list-content\">Permite que o UPS seja ativado e forne\u00e7a energia aos dispositivos conectados mesmo sem corrente el\u00e9trica, proporcionando uma prote\u00e7\u00e3o adicional durante apag\u00f5es.<\/p><\/div><\/li><li class=\"eb-feature-list-item\" data-new-tab=\"false\" data-icon-type=\"icon\" data-icon=\"fas fa-code-compare\" data-icon-color=\"\" data-link=\"\" data-show-badge=\"false\"><div class=\"eb-feature-list-icon-box\"><div class=\"eb-feature-list-icon-inner \"><span class=\"eb-feature-list-icon\" style=\"color:\"><i icon=\"fas fa-code-compare\" class=\"fas fa-code-compare \"><\/i><\/span><\/div><\/div><div class=\"eb-feature-list-content-box\"><div class=\"eb-feature-list-title-wrapper\"><h3 class=\"eb-feature-list-title\">Software de Gest\u00e3o USB<\/h3><\/div><p class=\"eb-feature-list-content\">Amplia as capacidades de supervis\u00e3o e controlo do UPS atrav\u00e9s de uma conex\u00e3o USB.<\/p><\/div><\/li><\/ul><\/div><\/div><\/div>\n<\/div>\n<\/div>\n<div class=\"wp-block-image\">\n<figure class=\"aligncenter size-large\"><img loading=\"lazy\" decoding=\"async\" width=\"1024\" height=\"590\" src=\"https:\/\/phasak.com\/wp-content\/uploads\/Serie-Eseential-1024x590.webp\" alt=\"\u2013\" class=\"wp-image-10234\" title=\"\" srcset=\"https:\/\/phasak.com\/wp-content\/uploads\/Serie-Eseential-1024x590.webp 1024w, https:\/\/phasak.com\/wp-content\/uploads\/Serie-Eseential-400x231.webp 400w, https:\/\/phasak.com\/wp-content\/uploads\/Serie-Eseential-300x173.webp 300w, https:\/\/phasak.com\/wp-content\/uploads\/Serie-Eseential-768x443.webp 768w, https:\/\/phasak.com\/wp-content\/uploads\/Serie-Eseential-1536x886.webp 1536w, https:\/\/phasak.com\/wp-content\/uploads\/Serie-Eseential-2048x1181.webp 2048w\" sizes=\"auto, (max-width: 1024px) 100vw, 1024px\" \/><\/figure>\n<\/div>","protected":false},"excerpt":{"rendered":"<p>Concebida para a prote\u00e7\u00e3o de computadores pessoais e de escrit\u00f3rio a um pre\u00e7o muito competitivo.<\/p>\n","protected":false},"author":1,"featured_media":5377,"parent":0,"menu_order":0,"comment_status":"closed","ping_status":"closed","template":"","meta":{"_eb_attr":"","_eb_data_table":"","_kad_post_transparent":"","_kad_post_title":"","_kad_post_layout":"","_kad_post_sidebar_id":"","_kad_post_content_style":"","_kad_post_vertical_padding":"","_kad_post_feature":"","_kad_post_feature_position":"","_kad_post_header":false,"_kad_post_footer":false,"_kad_post_classname":"","footnotes":""},"class_list":["post-12943","page","type-page","status-publish","has-post-thumbnail","hentry"],"_links":{"self":[{"href":"https:\/\/phasak.com\/pt-pt\/wp-json\/wp\/v2\/pages\/12943","targetHints":{"allow":["GET"]}}],"collection":[{"href":"https:\/\/phasak.com\/pt-pt\/wp-json\/wp\/v2\/pages"}],"about":[{"href":"https:\/\/phasak.com\/pt-pt\/wp-json\/wp\/v2\/types\/page"}],"author":[{"embeddable":true,"href":"https:\/\/phasak.com\/pt-pt\/wp-json\/wp\/v2\/users\/1"}],"replies":[{"embeddable":true,"href":"https:\/\/phasak.com\/pt-pt\/wp-json\/wp\/v2\/comments?post=12943"}],"version-history":[{"count":2,"href":"https:\/\/phasak.com\/pt-pt\/wp-json\/wp\/v2\/pages\/12943\/revisions"}],"predecessor-version":[{"id":12949,"href":"https:\/\/phasak.com\/pt-pt\/wp-json\/wp\/v2\/pages\/12943\/revisions\/12949"}],"wp:featuredmedia":[{"embeddable":true,"href":"https:\/\/phasak.com\/pt-pt\/wp-json\/wp\/v2\/media\/5377"}],"wp:attachment":[{"href":"https:\/\/phasak.com\/pt-pt\/wp-json\/wp\/v2\/media?parent=12943"}],"curies":[{"name":"wp","href":"https:\/\/api.w.org\/{rel}","templated":true}]}}