{"id":12934,"date":"2022-05-17T10:30:47","date_gmt":"2022-05-17T09:30:47","guid":{"rendered":"https:\/\/phasak.com\/kryptos\/"},"modified":"2026-03-20T13:39:47","modified_gmt":"2026-03-20T12:39:47","slug":"kryptos","status":"publish","type":"page","link":"https:\/\/phasak.com\/pt-pt\/kryptos\/","title":{"rendered":"Kryptos"},"content":{"rendered":"\n<div class=\"wp-block-essential-blocks-advanced-heading  root-eb-advance-heading-e28n7\"><div class=\"eb-parent-wrapper eb-parent-eb-advance-heading-e28n7 \"><div class=\"eb-advance-heading-wrapper eb-advance-heading-e28n7 button-1 waviy\" data-id=\"eb-advance-heading-e28n7\"><h2 class=\"eb-ah-title\"><span class=\"first-title\">S\u00e9rie Kryptos<\/span><\/h2><\/div><\/div><\/div>\n\n<div style=\"height:47px\" aria-hidden=\"true\" class=\"wp-block-spacer\"><\/div>\n<div class=\"root-eb-woo-product-carousel-74om7 wp-block-essential-blocks-pro-woo-product-carousel\">\n    <div class=\"eb-parent-wrapper eb-parent-eb-woo-product-carousel-74om7\">\n        <div class=\"eb-woo-product-carousel-74om7 eb-product-carousel-preset-3  slick-arrows equal-height dot-style-default eb-product-carousel-wrap\"\n            data-id=\"eb-woo-product-carousel-74om7\" data-querydata=\"{&quot;per_page&quot;:&quot;1&quot;,&quot;offset&quot;:&quot;0&quot;,&quot;source&quot;:&quot;products&quot;,&quot;rest_base&quot;:&quot;products&quot;,&quot;rest_namespace&quot;:&quot;wc\\\/v3&quot;,&quot;query_type&quot;:&quot;custom_query&quot;,&quot;product&quot;:&quot;[{\\&quot;label\\&quot;:\\&quot;Current Product\\&quot;,\\&quot;value\\&quot;:\\&quot;current_product\\&quot;}]&quot;,&quot;exclude_ids&quot;:[],&quot;category&quot;:[],&quot;tag&quot;:[],&quot;excludeCategory&quot;:[],&quot;excludeTag&quot;:[],&quot;orderby&quot;:&quot;id&quot;,&quot;order&quot;:&quot;asc&quot;,&quot;include&quot;:&quot;3986&quot;,&quot;exclude&quot;:[]}\"\n            data-slidersettings=\"{&quot;centerMode&quot;:false,&quot;arrows&quot;:true,&quot;dots&quot;:false,&quot;autoplaySpeed&quot;:3000,&quot;speed&quot;:500,&quot;autoplay&quot;:true,&quot;infinite&quot;:true,&quot;pauseOnHover&quot;:true,&quot;slideToShowRange&quot;:3,&quot;TABslideToShowRange&quot;:2,&quot;MOBslideToShowRange&quot;:1,&quot;carouselPreset&quot;:&quot;preset-3&quot;}\"\n            data-attributes=\"{&quot;carouselPreset&quot;:&quot;preset-3&quot;,&quot;saleBadgeAlign&quot;:&quot;align-left&quot;,&quot;saleText&quot;:&quot;sale&quot;,&quot;showRating&quot;:false,&quot;ratingStyle&quot;:&quot;star&quot;,&quot;showPrice&quot;:true,&quot;showSaleBadge&quot;:true,&quot;showCategory&quot;:false,&quot;isCustomCartBtn&quot;:false,&quot;simpleCartText&quot;:&quot;Buy Now&quot;,&quot;variableCartText&quot;:&quot;Select Options&quot;,&quot;groupedCartText&quot;:&quot;View Products&quot;,&quot;externalCartText&quot;:&quot;Buy Now&quot;,&quot;defaultCartText&quot;:&quot;Read More&quot;,&quot;buttonText&quot;:&quot;View Product&quot;,&quot;dotPreset&quot;:&quot;dot-style-default&quot;,&quot;adaptiveHeight&quot;:true,&quot;imageSize&quot;:&quot;full&quot;,&quot;sectionTitle&quot;:&quot;Popular Products&quot;,&quot;showBlockContent&quot;:true,&quot;titleTag&quot;:&quot;h3&quot;}\">\n            <div class=\"eb-product-carousel\"> <div class=\"eb-product-carousel-item\">\n        <div class=\"eb-product-carousel-item-inner\">\n                        <div class=\"eb-woo-product-image-wrapper\">\n                <div class=\"eb-woo-product-image\">\n                    <a href=\"https:\/\/phasak.com\/pt-pt\/catalogo\/ups-phasak-kryptos-interativa-800-va-ph-9478\/\" class=\"eb-woo-product-image-link\">\n                                                    <span class=\"eb-woo-product-overlay\"><\/span>\n                                                <img loading=\"lazy\" decoding=\"async\" width=\"2000\" height=\"1614\" src=\"https:\/\/phasak.com\/wp-content\/uploads\/2022\/09\/Kryptos-2.png\" class=\"attachment-full size-full\" alt=\"UPS Phasak Kryptos Interativa 800 VA - PH 9478\" title=\"\">                    <\/a>\n                                    <\/div>\n            <\/div>\n                            <div class=\"eb-woo-product-content-wrapper\">\n                    <div class=\"eb-woo-product-content\">\n                                                    <h3 class=\"eb-woo-product-title\">\n    <a href=\"https:\/\/phasak.com\/pt-pt\/catalogo\/ups-phasak-kryptos-interativa-800-va-ph-9478\/\">\n        UPS Phasak Kryptos Interativa 800 VA &#8211; PH 9478    <\/a>\n<\/h3>\n                                                        <div class=\"eb-woo-product-pricing-wrap\">\n                                <p class=\"eb-woo-product-price\">\n\t<\/p>\n\n                            <\/div>\n                                                    <div class=\"eb-woo-product-button-list\">\n    \t<span id=\"woocommerce_loop_add_to_cart_link_describedby_12065\" class=\"screen-reader-text\">\n\t\t\t<\/span>\n\n    <\/div>                    <\/div>\n                <\/div>\n                                <\/div>\n    <\/div>\n<\/div>                                <\/div>\n    <\/div>\n<\/div>\n<div class=\"wp-block-essential-blocks-text root-eb-text-4u3ti\"><div class=\"eb-parent-wrapper eb-parent-eb-text-4u3ti \"><div class=\"eb-text-wrapper eb-text-4u3ti\" data-id=\"eb-text-4u3ti\"><h2 class=\"eb-text\">Prote\u00e7\u00e3o total num design compacto<\/h2><\/div><\/div><\/div>\n\n<div class=\"wp-block-columns alignwide is-layout-flex wp-container-core-columns-is-layout-9d6595d7 wp-block-columns-is-layout-flex\">\n<div class=\"wp-block-column is-vertically-aligned-top is-layout-flow wp-block-column-is-layout-flow\">\n<p class=\"has-medium-font-size\">O <strong>UPS PHASAK KRYPTOS<\/strong> \u00e9 a solu\u00e7\u00e3o perfeita para quem procura <strong>seguran\u00e7a, autonomia e conveni\u00eancia<\/strong> na prote\u00e7\u00e3o dos seus dispositivos eletr\u00f3nicos. Com uma capacidade de <strong>800 VA<\/strong>, este modelo combina <strong>tecnologia interativa<\/strong> com um <strong>design compacto e ergon\u00f3mico<\/strong>, sendo ideal para <strong>lares e pequenos escrit\u00f3rios<\/strong> que necessitam de um fornecimento energ\u00e9tico fi\u00e1vel e cont\u00ednuo. <\/p>\n\n\n\n<p class=\"has-medium-font-size\">Gra\u00e7as \u00e0s suas <strong>6 tomadas Schuko<\/strong> (3 delas com prote\u00e7\u00e3o <strong>Surge Protect<\/strong>), o <strong>PHASAK KRYPTOS<\/strong> n\u00e3o s\u00f3 garante <strong>autonomia energ\u00e9tica<\/strong> em caso de cortes el\u00e9tricos, como tamb\u00e9m protege os seus equipamentos contra <strong>sobretens\u00f5es, sobrecargas e curto-circuitos<\/strong>. A inclus\u00e3o de <strong>Portas USB<\/strong> permite carregar dispositivos m\u00f3veis de forma pr\u00e1tica, aumentando a versatilidade deste equipamento. <\/p>\n\n\n\n<p class=\"has-medium-font-size\">O <strong>PHASAK KRYPTOS PH 9478 (800 VA \/ 480 W)<\/strong> foi concebido para oferecer <strong>m\u00e1xima prote\u00e7\u00e3o el\u00e9trica<\/strong> sem comprometer a <strong>facilidade de utiliza\u00e7\u00e3o<\/strong>. O seu <strong>sistema de gest\u00e3o inteligente<\/strong>, juntamente com a sua <strong>alta autonomia e conectividade avan\u00e7ada<\/strong>, torna-o uma op\u00e7\u00e3o ideal para a prote\u00e7\u00e3o de <strong>equipamentos inform\u00e1ticos, televisores, routers e outros dispositivos essenciais<\/strong>. Al\u00e9m disso, o seu sistema de <strong>rein\u00edcio e recarga autom\u00e1tica<\/strong> garante que os equipamentos retomam o seu funcionamento rapidamente ap\u00f3s uma falha el\u00e9trica, assegurando um <strong>ambiente de trabalho seguro e eficiente<\/strong>.  <\/p>\n<\/div>\n\n\n\n<div class=\"wp-block-column is-vertically-aligned-center is-layout-flow wp-block-column-is-layout-flow\">\n<div class=\"wp-block-essential-blocks-feature-list root-eb-feature-list-wz4wx\"><div class=\"eb-parent-wrapper eb-parent-eb-feature-list-wz4wx eb_animation eb___animated eb___fadeInUp\"><div class=\"eb-feature-list-wz4wx eb-feature-list-wrapper eb-icon-position-left eb-tablet-icon-position-left eb-mobile-icon-position-left eb-feature-list-left\"><ul class=\"eb-feature-list-items circle stacked\"><li class=\"eb-feature-list-item\" data-new-tab=\"false\" data-icon-type=\"icon\" data-icon=\"fas fa-ranking-star\" data-icon-color=\"\" data-link=\"\" data-show-badge=\"false\"><div class=\"eb-feature-list-icon-box\"><div class=\"eb-feature-list-icon-inner \"><span class=\"eb-feature-list-icon\" style=\"color:\"><i icon=\"fas fa-ranking-star\" class=\"fas fa-ranking-star \"><\/i><\/span><\/div><\/div><div class=\"eb-feature-list-content-box\"><div class=\"eb-feature-list-title-wrapper\"><h3 class=\"eb-feature-list-title\">6 tomadas Schuko + RJ45 + prote\u00e7\u00e3o coaxial<\/h3><\/div><p class=\"eb-feature-list-content\">Inclui 3 tomadas com prote\u00e7\u00e3o Surge Protect, concebidas para proteger os equipamentos contra picos de tens\u00e3o, o que garante um alto n\u00edvel de autonomia e seguran\u00e7a para os dispositivos ligados.<\/p><\/div><\/li><li class=\"eb-feature-list-item\" data-new-tab=\"false\" data-icon-type=\"icon\" data-icon=\"fab fa-usb\" data-icon-color=\"\" data-link=\"\" data-show-badge=\"false\"><div class=\"eb-feature-list-icon-box\"><div class=\"eb-feature-list-icon-inner \"><span class=\"eb-feature-list-icon\" style=\"color:\"><i icon=\"fab fa-usb\" class=\"fab fa-usb \"><\/i><\/span><\/div><\/div><div class=\"eb-feature-list-content-box\"><div class=\"eb-feature-list-title-wrapper\"><h3 class=\"eb-feature-list-title\">Porta USB 5V\/A e USB HID<\/h3><\/div><p class=\"eb-feature-list-content\">Permite o carregamento direto de dispositivos m\u00f3veis, teclados ou baterias port\u00e1teis, proporcionando uma fonte de energia conveniente e acess\u00edvel para os seus dispositivos USB e o controlo a partir do computador.<\/p><\/div><\/li><li class=\"eb-feature-list-item\" data-new-tab=\"false\" data-icon-type=\"icon\" data-icon=\"fas fa-car-battery\" data-icon-color=\"\" data-link=\"\" data-show-badge=\"false\"><div class=\"eb-feature-list-icon-box\"><div class=\"eb-feature-list-icon-inner \"><span class=\"eb-feature-list-icon\" style=\"color:\"><i icon=\"fas fa-car-battery\" class=\"fas fa-car-battery \"><\/i><\/span><\/div><\/div><div class=\"eb-feature-list-content-box\"><div class=\"eb-feature-list-title-wrapper\"><h3 class=\"eb-feature-list-title\">Back-up Contra Sobretens\u00e3o<\/h3><\/div><p class=\"eb-feature-list-content\">Oferece uma fonte de alimenta\u00e7\u00e3o de reserva em caso de cortes de energia, permitindo que os dispositivos essenciais continuem a funcionar sem interrup\u00e7\u00f5es.<\/p><\/div><\/li><li class=\"eb-feature-list-item\" data-new-tab=\"false\" data-icon-type=\"icon\" data-icon=\"fas fa-bolt-lightning\" data-icon-color=\"\" data-link=\"\" data-show-badge=\"false\"><div class=\"eb-feature-list-icon-box\"><div class=\"eb-feature-list-icon-inner \"><span class=\"eb-feature-list-icon\" style=\"color:\"><i icon=\"fas fa-bolt-lightning\" class=\"fas fa-bolt-lightning \"><\/i><\/span><\/div><\/div><div class=\"eb-feature-list-content-box\"><div class=\"eb-feature-list-title-wrapper\"><h3 class=\"eb-feature-list-title\">Prote\u00e7\u00e3o Contra Sobretens\u00e3o<\/h3><\/div><p class=\"eb-feature-list-content\">Defende os equipamentos ligados contra picos de tens\u00e3o, protegendo-os de poss\u00edveis danos.<\/p><\/div><\/li><li class=\"eb-feature-list-item\" data-new-tab=\"false\" data-icon-type=\"icon\" data-icon=\"fas fa-stopwatch-20\" data-icon-color=\"\" data-link=\"\" data-show-badge=\"false\"><div class=\"eb-feature-list-icon-box\"><div class=\"eb-feature-list-icon-inner \"><span class=\"eb-feature-list-icon\" style=\"color:\"><i icon=\"fas fa-stopwatch-20\" class=\"fas fa-stopwatch-20 \"><\/i><\/span><\/div><\/div><div class=\"eb-feature-list-content-box\"><div class=\"eb-feature-list-title-wrapper\"><h3 class=\"eb-feature-list-title\">Rein\u00edcio Autom\u00e1tico<\/h3><\/div><p class=\"eb-feature-list-content\">Restabelece automaticamente a alimenta\u00e7\u00e3o dos dispositivos ligados ap\u00f3s uma interrup\u00e7\u00e3o de energia, uma vez que o fornecimento el\u00e9trico \u00e9 restaurado.<\/p><\/div><\/li><li class=\"eb-feature-list-item\" data-new-tab=\"false\" data-icon-type=\"icon\" data-icon=\"fas fa-battery-half\" data-icon-color=\"\" data-link=\"\" data-show-badge=\"false\"><div class=\"eb-feature-list-icon-box\"><div class=\"eb-feature-list-icon-inner \"><span class=\"eb-feature-list-icon\" style=\"color:\"><i icon=\"fas fa-battery-half\" class=\"fas fa-battery-half \"><\/i><\/span><\/div><\/div><div class=\"eb-feature-list-content-box\"><div class=\"eb-feature-list-title-wrapper\"><h3 class=\"eb-feature-list-title\">Recarga Autom\u00e1tica<\/h3><\/div><p class=\"eb-feature-list-content\">As baterias do UPS recarregam-se automaticamente ap\u00f3s um corte de energia, assegurando a sua disponibilidade para o pr\u00f3ximo uso.<\/p><\/div><\/li><li class=\"eb-feature-list-item\" data-new-tab=\"false\" data-icon-type=\"icon\" data-icon=\"far fa-snowflake\" data-icon-color=\"\" data-link=\"\" data-show-badge=\"false\"><div class=\"eb-feature-list-icon-box\"><div class=\"eb-feature-list-icon-inner \"><span class=\"eb-feature-list-icon\" style=\"color:\"><i icon=\"far fa-snowflake\" class=\"far fa-snowflake \"><\/i><\/span><\/div><\/div><div class=\"eb-feature-list-content-box\"><div class=\"eb-feature-list-title-wrapper\"><h3 class=\"eb-feature-list-title\">Arranque a Frio e Carga Fora de Linha<\/h3><\/div><p class=\"eb-feature-list-content\">Permite que o UPS se ative e forne\u00e7a energia aos dispositivos ligados mesmo sem corrente el\u00e9trica, proporcionando uma prote\u00e7\u00e3o adicional durante apag\u00f5es.<\/p><\/div><\/li><li class=\"eb-feature-list-item\" data-new-tab=\"false\" data-icon-type=\"icon\" data-icon=\"far fa-lightbulb\" data-icon-color=\"\" data-link=\"\" data-show-badge=\"false\"><div class=\"eb-feature-list-icon-box\"><div class=\"eb-feature-list-icon-inner \"><span class=\"eb-feature-list-icon\" style=\"color:\"><i icon=\"far fa-lightbulb\" class=\"far fa-lightbulb \"><\/i><\/span><\/div><\/div><div class=\"eb-feature-list-content-box\"><div class=\"eb-feature-list-title-wrapper\"><h3 class=\"eb-feature-list-title\">Indicador de Estado LED<\/h3><\/div><p class=\"eb-feature-list-content\">Facilita a monitoriza\u00e7\u00e3o do estado e do desempenho do UPS atrav\u00e9s de indicadores visuais.<\/p><\/div><\/li><\/ul><\/div><\/div><\/div>\n<\/div>\n<\/div>\n\n<div style=\"height:61px\" aria-hidden=\"true\" class=\"wp-block-spacer\"><\/div>\n<div class=\"wp-block-image\">\n<figure class=\"aligncenter size-large is-resized\"><img loading=\"lazy\" decoding=\"async\" width=\"1024\" height=\"593\" src=\"https:\/\/phasak.com\/wp-content\/uploads\/PHASAK-Kryptos-1024x593.webp\" alt=\"\u2013\" class=\"wp-image-10223\" style=\"width:970px;height:auto\" title=\"\" srcset=\"https:\/\/phasak.com\/wp-content\/uploads\/PHASAK-Kryptos-1024x593.webp 1024w, https:\/\/phasak.com\/wp-content\/uploads\/PHASAK-Kryptos-400x232.webp 400w, https:\/\/phasak.com\/wp-content\/uploads\/PHASAK-Kryptos-300x174.webp 300w, https:\/\/phasak.com\/wp-content\/uploads\/PHASAK-Kryptos-768x445.webp 768w, https:\/\/phasak.com\/wp-content\/uploads\/PHASAK-Kryptos-1536x889.webp 1536w, https:\/\/phasak.com\/wp-content\/uploads\/PHASAK-Kryptos-2048x1185.webp 2048w\" sizes=\"auto, (max-width: 1024px) 100vw, 1024px\" \/><\/figure>\n<\/div>","protected":false},"excerpt":{"rendered":"<p>Com 6 tomadas, USB HID e prote\u00e7\u00e3o coaxial, o Kryptos protege os seus dispositivos e oferece autonomia est\u00e1vel em caso de falhas el\u00e9tricas.<\/p>\n","protected":false},"author":1,"featured_media":5628,"parent":0,"menu_order":0,"comment_status":"closed","ping_status":"closed","template":"","meta":{"_eb_attr":"","_eb_data_table":"","_kad_post_transparent":"","_kad_post_title":"","_kad_post_layout":"","_kad_post_sidebar_id":"","_kad_post_content_style":"","_kad_post_vertical_padding":"","_kad_post_feature":"","_kad_post_feature_position":"","_kad_post_header":false,"_kad_post_footer":false,"_kad_post_classname":"","footnotes":""},"class_list":["post-12934","page","type-page","status-publish","has-post-thumbnail","hentry"],"_links":{"self":[{"href":"https:\/\/phasak.com\/pt-pt\/wp-json\/wp\/v2\/pages\/12934","targetHints":{"allow":["GET"]}}],"collection":[{"href":"https:\/\/phasak.com\/pt-pt\/wp-json\/wp\/v2\/pages"}],"about":[{"href":"https:\/\/phasak.com\/pt-pt\/wp-json\/wp\/v2\/types\/page"}],"author":[{"embeddable":true,"href":"https:\/\/phasak.com\/pt-pt\/wp-json\/wp\/v2\/users\/1"}],"replies":[{"embeddable":true,"href":"https:\/\/phasak.com\/pt-pt\/wp-json\/wp\/v2\/comments?post=12934"}],"version-history":[{"count":2,"href":"https:\/\/phasak.com\/pt-pt\/wp-json\/wp\/v2\/pages\/12934\/revisions"}],"predecessor-version":[{"id":12942,"href":"https:\/\/phasak.com\/pt-pt\/wp-json\/wp\/v2\/pages\/12934\/revisions\/12942"}],"wp:featuredmedia":[{"embeddable":true,"href":"https:\/\/phasak.com\/pt-pt\/wp-json\/wp\/v2\/media\/5628"}],"wp:attachment":[{"href":"https:\/\/phasak.com\/pt-pt\/wp-json\/wp\/v2\/media?parent=12934"}],"curies":[{"name":"wp","href":"https:\/\/api.w.org\/{rel}","templated":true}]}}