{"id":12929,"date":"2022-05-24T08:53:57","date_gmt":"2022-05-24T07:53:57","guid":{"rendered":"https:\/\/phasak.com\/basic\/"},"modified":"2026-03-23T10:20:14","modified_gmt":"2026-03-23T09:20:14","slug":"basic","status":"publish","type":"page","link":"https:\/\/phasak.com\/pt-pt\/basic\/","title":{"rendered":"Basic"},"content":{"rendered":"\n<div class=\"wp-block-essential-blocks-advanced-heading  root-eb-advance-heading-nclrt\"><div class=\"eb-parent-wrapper eb-parent-eb-advance-heading-nclrt \"><div class=\"eb-advance-heading-wrapper eb-advance-heading-nclrt button-1 waviy\" data-id=\"eb-advance-heading-nclrt\"><h2 class=\"eb-ah-title\"><span class=\"first-title\">S\u00e9rie Basic<\/span><\/h2><\/div><\/div><\/div>\n\n\n<div class=\"root-eb-woo-product-carousel-74om7 wp-block-essential-blocks-pro-woo-product-carousel\">\n    <div class=\"eb-parent-wrapper eb-parent-eb-woo-product-carousel-74om7\">\n        <div class=\"eb-woo-product-carousel-74om7 eb-product-carousel-preset-3  slick-arrows equal-height dot-style-default eb-product-carousel-wrap\"\n            data-id=\"eb-woo-product-carousel-74om7\" data-querydata=\"{&quot;per_page&quot;:&quot;3&quot;,&quot;offset&quot;:&quot;0&quot;,&quot;source&quot;:&quot;products&quot;,&quot;rest_base&quot;:&quot;products&quot;,&quot;rest_namespace&quot;:&quot;wc\\\/v3&quot;,&quot;query_type&quot;:&quot;custom_query&quot;,&quot;product&quot;:&quot;[{\\&quot;label\\&quot;:\\&quot;Current Product\\&quot;,\\&quot;value\\&quot;:\\&quot;current_product\\&quot;}]&quot;,&quot;exclude_ids&quot;:[],&quot;category&quot;:[],&quot;tag&quot;:[],&quot;excludeCategory&quot;:[],&quot;excludeTag&quot;:[],&quot;orderby&quot;:&quot;id&quot;,&quot;order&quot;:&quot;asc&quot;,&quot;include&quot;:&quot;3858,3873&quot;,&quot;exclude&quot;:[]}\"\n            data-slidersettings=\"{&quot;centerMode&quot;:false,&quot;arrows&quot;:true,&quot;dots&quot;:false,&quot;autoplaySpeed&quot;:3000,&quot;speed&quot;:500,&quot;autoplay&quot;:true,&quot;infinite&quot;:true,&quot;pauseOnHover&quot;:true,&quot;slideToShowRange&quot;:2,&quot;TABslideToShowRange&quot;:2,&quot;MOBslideToShowRange&quot;:1,&quot;carouselPreset&quot;:&quot;preset-3&quot;}\"\n            data-attributes=\"{&quot;carouselPreset&quot;:&quot;preset-3&quot;,&quot;saleBadgeAlign&quot;:&quot;align-left&quot;,&quot;saleText&quot;:&quot;sale&quot;,&quot;showRating&quot;:false,&quot;ratingStyle&quot;:&quot;star&quot;,&quot;showPrice&quot;:true,&quot;showSaleBadge&quot;:true,&quot;showCategory&quot;:false,&quot;isCustomCartBtn&quot;:false,&quot;simpleCartText&quot;:&quot;Buy Now&quot;,&quot;variableCartText&quot;:&quot;Select Options&quot;,&quot;groupedCartText&quot;:&quot;View Products&quot;,&quot;externalCartText&quot;:&quot;Buy Now&quot;,&quot;defaultCartText&quot;:&quot;Read More&quot;,&quot;buttonText&quot;:&quot;View Product&quot;,&quot;dotPreset&quot;:&quot;dot-style-default&quot;,&quot;adaptiveHeight&quot;:true,&quot;imageSize&quot;:&quot;full&quot;,&quot;sectionTitle&quot;:&quot;Popular Products&quot;,&quot;showBlockContent&quot;:true,&quot;titleTag&quot;:&quot;h3&quot;}\">\n            <div class=\"eb-product-carousel\"> <div class=\"eb-product-carousel-item\">\n        <div class=\"eb-product-carousel-item-inner\">\n                        <div class=\"eb-woo-product-image-wrapper\">\n                <div class=\"eb-woo-product-image\">\n                    <a href=\"https:\/\/phasak.com\/pt-pt\/catalogo\/ups-phasak-basic-interativo-600-va-ph-9406\/\" class=\"eb-woo-product-image-link\">\n                                                    <span class=\"eb-woo-product-overlay\"><\/span>\n                                                <img loading=\"lazy\" decoding=\"async\" width=\"1000\" height=\"1000\" src=\"https:\/\/phasak.com\/wp-content\/uploads\/1-Serie-Basic-PHASAK-PH-9406-SAI-UPS-Interactivo-1-2.png\" class=\"attachment-full size-full\" alt=\"UPS PHASAK Basic Interativo 600 VA - PH 9406\" title=\"\">                    <\/a>\n                                    <\/div>\n            <\/div>\n                            <div class=\"eb-woo-product-content-wrapper\">\n                    <div class=\"eb-woo-product-content\">\n                                                    <h3 class=\"eb-woo-product-title\">\n    <a href=\"https:\/\/phasak.com\/pt-pt\/catalogo\/ups-phasak-basic-interativo-600-va-ph-9406\/\">\n        UPS PHASAK Basic Interativo 600 VA &#8211; PH 9406    <\/a>\n<\/h3>\n                                                        <div class=\"eb-woo-product-pricing-wrap\">\n                                <p class=\"eb-woo-product-price\">\n\t<\/p>\n\n                            <\/div>\n                                                    <div class=\"eb-woo-product-button-list\">\n    \t<span id=\"woocommerce_loop_add_to_cart_link_describedby_12042\" class=\"screen-reader-text\">\n\t\t\t<\/span>\n\n    <\/div>                    <\/div>\n                <\/div>\n                                <\/div>\n    <\/div>\n <div class=\"eb-product-carousel-item\">\n        <div class=\"eb-product-carousel-item-inner\">\n                        <div class=\"eb-woo-product-image-wrapper\">\n                <div class=\"eb-woo-product-image\">\n                    <a href=\"https:\/\/phasak.com\/pt-pt\/catalogo\/ups-phasak-basic-interativo-800-va-ph-9408\/\" class=\"eb-woo-product-image-link\">\n                                                    <span class=\"eb-woo-product-overlay\"><\/span>\n                                                <img loading=\"lazy\" decoding=\"async\" width=\"1000\" height=\"1000\" src=\"https:\/\/phasak.com\/wp-content\/uploads\/1-Serie-Basic-PHASAK-PH-9408-SAI-UPS-Interactivo.png\" class=\"attachment-full size-full\" alt=\"UPS Phasak Basic Interativo 800 VA - PH 9408\" title=\"\">                    <\/a>\n                                    <\/div>\n            <\/div>\n                            <div class=\"eb-woo-product-content-wrapper\">\n                    <div class=\"eb-woo-product-content\">\n                                                    <h3 class=\"eb-woo-product-title\">\n    <a href=\"https:\/\/phasak.com\/pt-pt\/catalogo\/ups-phasak-basic-interativo-800-va-ph-9408\/\">\n        UPS Phasak Basic Interativo 800 VA &#8211; PH 9408    <\/a>\n<\/h3>\n                                                        <div class=\"eb-woo-product-pricing-wrap\">\n                                <p class=\"eb-woo-product-price\">\n\t<\/p>\n\n                            <\/div>\n                                                    <div class=\"eb-woo-product-button-list\">\n    \t<span id=\"woocommerce_loop_add_to_cart_link_describedby_12072\" class=\"screen-reader-text\">\n\t\t\t<\/span>\n\n    <\/div>                    <\/div>\n                <\/div>\n                                <\/div>\n    <\/div>\n<\/div>                                <\/div>\n    <\/div>\n<\/div>\n\n\n<div class=\"wp-block-columns alignwide is-layout-flex wp-container-core-columns-is-layout-9d6595d7 wp-block-columns-is-layout-flex\">\n<div class=\"wp-block-column is-vertically-aligned-center is-layout-flow wp-block-column-is-layout-flow\">\n<div class=\"wp-block-essential-blocks-text  root-eb-text-1r3k8\"><div class=\"eb-parent-wrapper eb-parent-eb-text-1r3k8 \"><div class=\"eb-text-wrapper eb-text-1r3k8\" data-id=\"eb-text-1r3k8\"><h2 class=\"eb-text\"><strong>Protecci\u00f3n para tus dispositivos electr\u00f3nicos<\/strong><\/h2><\/div><\/div><\/div>\n\n\n\n<p class=\"has-text-align-left has-medium-font-size\">A <strong>S\u00e9rie Basic da PHASAK<\/strong> foi concebida para oferecer uma <strong>prote\u00e7\u00e3o integral e eficiente<\/strong> a equipamentos eletr\u00f3nicos sens\u00edveis. Com modelos de <strong>600 VA e 800 VA<\/strong>, esta s\u00e9rie \u00e9 a op\u00e7\u00e3o ideal para proteger <strong>PCs, consolas de videojogos, sistemas de ilumina\u00e7\u00e3o LED, centrais telef\u00f3nicas e solu\u00e7\u00f5es de dom\u00f3tica<\/strong>, assegurando um desempenho est\u00e1vel e seguro em todos os momentos. <\/p>\n\n\n\n<p class=\"has-text-align-left has-medium-font-size\">Com tecnologia <strong>interativa e controlo por microprocessador<\/strong>, os modelos da s\u00e9rie Basic ajustam automaticamente as varia\u00e7\u00f5es de tens\u00e3o para proporcionar uma alimenta\u00e7\u00e3o constante, evitando danos por <strong>picos de tens\u00e3o, sobrecargas e curto-circuitos<\/strong>.<\/p>\n\n\n\n<p class=\"has-text-align-left has-medium-font-size\">Gra\u00e7as \u00e0 sua <strong>tecnologia interativa com Regulador Autom\u00e1tico de Tens\u00e3o (AVR)<\/strong>, o UPS <strong>corrige varia\u00e7\u00f5es de tens\u00e3o<\/strong> sem recorrer \u00e0 bateria, otimizando a sua vida \u00fatil e garantindo um fornecimento est\u00e1vel<\/p>\n<\/div>\n\n\n\n<div class=\"wp-block-column is-layout-flow wp-block-column-is-layout-flow\">\n<div class=\"wp-block-essential-blocks-feature-list  root-eb-feature-list-wz4wx\"><div class=\"eb-parent-wrapper eb-parent-eb-feature-list-wz4wx eb_animation eb___animated eb___fadeInUp\"><div class=\"eb-feature-list-wz4wx eb-feature-list-wrapper eb-icon-position-left eb-tablet-icon-position-left eb-mobile-icon-position-left eb-feature-list-left\"><ul class=\"eb-feature-list-items circle stacked\"><li class=\"eb-feature-list-item\" data-new-tab=\"false\" data-icon-type=\"icon\" data-icon=\"fas fa-ranking-star\" data-icon-color=\"\" data-link=\"\" data-show-badge=\"false\"><div class=\"eb-feature-list-icon-box\"><div class=\"eb-feature-list-icon-inner \"><span class=\"eb-feature-list-icon\" style=\"color:\"><i icon=\"fas fa-ranking-star\" class=\"fas fa-ranking-star \"><\/i><\/span><\/div><\/div><div class=\"eb-feature-list-content-box\"><div class=\"eb-feature-list-title-wrapper\"><h3 class=\"eb-feature-list-title\">Regulador Autom\u00e1tico de Tens\u00e3o (AVR) <\/h3><\/div><p class=\"eb-feature-list-content\">Ajusta as varia\u00e7\u00f5es de tens\u00e3o para proporcionar uma tens\u00e3o est\u00e1vel aos dispositivos ligados, essencial para prevenir danos por sobretens\u00f5es ou quedas de tens\u00e3o.<\/p><\/div><\/li><li class=\"eb-feature-list-item\" data-new-tab=\"false\" data-icon-type=\"icon\" data-icon=\"fas fa-car-battery\" data-icon-color=\"\" data-link=\"\" data-show-badge=\"false\"><div class=\"eb-feature-list-icon-box\"><div class=\"eb-feature-list-icon-inner \"><span class=\"eb-feature-list-icon\" style=\"color:\"><i icon=\"fas fa-car-battery\" class=\"fas fa-car-battery \"><\/i><\/span><\/div><\/div><div class=\"eb-feature-list-content-box\"><div class=\"eb-feature-list-title-wrapper\"><h3 class=\"eb-feature-list-title\">Back-up Contra Sobretens\u00e3o<\/h3><\/div><p class=\"eb-feature-list-content\">Oferece uma fonte de alimenta\u00e7\u00e3o de reserva em caso de cortes de energia, permitindo que os dispositivos essenciais continuem a funcionar sem interrup\u00e7\u00f5es.<\/p><\/div><\/li><li class=\"eb-feature-list-item\" data-new-tab=\"false\" data-icon-type=\"icon\" data-icon=\"fas fa-bolt-lightning\" data-icon-color=\"\" data-link=\"\" data-show-badge=\"false\"><div class=\"eb-feature-list-icon-box\"><div class=\"eb-feature-list-icon-inner \"><span class=\"eb-feature-list-icon\" style=\"color:\"><i icon=\"fas fa-bolt-lightning\" class=\"fas fa-bolt-lightning \"><\/i><\/span><\/div><\/div><div class=\"eb-feature-list-content-box\"><div class=\"eb-feature-list-title-wrapper\"><h3 class=\"eb-feature-list-title\">Prote\u00e7\u00e3o Contra Sobretens\u00e3o<\/h3><\/div><p class=\"eb-feature-list-content\">Defende os equipamentos ligados contra picos de tens\u00e3o, protegendo-os de poss\u00edveis danos.<\/p><\/div><\/li><li class=\"eb-feature-list-item\" data-new-tab=\"false\" data-icon-type=\"icon\" data-icon=\"fas fa-stopwatch-20\" data-icon-color=\"\" data-link=\"\" data-show-badge=\"false\"><div class=\"eb-feature-list-icon-box\"><div class=\"eb-feature-list-icon-inner \"><span class=\"eb-feature-list-icon\" style=\"color:\"><i icon=\"fas fa-stopwatch-20\" class=\"fas fa-stopwatch-20 \"><\/i><\/span><\/div><\/div><div class=\"eb-feature-list-content-box\"><div class=\"eb-feature-list-title-wrapper\"><h3 class=\"eb-feature-list-title\">Rein\u00edcio Autom\u00e1tico<\/h3><\/div><p class=\"eb-feature-list-content\">Restabelece automaticamente a alimenta\u00e7\u00e3o dos dispositivos ligados ap\u00f3s uma interrup\u00e7\u00e3o de energia, assim que o fornecimento el\u00e9trico \u00e9 restaurado<\/p><\/div><\/li><li class=\"eb-feature-list-item\" data-new-tab=\"false\" data-icon-type=\"icon\" data-icon=\"fas fa-battery-half\" data-icon-color=\"\" data-link=\"\" data-show-badge=\"false\"><div class=\"eb-feature-list-icon-box\"><div class=\"eb-feature-list-icon-inner \"><span class=\"eb-feature-list-icon\" style=\"color:\"><i icon=\"fas fa-battery-half\" class=\"fas fa-battery-half \"><\/i><\/span><\/div><\/div><div class=\"eb-feature-list-content-box\"><div class=\"eb-feature-list-title-wrapper\"><h3 class=\"eb-feature-list-title\">Recarga Autom\u00e1tica<\/h3><\/div><p class=\"eb-feature-list-content\">As baterias do UPS s\u00e3o recarregadas automaticamente ap\u00f3s um corte de energia, assegurando a sua disponibilidade para o pr\u00f3ximo uso<\/p><\/div><\/li><li class=\"eb-feature-list-item\" data-new-tab=\"false\" data-icon-type=\"icon\" data-icon=\"far fa-snowflake\" data-icon-color=\"\" data-link=\"\" data-show-badge=\"false\"><div class=\"eb-feature-list-icon-box\"><div class=\"eb-feature-list-icon-inner \"><span class=\"eb-feature-list-icon\" style=\"color:\"><i icon=\"far fa-snowflake\" class=\"far fa-snowflake \"><\/i><\/span><\/div><\/div><div class=\"eb-feature-list-content-box\"><div class=\"eb-feature-list-title-wrapper\"><h3 class=\"eb-feature-list-title\">Arranque a Frio e Carga Fora de Linha<\/h3><\/div><p class=\"eb-feature-list-content\">Permite que o UPS seja ativado e forne\u00e7a energia aos dispositivos ligados mesmo sem corrente el\u00e9trica, proporcionando uma prote\u00e7\u00e3o adicional durante apag\u00f5es.<\/p><\/div><\/li><li class=\"eb-feature-list-item\" data-new-tab=\"false\" data-icon-type=\"icon\" data-icon=\"far fa-lightbulb\" data-icon-color=\"\" data-link=\"\" data-show-badge=\"false\"><div class=\"eb-feature-list-icon-box\"><div class=\"eb-feature-list-icon-inner \"><span class=\"eb-feature-list-icon\" style=\"color:\"><i icon=\"far fa-lightbulb\" class=\"far fa-lightbulb \"><\/i><\/span><\/div><\/div><div class=\"eb-feature-list-content-box\"><div class=\"eb-feature-list-title-wrapper\"><h3 class=\"eb-feature-list-title\">Indicador de Estado LED<\/h3><\/div><p class=\"eb-feature-list-content\">Facilita a monitoriza\u00e7\u00e3o do estado e do desempenho do UPS atrav\u00e9s de indicadores visuais.<\/p><\/div><\/li><\/ul><\/div><\/div><\/div>\n<\/div>\n<\/div>\n\n\n\n<div style=\"height:74px\" aria-hidden=\"true\" class=\"wp-block-spacer\"><\/div>\n\n\n<div class=\"wp-block-image\">\n<figure class=\"aligncenter size-large is-resized\"><img loading=\"lazy\" decoding=\"async\" width=\"1024\" height=\"628\" src=\"https:\/\/phasak.com\/wp-content\/uploads\/BASIC-1024x628.webp\" alt=\"\u2013\" class=\"wp-image-10217\" style=\"width:979px;height:auto\" title=\"\" srcset=\"https:\/\/phasak.com\/wp-content\/uploads\/BASIC-1024x628.webp 1024w, https:\/\/phasak.com\/wp-content\/uploads\/BASIC-400x245.webp 400w, https:\/\/phasak.com\/wp-content\/uploads\/BASIC-300x184.webp 300w, https:\/\/phasak.com\/wp-content\/uploads\/BASIC-768x471.webp 768w, https:\/\/phasak.com\/wp-content\/uploads\/BASIC-1536x941.webp 1536w, https:\/\/phasak.com\/wp-content\/uploads\/BASIC-2048x1255.webp 2048w\" sizes=\"auto, (max-width: 1024px) 100vw, 1024px\" \/><\/figure>\n<\/div>","protected":false},"excerpt":{"rendered":"<p>A s\u00e9rie Basic oferece prote\u00e7\u00e3o fi\u00e1vel e econ\u00f3mica para PCs, TPVs e routers. Com AVR e comuta\u00e7\u00e3o r\u00e1pida, evita perdas de dados e rein\u00edcios inesperados. <\/p>\n","protected":false},"author":1,"featured_media":5367,"parent":0,"menu_order":0,"comment_status":"closed","ping_status":"closed","template":"","meta":{"_eb_attr":"","_eb_data_table":"","_kad_post_transparent":"","_kad_post_title":"","_kad_post_layout":"","_kad_post_sidebar_id":"","_kad_post_content_style":"","_kad_post_vertical_padding":"","_kad_post_feature":"","_kad_post_feature_position":"","_kad_post_header":false,"_kad_post_footer":false,"_kad_post_classname":"","footnotes":""},"class_list":["post-12929","page","type-page","status-publish","has-post-thumbnail","hentry"],"_links":{"self":[{"href":"https:\/\/phasak.com\/pt-pt\/wp-json\/wp\/v2\/pages\/12929","targetHints":{"allow":["GET"]}}],"collection":[{"href":"https:\/\/phasak.com\/pt-pt\/wp-json\/wp\/v2\/pages"}],"about":[{"href":"https:\/\/phasak.com\/pt-pt\/wp-json\/wp\/v2\/types\/page"}],"author":[{"embeddable":true,"href":"https:\/\/phasak.com\/pt-pt\/wp-json\/wp\/v2\/users\/1"}],"replies":[{"embeddable":true,"href":"https:\/\/phasak.com\/pt-pt\/wp-json\/wp\/v2\/comments?post=12929"}],"version-history":[{"count":3,"href":"https:\/\/phasak.com\/pt-pt\/wp-json\/wp\/v2\/pages\/12929\/revisions"}],"predecessor-version":[{"id":13300,"href":"https:\/\/phasak.com\/pt-pt\/wp-json\/wp\/v2\/pages\/12929\/revisions\/13300"}],"wp:featuredmedia":[{"embeddable":true,"href":"https:\/\/phasak.com\/pt-pt\/wp-json\/wp\/v2\/media\/5367"}],"wp:attachment":[{"href":"https:\/\/phasak.com\/pt-pt\/wp-json\/wp\/v2\/media?parent=12929"}],"curies":[{"name":"wp","href":"https:\/\/api.w.org\/{rel}","templated":true}]}}